{"id":27715,"date":"2022-01-07T18:09:43","date_gmt":"2023-10-23T11:49:49","guid":{"rendered":"https:\/\/www.filex.nl\/product\/galaxy-bladklem-bladdoorvoer-topdown\/"},"modified":"2025-01-24T22:04:02","modified_gmt":"2025-01-24T22:04:02","slug":"pince-de-plateau-topdown-passe-cables-galaxy","status":"publish","type":"product","link":"https:\/\/www.filex.nl\/fr\/produit\/pince-de-plateau-topdown-passe-cables-galaxy\/","title":{"rendered":"Pince de plateau Topdown\/passe-c\u00e2bles Galaxy"},"content":{"rendered":"<p>Pince de plateau Topdown Filex Galaxy avec passe-c\u00e2bles ! La solution parfaite si vous voulez rester flexible dans chaque implantation et configuration que vous imaginez. Le montage se fait par le dessus ! Vous voulez installer un poteau sur la pince ? Aucun probl\u00e8me ! Ou bien voulez-vous tout simplement installer un \u00e9l\u00e9ment de bras du Galaxy directement sur votre pince ? C&#8217;est tr\u00e8s vite r\u00e9gl\u00e9 si vous y ajoutez l&#8217;Adapter Galaxy !<\/p>\n","protected":false},"excerpt":{"rendered":"<p>Pince de plateau Topdown Filex Galaxy avec passe-c\u00e2bles ! La solution parfaite si vous voulez rester flexible avec chaque implantation et configuration possible et imaginable. Se monte \u00e9galement par le dessus ! Vous voulez installer un poteau sur la pince ? Aucun probl\u00e8me ! Ou bien voulez-vous monter un \u00e9l\u00e9ment de bras du Galaxy directement sur votre pince\/passe-c\u00e2bles ? C&#8217;est tr\u00e8s vite r\u00e9gl\u00e9 si vous y ajoutez l&#8217;Adapter Galaxy !<\/p>\n","protected":false},"featured_media":19316,"template":"","meta":{"_acf_changed":false},"product_brand":[],"product_cat":[623,534,651],"product_tag":[],"class_list":{"0":"post-27715","1":"product","2":"type-product","3":"status-publish","4":"has-post-thumbnail","6":"product_cat-galaxy-onderdelen-fr","7":"product_cat-fixations-et-options","8":"product_cat-galaxy-serie-fr","9":"pa_kleur-argent","10":"pa_kleur-blanc","11":"pa_kleur-noir","13":"first","14":"instock","15":"shipping-taxable","16":"purchasable","17":"product-type-variable","18":"has-default-attributes"},"acf":[],"_links":{"self":[{"href":"https:\/\/www.filex.nl\/fr\/wp-json\/wp\/v2\/product\/27715","targetHints":{"allow":["GET"]}}],"collection":[{"href":"https:\/\/www.filex.nl\/fr\/wp-json\/wp\/v2\/product"}],"about":[{"href":"https:\/\/www.filex.nl\/fr\/wp-json\/wp\/v2\/types\/product"}],"wp:featuredmedia":[{"embeddable":true,"href":"https:\/\/www.filex.nl\/fr\/wp-json\/wp\/v2\/media\/19316"}],"wp:attachment":[{"href":"https:\/\/www.filex.nl\/fr\/wp-json\/wp\/v2\/media?parent=27715"}],"wp:term":[{"taxonomy":"product_brand","embeddable":true,"href":"https:\/\/www.filex.nl\/fr\/wp-json\/wp\/v2\/product_brand?post=27715"},{"taxonomy":"product_cat","embeddable":true,"href":"https:\/\/www.filex.nl\/fr\/wp-json\/wp\/v2\/product_cat?post=27715"},{"taxonomy":"product_tag","embeddable":true,"href":"https:\/\/www.filex.nl\/fr\/wp-json\/wp\/v2\/product_tag?post=27715"}],"curies":[{"name":"wp","href":"https:\/\/api.w.org\/{rel}","templated":true}]}}