{"id":27743,"date":"2022-01-07T18:09:36","date_gmt":"2023-10-23T11:50:00","guid":{"rendered":"https:\/\/www.filex.nl\/product\/galaxy-universele-toolbar-wandklem\/"},"modified":"2025-01-24T22:04:25","modified_gmt":"2025-01-24T22:04:25","slug":"toolbar-pince-murale-universelle-galaxy","status":"publish","type":"product","link":"https:\/\/www.filex.nl\/fr\/produit\/toolbar-pince-murale-universelle-galaxy\/","title":{"rendered":"Toolbar\/Pince murale universelle Galaxy"},"content":{"rendered":"<p>La Toolbar\/Pince murale universelle Filex Galaxy ! Polyvalente, tant pour une fixation sur un mur que sur une paroi, mais aussi sur la Toolbar Galaxy (num\u00e9ros d&#8217;articles : 809506, 809507 et 809508) !<\/p>\n<p>Gr\u00e2ce au design universel de ce produit, vous pouvez placer directement tous les \u00e9l\u00e9ments de bras de la famille Galaxy. Il s&#8217;agit des \u00e9l\u00e9ments de bras avec les num\u00e9ros d&#8217;articles de 809470 \u00e0 809492 inclus. Par cons\u00e9quent, que vous choisissiez des \u00e9l\u00e9ments de bras Galaxy statiques, droits ou inclin\u00e9s, ou un \u00e9l\u00e9ment de bras \u00e0 v\u00e9rin \u00e0 gaz dynamique, vous pouvez tout utiliser !<\/p>\n<p>Apr\u00e8s avoir positionn\u00e9 l&#8217;\u00e9l\u00e9ment de bras de votre choix, il ne vous reste plus qu&#8217;\u00e0 choisir une t\u00eate VESA Galaxy (num\u00e9ros d&#8217;articles : 809464, 809465 ou 809466) et vous pouvez placer vos moniteurs directement o\u00f9 vous voulez au moyen du syst\u00e8me de fixation Quick Release.<\/p>\n<p>Plut\u00f4t qu&#8217;un \u00e9l\u00e9ment de bras, vous pr\u00e9f\u00e9rez directement une t\u00eate VESA pour y placer vos moniteurs ? Ce n\u2019est pas un probl\u00e8me! Vous pouvez aussi d\u00e9monter la pince pour une utilisation sur votre mur ou monter directement sur une paroi.<\/p>\n","protected":false},"excerpt":{"rendered":"<p>Toolbar\/Pince murale universelle Filex Galaxy ! Vous aimeriez un bras de moniteur pouvant \u00eatre fix\u00e9 sur tous les murs ou parois ? Ou pouvoir fixer vos moniteurs sur votre Toolbar Galaxy ? Dans ce cas, voici le produit qu&#8217;il vous faut ! Cette Toolbar\/Pince murale universelle Galaxy vous permet de fixer votre bras de moniteur Galaxy comme vous le souhaitez !<\/p>\n","protected":false},"featured_media":15439,"template":"","meta":{"_acf_changed":false},"product_brand":[],"product_cat":[623,534,651,654,662],"product_tag":[],"class_list":{"0":"post-27743","1":"product","2":"type-product","3":"status-publish","4":"has-post-thumbnail","6":"product_cat-galaxy-onderdelen-fr","7":"product_cat-fixations-et-options","8":"product_cat-galaxy-serie-fr","9":"product_cat-galaxy-toolbars-fr","10":"product_cat-toolbars","11":"pa_kleur-argent","12":"pa_kleur-blanc","13":"pa_kleur-noir","15":"first","16":"instock","17":"shipping-taxable","18":"purchasable","19":"product-type-variable","20":"has-default-attributes"},"acf":[],"_links":{"self":[{"href":"https:\/\/www.filex.nl\/fr\/wp-json\/wp\/v2\/product\/27743","targetHints":{"allow":["GET"]}}],"collection":[{"href":"https:\/\/www.filex.nl\/fr\/wp-json\/wp\/v2\/product"}],"about":[{"href":"https:\/\/www.filex.nl\/fr\/wp-json\/wp\/v2\/types\/product"}],"wp:featuredmedia":[{"embeddable":true,"href":"https:\/\/www.filex.nl\/fr\/wp-json\/wp\/v2\/media\/15439"}],"wp:attachment":[{"href":"https:\/\/www.filex.nl\/fr\/wp-json\/wp\/v2\/media?parent=27743"}],"wp:term":[{"taxonomy":"product_brand","embeddable":true,"href":"https:\/\/www.filex.nl\/fr\/wp-json\/wp\/v2\/product_brand?post=27743"},{"taxonomy":"product_cat","embeddable":true,"href":"https:\/\/www.filex.nl\/fr\/wp-json\/wp\/v2\/product_cat?post=27743"},{"taxonomy":"product_tag","embeddable":true,"href":"https:\/\/www.filex.nl\/fr\/wp-json\/wp\/v2\/product_tag?post=27743"}],"curies":[{"name":"wp","href":"https:\/\/api.w.org\/{rel}","templated":true}]}}