{"id":27755,"date":"2022-01-07T18:09:35","date_gmt":"2023-10-23T11:50:50","guid":{"rendered":"https:\/\/www.filex.nl\/product\/galaxy-vesa-kop-voor-crossbar\/"},"modified":"2025-09-06T21:19:03","modified_gmt":"2025-09-06T21:19:03","slug":"tete-vesa-galaxy-pour-crossbar","status":"publish","type":"product","link":"https:\/\/www.filex.nl\/fr\/produit\/tete-vesa-galaxy-pour-crossbar\/","title":{"rendered":"T\u00eate VESA Galaxy pour Crossbar"},"content":{"rendered":"<p>La t\u00eate VESA Filex Galaxy : \u00e0 utiliser avec une Crossbar ! La touche finale pour votre bras de moniteur ! Vous avez con\u00e7u et imagin\u00e9 une jolie configuration Galaxy mais vous aimeriez utiliser une Crossbar pour avoir disposer d&#8217;une extension esth\u00e9tique et stable pouvant recevoir 2 moniteurs ?<\/p>\n<p>La t\u00eate VESA (75 x 75 en 100 x 100) est con\u00e7ue sp\u00e9cialement pour une utilisationavec une Crossbar (pour \u00e9tendre \u00e0 2 \u00e9crans). Gr\u00e2ce \u00e0 l&#8217;utilisation de cette t\u00eate VESA, vous pouvez accrocher vos moniteurs l&#8217;esprit tranquille, sans que la t\u00eate VESA ne s&#8217;affaisse. <\/p>\n<p>La t\u00eate VESA se monte directement sur le Connector brevet\u00e9, sur les \u00e9l\u00e9ments de bras statiques (droits et inclin\u00e9s), sur les \u00e9l\u00e9ments de bras \u00e0 v\u00e9rin \u00e0 gaz dynamiques et s&#8217;utilise pour monter vos moniteurs, votre Crossbar, votre unit\u00e9 centrale Thin Client, ainsi que vos supports d&#8217;ordinateur portable et de tablette. Utiliser cette t\u00eate VESA, c&#8217;est opter pour la s\u00e9curit\u00e9 et la stabilit\u00e9 !<\/p>\n","protected":false},"excerpt":{"rendered":"<p>T\u00eate VESA Filex Galaxy  : \u00e0 utiliser avec une Crossbar ! La pi\u00e8ce finale indispensable \u00e0 placer sur les \u00e9l\u00e9ments de bras ou sur le Connector du bras  modulaire Filex Galaxy. Celle qui recevra la Crossbar de votre choix ! Cette t\u00eate VESA vous permet facilement d&#8217;aggrandir votre bras  pour 1 \u00e9cran vers un bras pouvant recevoir 2 \u00e9crans. Il ne vous reste plus qu&#8217;\u00e0 faire l&#8217;acquisition d&#8217;une Crossbar !<\/p>\n","protected":false},"featured_media":61304,"template":"","meta":{"_acf_changed":false},"product_brand":[],"product_cat":[623,534,651],"product_tag":[],"class_list":{"0":"post-27755","1":"product","2":"type-product","3":"status-publish","4":"has-post-thumbnail","6":"product_cat-galaxy-onderdelen-fr","7":"product_cat-fixations-et-options","8":"product_cat-galaxy-serie-fr","9":"pa_kleur-argent","10":"pa_kleur-blanc","12":"first","13":"instock","14":"shipping-taxable","15":"purchasable","16":"product-type-variable"},"acf":[],"_links":{"self":[{"href":"https:\/\/www.filex.nl\/fr\/wp-json\/wp\/v2\/product\/27755","targetHints":{"allow":["GET"]}}],"collection":[{"href":"https:\/\/www.filex.nl\/fr\/wp-json\/wp\/v2\/product"}],"about":[{"href":"https:\/\/www.filex.nl\/fr\/wp-json\/wp\/v2\/types\/product"}],"wp:featuredmedia":[{"embeddable":true,"href":"https:\/\/www.filex.nl\/fr\/wp-json\/wp\/v2\/media\/61304"}],"wp:attachment":[{"href":"https:\/\/www.filex.nl\/fr\/wp-json\/wp\/v2\/media?parent=27755"}],"wp:term":[{"taxonomy":"product_brand","embeddable":true,"href":"https:\/\/www.filex.nl\/fr\/wp-json\/wp\/v2\/product_brand?post=27755"},{"taxonomy":"product_cat","embeddable":true,"href":"https:\/\/www.filex.nl\/fr\/wp-json\/wp\/v2\/product_cat?post=27755"},{"taxonomy":"product_tag","embeddable":true,"href":"https:\/\/www.filex.nl\/fr\/wp-json\/wp\/v2\/product_tag?post=27755"}],"curies":[{"name":"wp","href":"https:\/\/api.w.org\/{rel}","templated":true}]}}