{"id":27759,"date":"2022-01-07T18:09:35","date_gmt":"2023-10-23T11:50:54","guid":{"rendered":"https:\/\/www.filex.nl\/product\/galaxy-elektrificatie-houder\/"},"modified":"2025-01-24T22:04:44","modified_gmt":"2025-01-24T22:04:44","slug":"support-delectrification-galaxy","status":"publish","type":"product","link":"https:\/\/www.filex.nl\/fr\/produit\/support-delectrification-galaxy\/","title":{"rendered":"Support d&#8217;\u00e9lectrification Galaxy"},"content":{"rendered":"<p>Pince d&#8217;\u00e9lectrification put-on Filex Galaxy ! Vous aimez avoir toute l&#8217;\u00e9lectrification n\u00e9cessaire \u00e0 port\u00e9e de main sur votre poste de travail ? \u00c9vitez de percer ou de fraiser dans votre joli bureau et optez pour la simplicit\u00e9 et le confort en montant toutes vos fiches d&#8217;alimentation sur votre bras  Filex Galaxy gr\u00e2ce \u00e0 notre s\u00e9rie Filex Desk Up\u00ae 1.0.<\/p>\n<p>L&#8217;utilisation de cette pince d&#8217;\u00e9lectrification Galaxy vous permet de monter toutes les unit\u00e9s d&#8217;\u00e9lectrification Filex Desk Up\u00ae 1.0 sur le poteau Glaxy tout en restant flexible dans vos besoins d&#8217;\u00e9lectrifier chaque poste de travail. <\/p>\n<p>Vous pr\u00e9f\u00e9rez fixer l&#8217;\u00e9lectrification sur votre bureau plut\u00f4t que sur votre bras support d&#8217;\u00e9cran? C&#8217;est aussi possible avec les variantes Filex Desk Up\u00ae 1.0 et 2.0. Livrable en finition blanc, aluminium et noir.<\/p>\n<p>Attention : l&#8217;unit\u00e9 d&#8217;\u00e9lectrification n&#8217;est pas comprise en achetant cette pince.<\/p>\n","protected":false},"excerpt":{"rendered":"<p>Pince d&#8217;\u00e9lectrification Filex Galaxy ! \u00c9lectrifier votre poste de travail n&#8217;a encore jamais \u00e9t\u00e9 aussi facile ! Gr\u00e2ce \u00e0 cette pince, vous accrochez l&#8217;\u00e9lectrification souhait\u00e9e du Filex Desk Up\u00ae \u00e0 l&#8217;avant de votre bras Galaxy.<\/p>\n","protected":false},"featured_media":54664,"template":"","meta":{"_acf_changed":false},"product_brand":[],"product_cat":[623,534,543,651],"product_tag":[],"class_list":{"0":"post-27759","1":"product","2":"type-product","3":"status-publish","4":"has-post-thumbnail","6":"product_cat-galaxy-onderdelen-fr","7":"product_cat-fixations-et-options","8":"product_cat-support-d-electrification","9":"product_cat-galaxy-serie-fr","10":"pa_kleur-argent","11":"pa_kleur-blanc","12":"pa_kleur-noir","14":"first","15":"instock","16":"shipping-taxable","17":"purchasable","18":"product-type-variable","19":"has-default-attributes"},"acf":[],"_links":{"self":[{"href":"https:\/\/www.filex.nl\/fr\/wp-json\/wp\/v2\/product\/27759","targetHints":{"allow":["GET"]}}],"collection":[{"href":"https:\/\/www.filex.nl\/fr\/wp-json\/wp\/v2\/product"}],"about":[{"href":"https:\/\/www.filex.nl\/fr\/wp-json\/wp\/v2\/types\/product"}],"wp:featuredmedia":[{"embeddable":true,"href":"https:\/\/www.filex.nl\/fr\/wp-json\/wp\/v2\/media\/54664"}],"wp:attachment":[{"href":"https:\/\/www.filex.nl\/fr\/wp-json\/wp\/v2\/media?parent=27759"}],"wp:term":[{"taxonomy":"product_brand","embeddable":true,"href":"https:\/\/www.filex.nl\/fr\/wp-json\/wp\/v2\/product_brand?post=27759"},{"taxonomy":"product_cat","embeddable":true,"href":"https:\/\/www.filex.nl\/fr\/wp-json\/wp\/v2\/product_cat?post=27759"},{"taxonomy":"product_tag","embeddable":true,"href":"https:\/\/www.filex.nl\/fr\/wp-json\/wp\/v2\/product_tag?post=27759"}],"curies":[{"name":"wp","href":"https:\/\/api.w.org\/{rel}","templated":true}]}}