{"id":27787,"date":"2022-01-07T18:09:35","date_gmt":"2023-10-23T11:50:46","guid":{"rendered":"https:\/\/www.filex.nl\/product\/galaxy-gasveer-armdeel\/"},"modified":"2025-01-24T22:05:19","modified_gmt":"2025-01-24T22:05:19","slug":"element-de-bras-verin-a-gaz-galaxy","status":"publish","type":"product","link":"https:\/\/www.filex.nl\/fr\/produit\/element-de-bras-verin-a-gaz-galaxy\/","title":{"rendered":"\u00c9l\u00e9ment de bras v\u00e9rin \u00e0 gaz Galaxy"},"content":{"rendered":"<p>Bras avec v\u00e9rin \u00e0 gaz dynamique de la s\u00e9rie de bras support d&#8217;\u00e9cran modulaires (et circulaires) Filex Galaxy ! L&#8217;ajout de cet \u00e9l\u00e9ment vous permet de modifier facilement la hauteur du bras. Cet \u00e9l\u00e9ment a une longueur de 32 cm et peut \u00eatre \u00e9quip\u00e9 d&#8217;une t\u00eate VESA (ou d&#8217;une t\u00eate VESA pour Crossbar) ou d&#8217;un \u00e9l\u00e9ment droit ou inclin\u00e9 statique. Ainsi, vous aggrandir le bras et l&#8217;utiliser imm\u00e9diatement pour raccorder votre moniteur, Crossbar, support d&#8217;ordinateur portable, support de tablette ou votre unit\u00e9 centrale Thin Client. La capacit\u00e9 de charge est r\u00e9glable de 2 \u00e0 12 kg. <\/p>\n<p>Moins avantageux sur le plan \u00e9conomique, il est bien plus facile d&#8217;utilisation. Vous pr\u00e9f\u00e9rez quand m\u00eame un \u00e9l\u00e9ment de bras droit statique ou un inclin\u00e9 statique ? C&#8217;est possible avec le Filex Galaxy !<\/p>\n<p>Vous pouvez \u00e9galement composer enti\u00e8rement vous-m\u00eame la configuration souhait\u00e9e. Vous pr\u00e9f\u00e9rez un peu d&#8217;aide ? Contactez-nous\u00a0! Nous serons ravis de vous aider \u00e0 faire les bons choix ergonomiques !<\/p>\n","protected":false},"excerpt":{"rendered":"<p>Bras dynamique avec v\u00e9rin \u00e0 gaz Filex Galaxy ! Dirigez-le o\u00f9 vous le voulez ! R\u00e9glez facilement la hauteur de vision parfaite et ergonomique. Indispensable si vous comptez monter et descendre souvent votre ou vos moniteur(s) !<\/p>\n","protected":false},"featured_media":15406,"template":"","meta":{"_acf_changed":false},"product_brand":[],"product_cat":[623,651],"product_tag":[],"class_list":{"0":"post-27787","1":"product","2":"type-product","3":"status-publish","4":"has-post-thumbnail","6":"product_cat-galaxy-onderdelen-fr","7":"product_cat-galaxy-serie-fr","8":"pa_kleur-argent","9":"pa_kleur-blanc","10":"pa_kleur-noir","12":"first","13":"instock","14":"shipping-taxable","15":"purchasable","16":"product-type-variable","17":"has-default-attributes"},"acf":[],"_links":{"self":[{"href":"https:\/\/www.filex.nl\/fr\/wp-json\/wp\/v2\/product\/27787","targetHints":{"allow":["GET"]}}],"collection":[{"href":"https:\/\/www.filex.nl\/fr\/wp-json\/wp\/v2\/product"}],"about":[{"href":"https:\/\/www.filex.nl\/fr\/wp-json\/wp\/v2\/types\/product"}],"wp:featuredmedia":[{"embeddable":true,"href":"https:\/\/www.filex.nl\/fr\/wp-json\/wp\/v2\/media\/15406"}],"wp:attachment":[{"href":"https:\/\/www.filex.nl\/fr\/wp-json\/wp\/v2\/media?parent=27787"}],"wp:term":[{"taxonomy":"product_brand","embeddable":true,"href":"https:\/\/www.filex.nl\/fr\/wp-json\/wp\/v2\/product_brand?post=27787"},{"taxonomy":"product_cat","embeddable":true,"href":"https:\/\/www.filex.nl\/fr\/wp-json\/wp\/v2\/product_cat?post=27787"},{"taxonomy":"product_tag","embeddable":true,"href":"https:\/\/www.filex.nl\/fr\/wp-json\/wp\/v2\/product_tag?post=27787"}],"curies":[{"name":"wp","href":"https:\/\/api.w.org\/{rel}","templated":true}]}}