{"id":27803,"date":"2022-01-07T18:09:34","date_gmt":"2023-10-23T11:50:58","guid":{"rendered":"https:\/\/www.filex.nl\/product\/galaxy-schuin-armdeel\/"},"modified":"2025-01-24T22:05:30","modified_gmt":"2025-01-24T22:05:30","slug":"element-de-bras-incline-galaxy","status":"publish","type":"product","link":"https:\/\/www.filex.nl\/fr\/produit\/element-de-bras-incline-galaxy\/","title":{"rendered":"\u00c9l\u00e9ment de bras inclin\u00e9 Galaxy"},"content":{"rendered":"<p>L&#8217;\u00e9l\u00e9ment de bras inclin\u00e9 statique de la s\u00e9rie de bras de moniteur modulaires (et circulaires) Filex Galaxy ! L&#8217;ajout de cet \u00e9l\u00e9ment vous permet facilement d&#8217;aggrandir votre bras et de le r\u00e9gler dans le bon angle de vision. L&#8217;\u00e9l\u00e9ment a une longueur de 30 cm et peut \u00eatre \u00e9quip\u00e9 d&#8217;une t\u00eate VESA (ou d&#8217;une t\u00eate VESA pour Crossbar), d&#8217;un \u00e9l\u00e9ment de bras \u00e0 v\u00e9rin \u00e0 gaz dynamique ou d&#8217;un \u00e9l\u00e9ment de bras inclin\u00e9 statique. Ainsi, vous pouvez aggrandir le bras, le r\u00e9gler facilement en hauteur et l&#8217;utiliser imm\u00e9diatement pour raccorder votre \u00e9cran, Crossbar, support d&#8217;ordinateur portable, support de tablette ou votre unit\u00e9 centrale Thin Client. Cet \u00e9l\u00e9ment de bras a une capacit\u00e9 de charge jusqu&#8217;\u00e0 12 kg. <\/p>\n<p>\u00c9conomique et facile d&#8217;utilisation ! Au fond, cet \u00e9l\u00e9ment de bras ne pr\u00e9sente que des avantages. Vous pr\u00e9f\u00e9rez quand m\u00eame un \u00e9l\u00e9ment de bras inclin\u00e9 statique ou un \u00e9l\u00e9ment de bras \u00e0 v\u00e9rin \u00e0 gaz dynamique ? C&#8217;est aussi possible !<\/p>\n<p> Vous pouvez \u00e9galement composer enti\u00e8rement vous-m\u00eame la configuration souhait\u00e9e. Vous pr\u00e9f\u00e9rez un peu d&#8217;aide ? Contactez-nous\u00a0! Nous serons ravis de vous aider \u00e0 faire les bons choix ergonomiques !<\/p>\n","protected":false},"excerpt":{"rendered":"<p>El\u00e9ment de bras inclin\u00e9 statique du Filex Galaxy ! Facile \u00e0 utiliser et r\u00e9glable \u00e0 toute hauteur et position souhait\u00e9e associ\u00e9 au Connector Galaxy brevet\u00e9. L&#8217;\u00e9l\u00e9ment de bras droit (rigide) statique pr\u00e9sente non seulement une jolie base, mais est \u00e9galement tr\u00e8s \u00e9conomique !<\/p>\n","protected":false},"featured_media":15397,"template":"","meta":{"_acf_changed":false},"product_brand":[],"product_cat":[623,651],"product_tag":[],"class_list":{"0":"post-27803","1":"product","2":"type-product","3":"status-publish","4":"has-post-thumbnail","6":"product_cat-galaxy-onderdelen-fr","7":"product_cat-galaxy-serie-fr","8":"pa_kleur-argent","9":"pa_kleur-blanc","10":"pa_kleur-noir","12":"first","13":"instock","14":"shipping-taxable","15":"purchasable","16":"product-type-variable","17":"has-default-attributes"},"acf":[],"_links":{"self":[{"href":"https:\/\/www.filex.nl\/fr\/wp-json\/wp\/v2\/product\/27803","targetHints":{"allow":["GET"]}}],"collection":[{"href":"https:\/\/www.filex.nl\/fr\/wp-json\/wp\/v2\/product"}],"about":[{"href":"https:\/\/www.filex.nl\/fr\/wp-json\/wp\/v2\/types\/product"}],"wp:featuredmedia":[{"embeddable":true,"href":"https:\/\/www.filex.nl\/fr\/wp-json\/wp\/v2\/media\/15397"}],"wp:attachment":[{"href":"https:\/\/www.filex.nl\/fr\/wp-json\/wp\/v2\/media?parent=27803"}],"wp:term":[{"taxonomy":"product_brand","embeddable":true,"href":"https:\/\/www.filex.nl\/fr\/wp-json\/wp\/v2\/product_brand?post=27803"},{"taxonomy":"product_cat","embeddable":true,"href":"https:\/\/www.filex.nl\/fr\/wp-json\/wp\/v2\/product_cat?post=27803"},{"taxonomy":"product_tag","embeddable":true,"href":"https:\/\/www.filex.nl\/fr\/wp-json\/wp\/v2\/product_tag?post=27803"}],"curies":[{"name":"wp","href":"https:\/\/api.w.org\/{rel}","templated":true}]}}