{"id":27863,"date":"2022-01-07T18:09:26","date_gmt":"2023-10-23T11:51:21","guid":{"rendered":"https:\/\/www.filex.nl\/product\/galaxy-connector\/"},"modified":"2025-01-24T22:06:52","modified_gmt":"2025-01-24T22:06:52","slug":"connector-galaxy","status":"publish","type":"product","link":"https:\/\/www.filex.nl\/fr\/produit\/connector-galaxy\/","title":{"rendered":"Connector Galaxy"},"content":{"rendered":"<p>Le Connector Galaxy vous permet de monter facilement tous les \u00e9l\u00e9ments de la gamme sur votre poteau Galaxy, simplement en glissant ce Connector dans l&#8217;une des 4 goutti\u00e8res existantes. <\/p>\n<p>Sa fonction et \u00e0 sa conception uniques que nous devons \u00e0 nos designers Filex ont \u00e9t\u00e9 brevet\u00e9s. <\/p>\n<p>Le Connector se r\u00e8gle manuellement en enfon\u00e7ant le bouton Filex situ\u00e9 sur le dessus. Vous choisissez ainsi de mani\u00e8re progressive la hauteur du bras ou de la t\u00eate VESA \u00e0 raccorder. <\/p>\n<p>Le Connector est dot\u00e9 de 3 arr\u00eats \u00e0 de 0 \u00e0 180 degr\u00e9s par pas de 00 degr\u00e9s et peut \u00eatre directement \u00e9quip\u00e9 d&#8217;une t\u00eate VESA, d&#8217;une t\u00eate VESA pour Crossbar, d&#8217;un bras statique (droit ou inclin\u00e9) et\/ou d&#8217;un bras \u00e0 v\u00e9rin \u00e0 gaz dynamique. <\/p>\n<p>Avec ce Connector, faites ce que vous voulez !<\/p>\n","protected":false},"excerpt":{"rendered":"<p>Le Connector Filex Galaxy ! Le compl\u00e9ment indispensable pour assurer le r\u00e9glage de votre bras de moniteur Galaxy ! Le Connector brevet\u00e9 vous permet de r\u00e9gler sur toute hauteur la hauteur de votre \u00e9cran, rien qu&#8217;en appuyant sur le bouton Filex situ\u00e9 sur le dessus !<\/p>\n","protected":false},"featured_media":15379,"template":"","meta":{"_acf_changed":false},"product_brand":[],"product_cat":[623,534,651],"product_tag":[],"class_list":{"0":"post-27863","1":"product","2":"type-product","3":"status-publish","4":"has-post-thumbnail","6":"product_cat-galaxy-onderdelen-fr","7":"product_cat-fixations-et-options","8":"product_cat-galaxy-serie-fr","9":"pa_kleur-argent","10":"pa_kleur-blanc","11":"pa_kleur-noir","13":"first","14":"instock","15":"shipping-taxable","16":"purchasable","17":"product-type-variable","18":"has-default-attributes"},"acf":[],"_links":{"self":[{"href":"https:\/\/www.filex.nl\/fr\/wp-json\/wp\/v2\/product\/27863","targetHints":{"allow":["GET"]}}],"collection":[{"href":"https:\/\/www.filex.nl\/fr\/wp-json\/wp\/v2\/product"}],"about":[{"href":"https:\/\/www.filex.nl\/fr\/wp-json\/wp\/v2\/types\/product"}],"wp:featuredmedia":[{"embeddable":true,"href":"https:\/\/www.filex.nl\/fr\/wp-json\/wp\/v2\/media\/15379"}],"wp:attachment":[{"href":"https:\/\/www.filex.nl\/fr\/wp-json\/wp\/v2\/media?parent=27863"}],"wp:term":[{"taxonomy":"product_brand","embeddable":true,"href":"https:\/\/www.filex.nl\/fr\/wp-json\/wp\/v2\/product_brand?post=27863"},{"taxonomy":"product_cat","embeddable":true,"href":"https:\/\/www.filex.nl\/fr\/wp-json\/wp\/v2\/product_cat?post=27863"},{"taxonomy":"product_tag","embeddable":true,"href":"https:\/\/www.filex.nl\/fr\/wp-json\/wp\/v2\/product_tag?post=27863"}],"curies":[{"name":"wp","href":"https:\/\/api.w.org\/{rel}","templated":true}]}}