{"id":27875,"date":"2022-01-07T18:09:26","date_gmt":"2023-10-23T11:51:29","guid":{"rendered":"https:\/\/www.filex.nl\/product\/galaxy-vesa-kop\/"},"modified":"2025-01-24T22:07:02","modified_gmt":"2025-01-24T22:07:02","slug":"tete-vesa-galaxy","status":"publish","type":"product","link":"https:\/\/www.filex.nl\/fr\/produit\/tete-vesa-galaxy\/","title":{"rendered":"T\u00eate VESA Galaxy"},"content":{"rendered":"<p>La t\u00eate VESA Filex Galaxy sur laquelle vous pouvez accrocher directement vos moniteurs ! La touche finale pour votre bras support d&#8217;\u00e9cran ! Vous avez con\u00e7u et imagin\u00e9 une jolie configuration Galaxy et gr\u00e2ce \u00e0 cet ajout, vous y apportez la touche finale !<\/p>\n<p>La t\u00eate VESA (75 x 75 en 100 x 100) est con\u00e7ue sp\u00e9cialement pour le bras de moniteur que vous avez choisi (sans utilisation d&#8217;une Crossbar). Gr\u00e2ce \u00e0 l&#8217;utilisation de cette t\u00eate VESA, vous accrochez vos moniteurs l&#8217;esprit tranquille et disposez encore de toutes les possibilit\u00e9s pour r\u00e9gler votre t\u00eate horizontalement et verticalement.<\/p>\n<p>La t\u00eate VESA se monte directement sur le Connector brevet\u00e9, sur les \u00e9l\u00e9ments de bras statiques (droits et inclin\u00e9s)ou dynamiques \u00e0 gaz. La t\u00eate s&#8217;utilise directement pour le montage de vos supports d&#8217;\u00e9cran, d&#8217;ordinateur portable et\/ou de tablette. Utiliser cette t\u00eate VESA, c&#8217;est opter pour la flexibilit\u00e9 et la stabilit\u00e9 !<\/p>\n<p>Vous voudriez utiliser une Crossbar ? Dans ce cas, nous vous recommandons d&#8217;utiliser une t\u00eate VESA pour Crossbar. Num\u00e9ros d&#8217;articles\u00a0: 809500, 809501 et 809502.<\/p>\n","protected":false},"excerpt":{"rendered":"<p>La t\u00eate VESA Filex Galaxy sur laquelle vous accrochez directement vos moniteurs ! La pi\u00e8ce indispensable qui se pose en dernier sur les \u00e9l\u00e9ments de bras (ou sur le Connector) du bras modulaire Filex Galaxy avant d&#8217;y accrocher vos \u00e9crans ! Gr\u00e2ce au joint \u00e0 rotule int\u00e9gr\u00e9 dans la t\u00eate, placez votre \u00e9cran dans tous les angles de vision que vous souhaitez !<\/p>\n","protected":false},"featured_media":15370,"template":"","meta":{"_acf_changed":false},"product_brand":[],"product_cat":[623,534,651],"product_tag":[],"class_list":{"0":"post-27875","1":"product","2":"type-product","3":"status-publish","4":"has-post-thumbnail","6":"product_cat-galaxy-onderdelen-fr","7":"product_cat-fixations-et-options","8":"product_cat-galaxy-serie-fr","9":"pa_kleur-argent","10":"pa_kleur-blanc","11":"pa_kleur-noir","13":"first","14":"instock","15":"shipping-taxable","16":"purchasable","17":"product-type-variable","18":"has-default-attributes"},"acf":[],"_links":{"self":[{"href":"https:\/\/www.filex.nl\/fr\/wp-json\/wp\/v2\/product\/27875","targetHints":{"allow":["GET"]}}],"collection":[{"href":"https:\/\/www.filex.nl\/fr\/wp-json\/wp\/v2\/product"}],"about":[{"href":"https:\/\/www.filex.nl\/fr\/wp-json\/wp\/v2\/types\/product"}],"wp:featuredmedia":[{"embeddable":true,"href":"https:\/\/www.filex.nl\/fr\/wp-json\/wp\/v2\/media\/15370"}],"wp:attachment":[{"href":"https:\/\/www.filex.nl\/fr\/wp-json\/wp\/v2\/media?parent=27875"}],"wp:term":[{"taxonomy":"product_brand","embeddable":true,"href":"https:\/\/www.filex.nl\/fr\/wp-json\/wp\/v2\/product_brand?post=27875"},{"taxonomy":"product_cat","embeddable":true,"href":"https:\/\/www.filex.nl\/fr\/wp-json\/wp\/v2\/product_cat?post=27875"},{"taxonomy":"product_tag","embeddable":true,"href":"https:\/\/www.filex.nl\/fr\/wp-json\/wp\/v2\/product_tag?post=27875"}],"curies":[{"name":"wp","href":"https:\/\/api.w.org\/{rel}","templated":true}]}}