{"id":27879,"date":"2022-01-07T18:09:26","date_gmt":"2023-10-23T11:51:34","guid":{"rendered":"https:\/\/www.filex.nl\/product\/galaxy-bladdoorvoer\/"},"modified":"2025-01-24T22:07:17","modified_gmt":"2025-01-24T22:07:17","slug":"passe-cables-galaxy","status":"publish","type":"product","link":"https:\/\/www.filex.nl\/fr\/produit\/passe-cables-galaxy\/","title":{"rendered":"Passe-c\u00e2bles Galaxy"},"content":{"rendered":"<p>Passe-c\u00e2bles Filex Galaxy ! <\/p>\n<p>Avec le passe-c\u00e2bles de la s\u00e9rie de bras de moniteur Filex Galaxy, montez de mani\u00e8re propre et stable, o\u00f9 vous le voulez \u00e0 travers votre plateau de bureau, le poteau Galaxy pour avoir un poste de travail d\u00e9gag\u00e9. <\/p>\n<p>Le passe-c\u00e2bles Filex Galaxy s&#8217;utilise sur des plateaux de bureau jusqu&#8217;\u00e0 60 mm d&#8217;\u00e9paisseur.<\/p>\n<p>Avec ce passe c\u00e2ble, il y a plus d&#8217;espace, vous permettant de dissimuler proprement ces c\u00e2bles gr\u00e2ce au diam\u00e8tre suppl\u00e9mentaire total de 90 mm. <\/p>\n<p>Vous pr\u00e9f\u00e9rez une pince de plateau ? Une pince adapt\u00e9e \u00e0 votre bureau, alors que vous avez un chemin de c\u00e2bles ? Ou une pince de plateau sp\u00e9ciale pour un plateau biseaut\u00e9 ? \u00c7a aussi, nous l&#8217;avons dans notre assortiment. Consultez-nous pour conna\u00eetre les possibilit\u00e9s !<\/p>\n","protected":false},"excerpt":{"rendered":"<p>Passe-c\u00e2bles Filex Galaxy ! Monter votre bras de moniteur Galaxy directement \u00e0 travers votre plateau pour un aspect \u00e9pur\u00e9 ? Tout en dissimulant vos c\u00e2bles ? Tout cela est possible avec ce passe-c\u00e2bles !<\/p>\n","protected":false},"featured_media":15361,"template":"","meta":{"_acf_changed":false},"product_brand":[],"product_cat":[623,534,651],"product_tag":[],"class_list":{"0":"post-27879","1":"product","2":"type-product","3":"status-publish","4":"has-post-thumbnail","6":"product_cat-galaxy-onderdelen-fr","7":"product_cat-fixations-et-options","8":"product_cat-galaxy-serie-fr","9":"pa_kleur-argent","10":"pa_kleur-blanc","11":"pa_kleur-noir","13":"first","14":"instock","15":"shipping-taxable","16":"purchasable","17":"product-type-variable","18":"has-default-attributes"},"acf":[],"_links":{"self":[{"href":"https:\/\/www.filex.nl\/fr\/wp-json\/wp\/v2\/product\/27879","targetHints":{"allow":["GET"]}}],"collection":[{"href":"https:\/\/www.filex.nl\/fr\/wp-json\/wp\/v2\/product"}],"about":[{"href":"https:\/\/www.filex.nl\/fr\/wp-json\/wp\/v2\/types\/product"}],"wp:featuredmedia":[{"embeddable":true,"href":"https:\/\/www.filex.nl\/fr\/wp-json\/wp\/v2\/media\/15361"}],"wp:attachment":[{"href":"https:\/\/www.filex.nl\/fr\/wp-json\/wp\/v2\/media?parent=27879"}],"wp:term":[{"taxonomy":"product_brand","embeddable":true,"href":"https:\/\/www.filex.nl\/fr\/wp-json\/wp\/v2\/product_brand?post=27879"},{"taxonomy":"product_cat","embeddable":true,"href":"https:\/\/www.filex.nl\/fr\/wp-json\/wp\/v2\/product_cat?post=27879"},{"taxonomy":"product_tag","embeddable":true,"href":"https:\/\/www.filex.nl\/fr\/wp-json\/wp\/v2\/product_tag?post=27879"}],"curies":[{"name":"wp","href":"https:\/\/api.w.org\/{rel}","templated":true}]}}