{"id":27907,"date":"2022-01-07T18:09:23","date_gmt":"2023-10-23T11:51:42","guid":{"rendered":"https:\/\/www.filex.nl\/product\/galaxy-bladklem-bladdoorvoer\/"},"modified":"2025-01-24T22:07:40","modified_gmt":"2025-01-24T22:07:40","slug":"pince-pour-plateau-passe-cables-galaxy","status":"publish","type":"product","link":"https:\/\/www.filex.nl\/fr\/produit\/pince-pour-plateau-passe-cables-galaxy\/","title":{"rendered":"Pince pour plateau\/passe-c\u00e2bles Galaxy"},"content":{"rendered":"<p>La pince pour plateau Filex Galaxy avec passe-c\u00e2bles ! <\/p>\n<p>Vous vous demandez peut-\u00eatre ce que cette pince avec passe-c\u00e2bles peut vous apporter par rapport \u00e0 la pince pour plateau ou au passe-c\u00e2bles original ? Avec cette version, ce sont les deux options qui s&#8217;offrent \u00e0 vous : pince et passe-c\u00e2bles !<\/p>\n<p>Montez directement sur cette pince \/ passe-c\u00e2bles un \u00e9l\u00e9ment de bras inclin\u00e9 statique de la s\u00e9rie Galaxy. En montant directement un \u00e9l\u00e9ment de bras sur la pince passe-c\u00e2bles, vous pouvez par exemple r\u00e9aliser des configurations o\u00f9 l&#8217;\u00e9cran doit \u00eatre plac\u00e9 en retrait. Ainsi, vous n&#8217;\u00eates pas g\u00ean\u00e9 par un poteau qui fait obstacle derri\u00e8re votre \u00e9cran. Et naturellement, le design est moderne et \u00e9pur\u00e9, tout comme nos autres configurations !<br \/>\nLes c\u00e2bles sont bien \u00e9videmment proprement dissimul\u00e9s dans le passe-c\u00e2bles \u00e0 l&#8217;aide du passage de c\u00e2bles int\u00e9gr\u00e9. <\/p>\n<p>Vous pr\u00e9f\u00e9rez quand m\u00eame une pince pour plateau ou un passe-c\u00e2bles standard pour y monter un poteau ? Une pince adapt\u00e9e \u00e0 votre bureau, alors que vous avez un chemin de c\u00e2bles ? Ou une sp\u00e9ciale pour un plateau biseaut\u00e9 ? Nous l&#8217;avons aussi dans notre assortiment. Consultez-nous pour conna\u00eetre les possibilit\u00e9s !<\/p>\n","protected":false},"excerpt":{"rendered":"<p>Pince pour plateau Filex Galaxy avec passe-c\u00e2bles ! Fixer votre bras de moniteur Galaxy de mani\u00e8re stable et propre sur votre plateau de bureau ou le monter \u00e0 travers votre bureau et dissimuler proprement tous les c\u00e2bles ? Cette pince de plateau est la solution qu&#8217;il vous faut ! L&#8217;utilisation de cette pince\/ce passe-c\u00e2bles vous permet de poser directement un \u00e9l\u00e9ment de bras Galaxy statique biseaut\u00e9 !<\/p>\n","protected":false},"featured_media":54669,"template":"","meta":{"_acf_changed":false},"product_brand":[],"product_cat":[623,534,651],"product_tag":[],"class_list":{"0":"post-27907","1":"product","2":"type-product","3":"status-publish","4":"has-post-thumbnail","6":"product_cat-galaxy-onderdelen-fr","7":"product_cat-fixations-et-options","8":"product_cat-galaxy-serie-fr","9":"pa_kleur-argent","10":"pa_kleur-blanc","11":"pa_kleur-noir","13":"first","14":"instock","15":"shipping-taxable","16":"purchasable","17":"product-type-variable","18":"has-default-attributes"},"acf":[],"_links":{"self":[{"href":"https:\/\/www.filex.nl\/fr\/wp-json\/wp\/v2\/product\/27907","targetHints":{"allow":["GET"]}}],"collection":[{"href":"https:\/\/www.filex.nl\/fr\/wp-json\/wp\/v2\/product"}],"about":[{"href":"https:\/\/www.filex.nl\/fr\/wp-json\/wp\/v2\/types\/product"}],"wp:featuredmedia":[{"embeddable":true,"href":"https:\/\/www.filex.nl\/fr\/wp-json\/wp\/v2\/media\/54669"}],"wp:attachment":[{"href":"https:\/\/www.filex.nl\/fr\/wp-json\/wp\/v2\/media?parent=27907"}],"wp:term":[{"taxonomy":"product_brand","embeddable":true,"href":"https:\/\/www.filex.nl\/fr\/wp-json\/wp\/v2\/product_brand?post=27907"},{"taxonomy":"product_cat","embeddable":true,"href":"https:\/\/www.filex.nl\/fr\/wp-json\/wp\/v2\/product_cat?post=27907"},{"taxonomy":"product_tag","embeddable":true,"href":"https:\/\/www.filex.nl\/fr\/wp-json\/wp\/v2\/product_tag?post=27907"}],"curies":[{"name":"wp","href":"https:\/\/api.w.org\/{rel}","templated":true}]}}