{"id":27923,"date":"2022-01-07T18:09:18","date_gmt":"2023-10-23T11:51:46","guid":{"rendered":"https:\/\/www.filex.nl\/product\/galaxy-bladklem\/"},"modified":"2025-01-24T22:07:51","modified_gmt":"2025-01-24T22:07:51","slug":"pince-pour-plateau-galaxy","status":"publish","type":"product","link":"https:\/\/www.filex.nl\/fr\/produit\/pince-pour-plateau-galaxy\/","title":{"rendered":"Pince pour plateau Galaxy"},"content":{"rendered":"<p>Pince pour plateau Filex Galaxy ! <\/p>\n<p>Avec la pince pour plateau de la s\u00e9rie de bras de moniteur Filex Galaxy, montez de mani\u00e8re propre et stable, o\u00f9 vous le voulez sur votre plateau de bureau, le poteau Galaxy pour avoir un poste de travail d\u00e9gag\u00e9. <\/p>\n<p>La pince pour plateau Filex Galaxy s&#8217;utilise sur des plateaux de bureau jusqu&#8217;\u00e0 50 mm d&#8217;\u00e9paisseur. <\/p>\n<p>Quelle que soit la possibilit\u00e9 de montage que vous choisissez, vous avez la possibilit\u00e9 de dissimuler proprement tous les c\u00e2bles apparents. <\/p>\n<p>Vous pr\u00e9f\u00e9rez un passe-c\u00e2bles ? Une pince adapt\u00e9e \u00e0 votre bureau alors que vous avez un chemin de c\u00e2bles ? Ou une pince sp\u00e9ciale pour un plateau biseaut\u00e9 ? \u00c7a aussi, nous l&#8217;avons dans notre assortiment. Consultez-nous pour conna\u00eetre les possibilit\u00e9s !<\/p>\n","protected":false},"excerpt":{"rendered":"<p>Pince de plateau Filex Galaxy ! Fixer votre bras de moniteur Galaxy de mani\u00e8re stable et propre sur votre plateau de bureau avant de monter le Poste sur la pince ? Eviter de faire des trous dans votre bureau ? Cette pince pour plateau est la solution qu&#8217;il vous faut !<\/p>\n","protected":false},"featured_media":42845,"template":"","meta":{"_acf_changed":false},"product_brand":[],"product_cat":[623,534,651],"product_tag":[],"class_list":{"0":"post-27923","1":"product","2":"type-product","3":"status-publish","4":"has-post-thumbnail","6":"product_cat-galaxy-onderdelen-fr","7":"product_cat-fixations-et-options","8":"product_cat-galaxy-serie-fr","9":"pa_kleur-argent","10":"pa_kleur-blanc","11":"pa_kleur-noir","13":"first","14":"instock","15":"shipping-taxable","16":"purchasable","17":"product-type-variable","18":"has-default-attributes"},"acf":[],"_links":{"self":[{"href":"https:\/\/www.filex.nl\/fr\/wp-json\/wp\/v2\/product\/27923","targetHints":{"allow":["GET"]}}],"collection":[{"href":"https:\/\/www.filex.nl\/fr\/wp-json\/wp\/v2\/product"}],"about":[{"href":"https:\/\/www.filex.nl\/fr\/wp-json\/wp\/v2\/types\/product"}],"wp:featuredmedia":[{"embeddable":true,"href":"https:\/\/www.filex.nl\/fr\/wp-json\/wp\/v2\/media\/42845"}],"wp:attachment":[{"href":"https:\/\/www.filex.nl\/fr\/wp-json\/wp\/v2\/media?parent=27923"}],"wp:term":[{"taxonomy":"product_brand","embeddable":true,"href":"https:\/\/www.filex.nl\/fr\/wp-json\/wp\/v2\/product_brand?post=27923"},{"taxonomy":"product_cat","embeddable":true,"href":"https:\/\/www.filex.nl\/fr\/wp-json\/wp\/v2\/product_cat?post=27923"},{"taxonomy":"product_tag","embeddable":true,"href":"https:\/\/www.filex.nl\/fr\/wp-json\/wp\/v2\/product_tag?post=27923"}],"curies":[{"name":"wp","href":"https:\/\/api.w.org\/{rel}","templated":true}]}}