{"id":27935,"date":"2022-01-07T18:09:18","date_gmt":"2023-10-23T11:51:51","guid":{"rendered":"https:\/\/www.filex.nl\/product\/galaxy-crossbar\/"},"modified":"2025-01-24T22:08:02","modified_gmt":"2025-01-24T22:08:02","slug":"crossbar-galaxy","status":"publish","type":"product","link":"https:\/\/www.filex.nl\/fr\/produit\/crossbar-galaxy\/","title":{"rendered":"Crossbar Galaxy"},"content":{"rendered":"<p>Crossbar Filex Galaxy ! <\/p>\n<p>Avec cette Crossbar Galaxy flexible, transformez de la mani\u00e8re la plus \u00e9conomique possible un bras simple pour 1 \u00e9cran en une solution ergonomique optimale pour 2 \u00e9crans ! <\/p>\n<p>Il vous suffit de placer cette Crossbar sur un bras pour 1 \u00e9cran (recommand\u00e9e avec une t\u00eate VESA Crossbar). <\/p>\n<p>La Crossbar fait partie de la famille Galaxy, mais est \u00e9galement compatible avec tous les connecteurs VESA 75 x 75 ou 100 x 100 universel. Cependant, faites attention au poids de vos \u00e9crans afin d&#8217;\u00e9viter qu&#8217;ils s&#8217;affaissent. <\/p>\n<p>Apr\u00e8s un montage avec les connecteurs Quick Release VESA fournis de s\u00e9rie, les \u00e9crans (jusqu&#8217;\u00e0 27 pouces avec l&#8217;utilisation de cette Crossbar) peuvent \u00eatre r\u00e9gl\u00e9s dans chaque position souhait\u00e9e par l&#8217;utilisateur. <\/p>\n<p>La poign\u00e9e r\u00e9glable fournie sur la Crossbar vous permet de la d\u00e9placer facilement sans laisser de traces de doigts sur vos \u00e9crans ! <\/p>\n<p>Vous voulez plus de d\u00e9tails sur cette Crossbar Galaxy ? Visionnez notre vid\u00e9o !<\/p>\n","protected":false},"excerpt":{"rendered":"<p>Crossbar Filex Galaxy ! Une possibilit\u00e9 d&#8217;extension facile pour passer de 1 \u00e0 2 moniteurs ! Il suffit d&#8217;ajouter cette Crossbar \u00e0 votre bras de moniteur en le placant sur votre connecteur VESA universel (75 x 75 et 100 x 100), et c&#8217;est tout !<\/p>\n","protected":false},"featured_media":18863,"template":"","meta":{"_acf_changed":false},"product_brand":[],"product_cat":[623,534,538,651],"product_tag":[],"class_list":{"0":"post-27935","1":"product","2":"type-product","3":"status-publish","4":"has-post-thumbnail","6":"product_cat-galaxy-onderdelen-fr","7":"product_cat-fixations-et-options","8":"product_cat-crossbars","9":"product_cat-galaxy-serie-fr","10":"pa_kleur-argent","11":"pa_kleur-blanc","12":"pa_kleur-noir","14":"first","15":"instock","16":"shipping-taxable","17":"purchasable","18":"product-type-variable","19":"has-default-attributes"},"acf":[],"_links":{"self":[{"href":"https:\/\/www.filex.nl\/fr\/wp-json\/wp\/v2\/product\/27935","targetHints":{"allow":["GET"]}}],"collection":[{"href":"https:\/\/www.filex.nl\/fr\/wp-json\/wp\/v2\/product"}],"about":[{"href":"https:\/\/www.filex.nl\/fr\/wp-json\/wp\/v2\/types\/product"}],"wp:featuredmedia":[{"embeddable":true,"href":"https:\/\/www.filex.nl\/fr\/wp-json\/wp\/v2\/media\/18863"}],"wp:attachment":[{"href":"https:\/\/www.filex.nl\/fr\/wp-json\/wp\/v2\/media?parent=27935"}],"wp:term":[{"taxonomy":"product_brand","embeddable":true,"href":"https:\/\/www.filex.nl\/fr\/wp-json\/wp\/v2\/product_brand?post=27935"},{"taxonomy":"product_cat","embeddable":true,"href":"https:\/\/www.filex.nl\/fr\/wp-json\/wp\/v2\/product_cat?post=27935"},{"taxonomy":"product_tag","embeddable":true,"href":"https:\/\/www.filex.nl\/fr\/wp-json\/wp\/v2\/product_tag?post=27935"}],"curies":[{"name":"wp","href":"https:\/\/api.w.org\/{rel}","templated":true}]}}