{"id":27955,"date":"2022-01-07T18:09:18","date_gmt":"2023-10-23T11:52:01","guid":{"rendered":"https:\/\/www.filex.nl\/product\/galaxy-22-post\/"},"modified":"2025-01-24T22:08:33","modified_gmt":"2025-01-24T22:08:33","slug":"poste-galaxy-22","status":"publish","type":"product","link":"https:\/\/www.filex.nl\/fr\/produit\/poste-galaxy-22\/","title":{"rendered":"Poste Galaxy 22"},"content":{"rendered":"<p>Poteau 22 cm de la famille de bras de moniteur modulaires (et circulaires) Filex Galaxy ! Le poteau est disponible en 3 longueurs. Choisissez entre : 70 cm, 45 cm ou 22 cm de hauteur. Votre choix actuel est de 22 cm de hauteur. <\/p>\n<p>Le poteau doit \u00eatre \u00e9quip\u00e9 d&#8217;une pince de bureau (\u00e9paisseur de bureau jusqu&#8217;\u00e0 5 cm) ou de la fixation de plateau avec passe-c\u00e2bles. Le dessus et le dessous du poteau sont dot\u00e9s d&#8217;une extr\u00e9mit\u00e9 filet\u00e9e, ce qui vous permet d&#8217;ajouter un poteau suppl\u00e9mentaire gr\u00e2ce \u00e0 la tige filet\u00e9e M6 fournie. Ainsi, vous avez par exemple la possibilit\u00e9 de cr\u00e9er un poteau de 90 cm de hauteur en utilisant 2 poteaux de 45 cm.<\/p>\n<p>Les poteaux Galaxy sont dot\u00e9s sur toute la hauteur de 4 c\u00f4t\u00e9s goutti\u00e8res dans lesquelles placer le Connector Galaxy brevet\u00e9 r\u00e9glable en hauteur et permettant de monter un moniteur, une support d&#8217;unit\u00e9 centrale Thin Client, un ordinateur portable, une tablette, etc.<\/p>\n<p>Vous ne vous en sortez pas vraiment ? Vous pouvez composer vous-m\u00eame la configuration souhait\u00e9e. Vous pr\u00e9f\u00e9rez un peu d&#8217;aide ? Contactez-nous\u00a0! Nous serons ravis de vous aider \u00e0 faire les bons choix ergonomiques !<\/p>\n","protected":false},"excerpt":{"rendered":"<p>Poteau 22 cm Filex Galaxy ! Facile \u00e0 monter sur la pince de plateau, le passe-c\u00e2bles Galaxy ou la pince Topdown\/le passe-c\u00e2bles !  Ce poteau a la longueur la plus utilis\u00e9e pour monter les \u00e9l\u00e9ments de bras (au moyen du Connector Galaxy). Avec ce poteau, vous disposez de toutes les options possibles pour r\u00e9gler la hauteur des Connectors, ajouter un support pour unit\u00e9 centrale Thin Client Galaxy au Poste ou encore monter une unit\u00e9 d&#8217;\u00e9lectrification (Filex Desk Up\u00ae 1.0 &#8211; ne pas oublier la pince d&#8217;\u00e9lectrification)! Et en utilisant 2 poteaux, vous pourrez placer notre Toolbar Galaxy !<\/p>\n","protected":false},"featured_media":19271,"template":"","meta":{"_acf_changed":false},"product_brand":[],"product_cat":[623,651],"product_tag":[],"class_list":{"0":"post-27955","1":"product","2":"type-product","3":"status-publish","4":"has-post-thumbnail","6":"product_cat-galaxy-onderdelen-fr","7":"product_cat-galaxy-serie-fr","8":"pa_kleur-argent","9":"pa_kleur-blanc","10":"pa_kleur-noir","12":"first","13":"instock","14":"shipping-taxable","15":"purchasable","16":"product-type-variable","17":"has-default-attributes"},"acf":[],"_links":{"self":[{"href":"https:\/\/www.filex.nl\/fr\/wp-json\/wp\/v2\/product\/27955","targetHints":{"allow":["GET"]}}],"collection":[{"href":"https:\/\/www.filex.nl\/fr\/wp-json\/wp\/v2\/product"}],"about":[{"href":"https:\/\/www.filex.nl\/fr\/wp-json\/wp\/v2\/types\/product"}],"wp:featuredmedia":[{"embeddable":true,"href":"https:\/\/www.filex.nl\/fr\/wp-json\/wp\/v2\/media\/19271"}],"wp:attachment":[{"href":"https:\/\/www.filex.nl\/fr\/wp-json\/wp\/v2\/media?parent=27955"}],"wp:term":[{"taxonomy":"product_brand","embeddable":true,"href":"https:\/\/www.filex.nl\/fr\/wp-json\/wp\/v2\/product_brand?post=27955"},{"taxonomy":"product_cat","embeddable":true,"href":"https:\/\/www.filex.nl\/fr\/wp-json\/wp\/v2\/product_cat?post=27955"},{"taxonomy":"product_tag","embeddable":true,"href":"https:\/\/www.filex.nl\/fr\/wp-json\/wp\/v2\/product_tag?post=27955"}],"curies":[{"name":"wp","href":"https:\/\/api.w.org\/{rel}","templated":true}]}}