{"id":27967,"date":"2022-01-07T18:09:17","date_gmt":"2023-10-23T11:52:05","guid":{"rendered":"https:\/\/www.filex.nl\/product\/galaxy-basic-enkel-kort-monitorarm\/"},"modified":"2025-01-24T22:08:43","modified_gmt":"2025-01-24T22:08:43","slug":"bras-support-decran-simple-court-basic-galaxy","status":"publish","type":"product","link":"https:\/\/www.filex.nl\/fr\/produit\/bras-support-decran-simple-court-basic-galaxy\/","title":{"rendered":"Bras support d&#8217;\u00e9cran simple court Basic Galaxy"},"content":{"rendered":"<p>Une composition fixe de la famille de bras support d&#8217;\u00e9cran modulaires et circulaires Filex Galaxy ! En achetant ce bras, vous b\u00e9n\u00e9ficiez d&#8217;une configuration stable qui accueillera 1 moniteur, facile \u00e0 d\u00e9velopper (maintenant ou dans le futur) avec une Crossbar pour positionner 2 moniteurs. Gr\u00e2ce au point d&#8217;articulation de la t\u00eate VESA, cette configuration est r\u00e9glable de mani\u00e8re flexible \u00e0 chaque angle de vision souhait\u00e9.<\/p>\n<p>La t\u00eate VESA est livr\u00e9e avec un syst\u00e8me de fixation Quick Release permettant de placer facilement le moniteur sur le bras. L&#8217;\u00e9cran peut \u00eatre utilis\u00e9 aussi bien horizontalement que verticalement.<\/p>\n<p>Sur cette t\u00eate VESA, vous raccordez directement votre \u00e9cran, mais aussi notre support d&#8217;ordinateur portable Galaxy ou un support de tablette universel. Vous envisagez dans l&#8217;avenir de modifier le poste de travail ou d&#8217;acheter d&#8217;autres appareils ? Il vous suffit d&#8217;adapter le Filex Galaxy en fonction de vos besoins du moment. La s\u00e9rie de bras Filex Galaxy est enti\u00e8rement modulaire, ce qui signifie qu&#8217;elle peut \u00eatre enti\u00e8rement modifi\u00e9e en ajoutant ou en changeant des pi\u00e8ces du bras support d&#8217;\u00e9cran. Toutes les pi\u00e8ces sont \u00e9galement disponibles s\u00e9par\u00e9ment.<\/p>\n<p>Vous pouvez facilement monter en ption une unit\u00e9 d&#8217;alimentation sur le poteau. Pour cela, ajoutez notre pince d&#8217;\u00e9lectrification Galaxy et notre s\u00e9rie d&#8217;unit\u00e9s d&#8217;alimentation en saillie Filex Desk Up\u00ae 1.0 (qui se fixent \u00e9galement sur votre bureau). USB-A, USB-C, connexion HDMI ou plut\u00f4t \u00e9changes de donn\u00e9es ? Tout est possible!<\/p>\n<p>Le Filex Galaxy est un syst\u00e8me de bras support d&#8217;\u00e9cran enti\u00e8rement circulaire et modulaire qui permet de r\u00e9aliser toutes les configurations souhait\u00e9es. Avec ce bras, nous r\u00e9pondons \u00e0 tous vos souhaits ! La capacit\u00e9 de charge maximale est de 12 kg. La hauteur de ce poteau est de 45 cm et gr\u00e2ce au Connector brevet\u00e9, la hauteur est tr\u00e8s facile \u00e0 r\u00e9gler manuellement et sans outils. Il vous suffit d&#8217;enfoncer le bouton Filex pour d\u00e9placer le Connector selon vos souhaits.<\/p>\n<p>Le Filex Galaxy est 100% recyclable et fabriqu\u00e9 \u00e0 partir de mat\u00e9riaux durables. Ajoutez-y la garantie de 5 ans et vous ne voudrez plus jamais un autre support d&#8217;\u00e9cran que le Filex Galaxy ! disponible de stock en blanc, aluminium et noir.<\/p>\n","protected":false},"excerpt":{"rendered":"<p>Le bras support d&#8217;\u00e9cran Filex Galaxy pour 1 \u00e9cran ! L&#8217;une de nos configurations pr\u00e9f\u00e9r\u00e9e et standard de la s\u00e9rie de bras Filex Galaxy modulaires (et circulaires) ! Gr\u00e2ce \u00e0 la t\u00eate VESA, attach\u00e9e au Connector Galaxy brevet\u00e9, le bras est facile \u00e0 r\u00e9gler manuellement \u00e0 chaque hauteur souhait\u00e9e. Et avec les joints \u00e0 rotule dans la t\u00eate VESA, ce bras peut \u00eatre r\u00e9gl\u00e9 directement \u00e0 l&#8217;angle de vision ergonomique correct ! \u00c9tendre \u00e0 2 \u00e9crans ? Rien de plus facile en ajoutant seulement une Crossbar !<\/p>\n","protected":false},"featured_media":15298,"template":"","meta":{"_acf_changed":false},"product_brand":[],"product_cat":[606,646,651],"product_tag":[],"class_list":{"0":"post-27967","1":"product","2":"type-product","3":"status-publish","4":"has-post-thumbnail","6":"product_cat-bras-de-moniteur","7":"product_cat-bras-de-moniteur-galaxy","8":"product_cat-galaxy-serie-fr","9":"pa_kleur-argent","10":"pa_kleur-blanc","11":"pa_kleur-noir","13":"first","14":"instock","15":"shipping-taxable","16":"purchasable","17":"product-type-variable","18":"has-default-attributes"},"acf":[],"_links":{"self":[{"href":"https:\/\/www.filex.nl\/fr\/wp-json\/wp\/v2\/product\/27967","targetHints":{"allow":["GET"]}}],"collection":[{"href":"https:\/\/www.filex.nl\/fr\/wp-json\/wp\/v2\/product"}],"about":[{"href":"https:\/\/www.filex.nl\/fr\/wp-json\/wp\/v2\/types\/product"}],"wp:featuredmedia":[{"embeddable":true,"href":"https:\/\/www.filex.nl\/fr\/wp-json\/wp\/v2\/media\/15298"}],"wp:attachment":[{"href":"https:\/\/www.filex.nl\/fr\/wp-json\/wp\/v2\/media?parent=27967"}],"wp:term":[{"taxonomy":"product_brand","embeddable":true,"href":"https:\/\/www.filex.nl\/fr\/wp-json\/wp\/v2\/product_brand?post=27967"},{"taxonomy":"product_cat","embeddable":true,"href":"https:\/\/www.filex.nl\/fr\/wp-json\/wp\/v2\/product_cat?post=27967"},{"taxonomy":"product_tag","embeddable":true,"href":"https:\/\/www.filex.nl\/fr\/wp-json\/wp\/v2\/product_tag?post=27967"}],"curies":[{"name":"wp","href":"https:\/\/api.w.org\/{rel}","templated":true}]}}