{"id":27995,"date":"2022-01-07T18:09:17","date_gmt":"2023-10-23T11:53:05","guid":{"rendered":"https:\/\/www.filex.nl\/product\/galaxy-basic-dubbel-monitorarm\/"},"modified":"2025-01-24T22:09:32","modified_gmt":"2025-01-24T22:09:32","slug":"bras-support-decran-double-basic-galaxy","status":"publish","type":"product","link":"https:\/\/www.filex.nl\/fr\/produit\/bras-support-decran-double-basic-galaxy\/","title":{"rendered":"Bras support d&#8217;\u00e9cran double Basic Galaxy"},"content":{"rendered":"<p>Une composition fixe de la famille de bras support d&#8217;\u00e9cran modulaires et circulaires Filex Galaxy ! En faisant l&#8217;acquisition de ce bras, vous avez directement une configuration pour 1 moniteur, facile \u00e0 d\u00e9velopper (maintenant ou dans le futur) en une configuration pour 2 moniteurs. Cette configuration Filex Galaxy contient 2 \u00e9l\u00e9ments statiques (24 cm x 2). Gr\u00e2ce aux 3 points d&#8217;articulation, cette configuration est r\u00e9glable de mani\u00e8re flexible dans tous les angles de vision souhait\u00e9. <\/p>\n<p>Cette configuration est \u00e9galement dot\u00e9e d&#8217;une t\u00eate VESA avec un syst\u00e8me de fixation Quick Release permettant de placer facilement les \u00e9crans qui peuvent \u00eatre utilis\u00e9s aussi bien horizontalement que verticalement. <\/p>\n<p>Avec la t\u00eate VESA, vous pouvez raccorder directement votre \u00e9cran mais aussi notre support d&#8217;ordinateur portable Galaxy ou un support de tablette universel. Vous comptez modifier le poste de travail ou acheter d&#8217;autres appareils ? Il vous suffit d&#8217;adapter le Filex Galaxy en fonction de vos besoins du moment. La s\u00e9rie de bras Filex Galaxy est enti\u00e8rement modulaire, ce qui signifie qu&#8217;elle peut \u00eatre enti\u00e8rement modifi\u00e9e en ajoutant ou en changeant de nouvelles pi\u00e8ces. Toutes ces pi\u00e8ces sont \u00e9galement disponibles s\u00e9par\u00e9ment.<\/p>\n<p>Vous pouvez aussi monter une unit\u00e9 d&#8217;\u00e9lectrification sur le poste. Pour cela, utilisez notre pince d&#8217;\u00e9lectrification Galaxy et notre s\u00e9rie d&#8217;unit\u00e9s d&#8217;alimentation en saillie Filex Desk Up\u00ae 1.0 (qui se fixent \u00e9galement sur votre bureau). USB-A, USB-C, connexion HDMI ou plut\u00f4t de donn\u00e9es ? Tout est possible\u00a0!<\/p>\n<p>Le Filex Galaxy est un syst\u00e8me de bras de moniteur enti\u00e8rement circulaire et modulaire qui permet de r\u00e9aliser toutes les configurations souhait\u00e9es. Gr\u00e2ce \u00e0 ce bras support d&#8217;\u00e9cran, nous r\u00e9pondons \u00e0 tous vos souhaits ! La capacit\u00e9 de charge maximale est de 12 kg. La hauteur de la colonne est de 45 cm et au moyen du Connector brevet\u00e9, vous r\u00e9glez manuellement et sans outils la heuteur de vos \u00e9crans. Il vous suffit d&#8217;enfoncer le bouton Filex pour d\u00e9placer les Connectors selon votre d\u00e9sir.<\/p>\n<p>Le Filex Galaxy est 100% recyclable et fabriqu\u00e9 \u00e0 partir de mat\u00e9riaux durables. Ajoutez-y la garantie de 5 ans et vous ne voudrez plus jamais un autre bras que le Filex Galaxy ! Disponible en blanc, aluminium et noir.<\/p>\n","protected":false},"excerpt":{"rendered":"<p>Le bras support d&#8217;\u00e9cran Filex Galaxy pour 2 \u00e9crans ! L&#8217;une de nos configurations pr\u00e9f\u00e9r\u00e9e et standard de la s\u00e9rie de bras Filex Galaxy modulaires (et circulaires) ! Gr\u00e2ce aux \u00e9l\u00e9ments de bras statiques, attach\u00e9s au Connector Galaxy brevet\u00e9, le bras est facile \u00e0 r\u00e9gler manuellement \u00e0 la hauteur souhait\u00e9e. Gr\u00e2ceaux joints \u00e0 rotule des t\u00eates VESA, ce bras peut \u00eatre r\u00e9gl\u00e9 directement \u00e0 l&#8217;angle de vision ergonomique correct !<\/p>\n","protected":false},"featured_media":52763,"template":"","meta":{"_acf_changed":false},"product_brand":[],"product_cat":[606,612,646,651],"product_tag":[],"class_list":{"0":"post-27995","1":"product","2":"type-product","3":"status-publish","4":"has-post-thumbnail","6":"product_cat-bras-de-moniteur","7":"product_cat-2-schermen-fr","8":"product_cat-bras-de-moniteur-galaxy","9":"product_cat-galaxy-serie-fr","10":"pa_kleur-argent","11":"pa_kleur-blanc","12":"pa_kleur-noir","14":"first","15":"instock","16":"shipping-taxable","17":"purchasable","18":"product-type-variable","19":"has-default-attributes"},"acf":[],"_links":{"self":[{"href":"https:\/\/www.filex.nl\/fr\/wp-json\/wp\/v2\/product\/27995","targetHints":{"allow":["GET"]}}],"collection":[{"href":"https:\/\/www.filex.nl\/fr\/wp-json\/wp\/v2\/product"}],"about":[{"href":"https:\/\/www.filex.nl\/fr\/wp-json\/wp\/v2\/types\/product"}],"wp:featuredmedia":[{"embeddable":true,"href":"https:\/\/www.filex.nl\/fr\/wp-json\/wp\/v2\/media\/52763"}],"wp:attachment":[{"href":"https:\/\/www.filex.nl\/fr\/wp-json\/wp\/v2\/media?parent=27995"}],"wp:term":[{"taxonomy":"product_brand","embeddable":true,"href":"https:\/\/www.filex.nl\/fr\/wp-json\/wp\/v2\/product_brand?post=27995"},{"taxonomy":"product_cat","embeddable":true,"href":"https:\/\/www.filex.nl\/fr\/wp-json\/wp\/v2\/product_cat?post=27995"},{"taxonomy":"product_tag","embeddable":true,"href":"https:\/\/www.filex.nl\/fr\/wp-json\/wp\/v2\/product_tag?post=27995"}],"curies":[{"name":"wp","href":"https:\/\/api.w.org\/{rel}","templated":true}]}}