{"id":27999,"date":"2022-01-07T18:09:10","date_gmt":"2022-01-07T18:09:10","guid":{"rendered":"https:\/\/www.filex.nl\/product\/rol-cable-eater-20\/"},"modified":"2024-10-18T15:33:34","modified_gmt":"2024-10-18T15:33:34","slug":"gaine-cable-eater-20","status":"publish","type":"product","link":"https:\/\/www.filex.nl\/fr\/produit\/gaine-cable-eater-20\/","title":{"rendered":"Gaine Cable Eater 20"},"content":{"rendered":"<p>Gaine passe-c\u00e2bles Filex Cable Eater (hors outil \u00e9carteur). Gaine passe-c\u00e2bles facile \u00e0 installer pour un faisceau de c\u00e2bles.<\/p>\n<p>En utilisant cette gaine passe-c\u00e2bles, vous faites honneur \u00e0 la &#8216;clean desk policy&#8217; et c&#8217;en est fini des c\u00e2bles qui jonchent le sol et peuvent vous faire tr\u00e9bucher. Votre s\u00e9curit\u00e9 et celle de vos collaborateurs est importante !<\/p>\n<p>La gaine en polypropyl\u00e8ne r\u00e9sistant est adapt\u00e9e \u00e0 toutes sortes de c\u00e2bles, jusqu&#8217;\u00e0 un faisceau de c\u00e2bles de 8 mm de diam\u00e8tre. Diam\u00e8tre total de la Filex Cable Eater : 25 mm).<\/p>\n<p>La gaine passe-c\u00e2bles de votre choix fait 20 m\u00e8tres de longueur. Ces 20 m\u00e8tres vous semblent trop longs ? Aucun probl\u00e8me. La gaine en spirale se d\u00e9coupe facilement pour \u00eatre r\u00e9utilis\u00e9e sur un autre poste de travail !<\/p>\n<p>Trop courte ? Nous proposons \u00e9galement les gaines passe-c\u00e2bles de 30 m\u00e8tres de longueur.<\/p>\n<p>Livrable dans les couleurs noir, blanc et argent.<\/p>\n<p>Conseil : n&#8217;oubliez pas de commander \u00e9galement un outil Cable Eater pour pouvoir ins\u00e9rer facilement tous les c\u00e2bles dans la Cable Eater !<\/p>\n","protected":false},"excerpt":{"rendered":"<p>Gaine passe-c\u00e2bles Filex Cable Eater ! Vous voulez un poste de travail bien rang\u00e9 o\u00f9 les c\u00e2bles ne sont plus apparents parce que c&#8217;est non seulement d\u00e9sordonn\u00e9 mais aussi dangereux pour vous-m\u00eame, vos clients ou vos coll\u00e8gues. Cette gaine passe-c\u00e2bles permet de rassembler proprement tous les c\u00e2bles et de cr\u00e9er un environnement de travail \u00e9pur\u00e9 ! Diff\u00e9rentes longueurs et couleurs sont possibles.<\/p>\n","protected":false},"featured_media":54747,"template":"","meta":{"_acf_changed":false},"product_brand":[],"product_cat":[593,2480],"product_tag":[],"class_list":{"0":"post-27999","1":"product","2":"type-product","3":"status-publish","4":"has-post-thumbnail","6":"product_cat-gestion-des-cables","7":"product_cat-mangeurs-de-cables","8":"pa_kleur-argent","9":"pa_kleur-blanc","10":"pa_kleur-noir","12":"first","13":"instock","14":"shipping-taxable","15":"purchasable","16":"product-type-variable","17":"has-default-attributes"},"acf":[],"_links":{"self":[{"href":"https:\/\/www.filex.nl\/fr\/wp-json\/wp\/v2\/product\/27999","targetHints":{"allow":["GET"]}}],"collection":[{"href":"https:\/\/www.filex.nl\/fr\/wp-json\/wp\/v2\/product"}],"about":[{"href":"https:\/\/www.filex.nl\/fr\/wp-json\/wp\/v2\/types\/product"}],"wp:featuredmedia":[{"embeddable":true,"href":"https:\/\/www.filex.nl\/fr\/wp-json\/wp\/v2\/media\/54747"}],"wp:attachment":[{"href":"https:\/\/www.filex.nl\/fr\/wp-json\/wp\/v2\/media?parent=27999"}],"wp:term":[{"taxonomy":"product_brand","embeddable":true,"href":"https:\/\/www.filex.nl\/fr\/wp-json\/wp\/v2\/product_brand?post=27999"},{"taxonomy":"product_cat","embeddable":true,"href":"https:\/\/www.filex.nl\/fr\/wp-json\/wp\/v2\/product_cat?post=27999"},{"taxonomy":"product_tag","embeddable":true,"href":"https:\/\/www.filex.nl\/fr\/wp-json\/wp\/v2\/product_tag?post=27999"}],"curies":[{"name":"wp","href":"https:\/\/api.w.org\/{rel}","templated":true}]}}