{"id":28022,"date":"2022-01-07T18:09:10","date_gmt":"2022-01-07T18:09:10","guid":{"rendered":"https:\/\/www.filex.nl\/product\/koppelsnoer-egst-stekker\/"},"modified":"2025-09-06T21:19:04","modified_gmt":"2025-09-06T21:19:04","slug":"cordon-de-connexion-fiche-connecteur-enfichable-3-poles","status":"publish","type":"product","link":"https:\/\/www.filex.nl\/fr\/produit\/cordon-de-connexion-fiche-connecteur-enfichable-3-poles\/","title":{"rendered":"Cordon de connexion fiche connecteur enfichable 3 p\u00f4les"},"content":{"rendered":"<p>Cordons de connexion c<span data-teams=\"true\">onnecteur enfichable 3 p\u00f4les<\/span>! Un cordon de connexion vous permettant de raccorder facilement en cascade une unit\u00e9 d&#8217;\u00e9lectrification Filex \u00e0 une autre unit\u00e9 d&#8217;\u00e9lectrification.<\/p>\n<p>Nos cordons de connexion sont dot\u00e9s de fiches m\u00e2les et femelles pour un c\u00e2ble H05VV-F en PVC flexible 3G1,5mm2 tripolaire muni de la classification Eca CPR pour installations enfichables.<\/p>\n<p>Les cordons de connexion c<span data-teams=\"true\">onnecteur enfichable 3 p\u00f4les<\/span> sont dot\u00e9s de fiches Q1ST-3P m\u00e2les et femelles qui sont raccord\u00e9es \u00e0 un c\u00e2ble H05VV-F en PVC de classe 5 flexible 3G1,5mm2 tripolaire muni de la classification Eca CPR pour installations de b\u00e2timents enfichables.<\/p>\n<p>Toutes les fiches ont \u00e9t\u00e9 test\u00e9es \u00e0 20A et sont approuv\u00e9es conform\u00e9ment \u00e0 la norme NEN-IEC-EN61535.<\/p>\n<p>Ces cordons sont disponibles dans des longueurs standard de 0,5 m\u00e8tre \u00e0 10 m\u00e8tres.<\/p>\n<p>Pour son assortiment c<span data-teams=\"true\">onnecteur enfichable 3 p\u00f4les<\/span>, ne propose que des produits enfichables pour lesquels un marquage CE et un label KEMA ont \u00e9t\u00e9 d\u00e9livr\u00e9s.<\/p>\n<p>Naturellement, les produits c<span data-teams=\"true\">onnecteur enfichable 3 p\u00f4les<\/span> r\u00e9pondent aux normes fix\u00e9es, dont NEN 1010:2015.<\/p>\n<p>De plus, tous nos cordons sont parfaitement compatibles avec tous les produits c<span data-teams=\"true\">onnecteur enfichable 3 p\u00f4les<\/span>.<\/p>\n","protected":false},"excerpt":{"rendered":"<p>Cordons de connexion c<span data-teams=\"true\">onnecteur enfichable 3 p\u00f4les<\/span> ! Le raccordement en cascade correct de votre installation enfichable m\u00e2le-femelle c<span data-teams=\"true\">onnecteur enfichable 3 p\u00f4les<\/span> ! Disponible dans de nombreuses dimensions diff\u00e9rentes !<\/p>\n","protected":false},"featured_media":19325,"template":"","meta":{"_acf_changed":false},"product_brand":[],"product_cat":[593,2483],"product_tag":[],"class_list":{"0":"post-28022","1":"product","2":"type-product","3":"status-publish","4":"has-post-thumbnail","6":"product_cat-gestion-des-cables","7":"product_cat-cables-de-connexion-et-daccouplement","9":"first","10":"instock","11":"shipping-taxable","12":"purchasable","13":"product-type-variable","14":"has-default-attributes"},"acf":[],"_links":{"self":[{"href":"https:\/\/www.filex.nl\/fr\/wp-json\/wp\/v2\/product\/28022","targetHints":{"allow":["GET"]}}],"collection":[{"href":"https:\/\/www.filex.nl\/fr\/wp-json\/wp\/v2\/product"}],"about":[{"href":"https:\/\/www.filex.nl\/fr\/wp-json\/wp\/v2\/types\/product"}],"wp:featuredmedia":[{"embeddable":true,"href":"https:\/\/www.filex.nl\/fr\/wp-json\/wp\/v2\/media\/19325"}],"wp:attachment":[{"href":"https:\/\/www.filex.nl\/fr\/wp-json\/wp\/v2\/media?parent=28022"}],"wp:term":[{"taxonomy":"product_brand","embeddable":true,"href":"https:\/\/www.filex.nl\/fr\/wp-json\/wp\/v2\/product_brand?post=28022"},{"taxonomy":"product_cat","embeddable":true,"href":"https:\/\/www.filex.nl\/fr\/wp-json\/wp\/v2\/product_cat?post=28022"},{"taxonomy":"product_tag","embeddable":true,"href":"https:\/\/www.filex.nl\/fr\/wp-json\/wp\/v2\/product_tag?post=28022"}],"curies":[{"name":"wp","href":"https:\/\/api.w.org\/{rel}","templated":true}]}}