{"id":28049,"date":"2022-01-07T18:09:10","date_gmt":"2023-10-23T11:53:06","guid":{"rendered":"https:\/\/www.filex.nl\/product\/chicago-enkel-monitorarm-2-12-kg\/"},"modified":"2024-10-18T15:33:35","modified_gmt":"2024-10-18T15:33:35","slug":"bras-support-decran-simple-chicago-2-12-kg","status":"publish","type":"product","link":"https:\/\/www.filex.nl\/fr\/produit\/bras-support-decran-simple-chicago-2-12-kg\/","title":{"rendered":"Bras support d&#8217;\u00e9cran simple Chicago (2-12 kg)"},"content":{"rendered":"<p>Le bras support d&#8217;\u00e9cran \u00e0 v\u00e9rin \u00e0 gaz Filex Chicago est le meilleur bras qui combine design moderne et la meilleure solution ergonomique pour chaque poste de travail !<\/p>\n<p>Le Filex Chicago est dot\u00e9 d&#8217;une fixation Quick Release VESA (VESA 75 x 75 et 100 x 100) universelle avec joint \u00e0 rotule et un v\u00e9rin \u00e0 gaz haut de gamme int\u00e9gr\u00e9 dans le bras. Il pr\u00e9sente une capacit\u00e9 de charge de 7 \u00e0 16 kg inclus.<\/p>\n<p>Ce bras se r\u00e8gle de mani\u00e8re optimale et facilement en hauteur et en profondeur gr\u00e2ce au v\u00e9rin \u00e0 gaz int\u00e9gr\u00e9 dans le bras.<\/p>\n<p>Le bras Filex Chicago est livr\u00e9 de s\u00e9rie avec une pince de plateau avec un &#8216;Topdown&#8217;, une possibilit\u00e9 de montage qui vous \u00e9vite de devoir passer sous le bureau pour le montage et qui procure un montage rapide et facile \u00e0 la port\u00e9e de tous.<\/p>\n<p>Naturellement, le Filex Chicago est en aluminium recycl\u00e9, certifi\u00e9 circulaire et est assorti d&#8217;une garantie d&#8217;\u00e9change de pas moins de 5 ans sur toutes les pi\u00e8ces.<\/p>\n<p>Outre le montage \u00e0 l&#8217;aide de la pince de plateau, il est \u00e9galement possible de monter ce bras via l&#8217;obturateur ou sur un rail de portique. Si vous voulez par la suite quand m\u00eame passer \u00e0 2 \u00e9crans, ce n&#8217;est pas non plus un probl\u00e8me.<\/p>\n<p>Vous pouvez am\u00e9liorer ce bras avec une Crossbar Filex pour 2 \u00e9crans.<br \/>\nSi vous ne voulez plus passer sous votre bureau pour brancher votre appareil USB, une pince de plateau avec 2 fiches USB int\u00e9gr\u00e9es est \u00e9galement disponible en option.<\/p>\n<p>Ce bras support d&#8217;\u00e9cran est disponible en blanc, noir, aluminium et chrome. N&#8217;h\u00e9sitez pas \u00e0 nous contacter pour vous renseigner sur nos possibilit\u00e9s !<\/p>\n","protected":false},"excerpt":{"rendered":"<p>Le bras support d&#8217;\u00e9cran simple Filex Chicago ! Un bras support d&#8217;\u00e9cran \u00e0 v\u00e9rin \u00e0 gaz dynamique avec 1 bras s\u00e9par\u00e9, qui offre la plus grande facilit\u00e9 de r\u00e9glage ! Ce bras support d&#8217;\u00e9cran est pr\u00e9vu pour 1 moniteur, mais peut \u00eatre \u00e9tendu facilement au moyen d&#8217;une Crossbar et d&#8217;une t\u00eate VESA pour Crossbar ! Gr\u00e2ce \u00e0 la finition \u00e9pur\u00e9e du Chicago, vous cr\u00e9ez un poste de travail bien rang\u00e9 et moderne !<\/p>\n","protected":false},"featured_media":54598,"template":"","meta":{"_acf_changed":false},"product_brand":[],"product_cat":[606,608,630],"product_tag":[],"class_list":{"0":"post-28049","1":"product","2":"type-product","3":"status-publish","4":"has-post-thumbnail","6":"product_cat-bras-de-moniteur","7":"product_cat-1-scherm-fr","8":"product_cat-bras-de-moniteur-chicago","9":"pa_kleur-argent","10":"pa_kleur-blanc","11":"pa_kleur-chrome-fr","12":"pa_kleur-noir","14":"first","15":"instock","16":"shipping-taxable","17":"purchasable","18":"product-type-variable","19":"has-default-attributes"},"acf":[],"_links":{"self":[{"href":"https:\/\/www.filex.nl\/fr\/wp-json\/wp\/v2\/product\/28049","targetHints":{"allow":["GET"]}}],"collection":[{"href":"https:\/\/www.filex.nl\/fr\/wp-json\/wp\/v2\/product"}],"about":[{"href":"https:\/\/www.filex.nl\/fr\/wp-json\/wp\/v2\/types\/product"}],"wp:featuredmedia":[{"embeddable":true,"href":"https:\/\/www.filex.nl\/fr\/wp-json\/wp\/v2\/media\/54598"}],"wp:attachment":[{"href":"https:\/\/www.filex.nl\/fr\/wp-json\/wp\/v2\/media?parent=28049"}],"wp:term":[{"taxonomy":"product_brand","embeddable":true,"href":"https:\/\/www.filex.nl\/fr\/wp-json\/wp\/v2\/product_brand?post=28049"},{"taxonomy":"product_cat","embeddable":true,"href":"https:\/\/www.filex.nl\/fr\/wp-json\/wp\/v2\/product_cat?post=28049"},{"taxonomy":"product_tag","embeddable":true,"href":"https:\/\/www.filex.nl\/fr\/wp-json\/wp\/v2\/product_tag?post=28049"}],"curies":[{"name":"wp","href":"https:\/\/api.w.org\/{rel}","templated":true}]}}