{"id":28104,"date":"2022-01-07T18:09:01","date_gmt":"2023-10-23T11:53:28","guid":{"rendered":"https:\/\/www.filex.nl\/product\/qi-power-spot-hdmi-module\/"},"modified":"2024-10-18T15:33:38","modified_gmt":"2024-10-18T15:33:38","slug":"module-hdmi-qi-power-spot","status":"publish","type":"product","link":"https:\/\/www.filex.nl\/fr\/produit\/module-hdmi-qi-power-spot\/","title":{"rendered":"Module HDMI QI Power-Spot\u00ae"},"content":{"rendered":"<p>Le module HDMI Filex pour la Filex QI Power-Spot\u00ae ! Les bonnes fiches toujours \u00e0 port\u00e9e de main dans la m\u00eame unit\u00e9 d&#8217;\u00e9lectrification !<\/p>\n<p>Ce module HDMI est destin\u00e9 au num\u00e9ro d&#8217;article 681078 (couleur : blanc). Dans ce QI Power-Spot correspondant, un Keystone peut \u00eatre \u00e9chang\u00e9 par l&#8217;un des modules compatibles Filex. Attention : aucun autre Keystone ne peut \u00eatre plac\u00e9 ici que les modules de Filex (voir aussi nos autres possibilit\u00e9s de modules Filex).<\/p>\n<p>Options du module Filex :<br \/>\n681083 &#8211; Filex module HDMI \u2013 Blanc<br \/>\n681084 &#8211; Filex module HDMI \u2013 Noir<br \/>\n681081 &#8211; Filex module RJ45 \u2013 Blanc<br \/>\n681082 &#8211; Filex module RJ45 \u2013 Noir<br \/>\n681085 &#8211; Filex module d&#8217;extension USB \u2013 Blanc<br \/>\n681086 &#8211; Filex module d&#8217;extension USB \u2013 Noir<\/p>\n<p>Naturellement, cette unit\u00e9 d&#8217;\u00e9lectrification est certifi\u00e9e CE.<\/p>\n","protected":false},"excerpt":{"rendered":"<p>Les modules Filex pour la Filex QI Power-Spot\u00ae ! Le QI Power Spot\u00ae encastr\u00e9 int\u00e8gre un passe-c\u00e2bles que vous pouvez facilement remplacer par l&#8217;un des modules Filex ! Ainsi, vous avez la possibilit\u00e9 d&#8217;ajouter directement la fiche qui vous manque encore dans l&#8217;unit\u00e9 ! D\u00e9couvrez nos options\u00a0!<\/p>\n","protected":false},"featured_media":15229,"template":"","meta":{"_acf_changed":false},"product_brand":[],"product_cat":[656,566],"product_tag":[],"class_list":{"0":"post-28104","1":"product","2":"type-product","3":"status-publish","4":"has-post-thumbnail","6":"product_cat-electrification-power-spot","7":"product_cat-electrification","8":"pa_kleur-blanc","9":"pa_kleur-noir","11":"first","12":"instock","13":"shipping-taxable","14":"purchasable","15":"product-type-variable","16":"has-default-attributes"},"acf":[],"_links":{"self":[{"href":"https:\/\/www.filex.nl\/fr\/wp-json\/wp\/v2\/product\/28104","targetHints":{"allow":["GET"]}}],"collection":[{"href":"https:\/\/www.filex.nl\/fr\/wp-json\/wp\/v2\/product"}],"about":[{"href":"https:\/\/www.filex.nl\/fr\/wp-json\/wp\/v2\/types\/product"}],"wp:featuredmedia":[{"embeddable":true,"href":"https:\/\/www.filex.nl\/fr\/wp-json\/wp\/v2\/media\/15229"}],"wp:attachment":[{"href":"https:\/\/www.filex.nl\/fr\/wp-json\/wp\/v2\/media?parent=28104"}],"wp:term":[{"taxonomy":"product_brand","embeddable":true,"href":"https:\/\/www.filex.nl\/fr\/wp-json\/wp\/v2\/product_brand?post=28104"},{"taxonomy":"product_cat","embeddable":true,"href":"https:\/\/www.filex.nl\/fr\/wp-json\/wp\/v2\/product_cat?post=28104"},{"taxonomy":"product_tag","embeddable":true,"href":"https:\/\/www.filex.nl\/fr\/wp-json\/wp\/v2\/product_tag?post=28104"}],"curies":[{"name":"wp","href":"https:\/\/api.w.org\/{rel}","templated":true}]}}