{"id":28125,"date":"2022-01-07T18:09:01","date_gmt":"2023-10-23T11:53:32","guid":{"rendered":"https:\/\/www.filex.nl\/product\/power-desk-insert-2x-230v-2x-usb-charger-1x-keystone\/"},"modified":"2025-04-30T13:37:14","modified_gmt":"2025-04-30T13:37:14","slug":"power-desk-insert-2x-230v-2x-chargeur-usb-1x-keystone","status":"publish","type":"product","link":"https:\/\/www.filex.nl\/fr\/produit\/power-desk-insert-2x-230v-2x-chargeur-usb-1x-keystone\/","title":{"rendered":"Power Desk Insert &#8211; 2x 230V + 2x chargeur USB + 1x Keystone"},"content":{"rendered":"<p>Power Desk Insert ! Power Desk Insert est l&#8217;unit\u00e9 encastr\u00e9e discr\u00e8te de r\u00e9f\u00e9rence au look mince et moderne ! L&#8217;unit\u00e9 mince dispara\u00eet dans votre bureau, paroi ou meuble. Indispensable si vous optez pour un design moderne avec le mat\u00e9riel d&#8217;\u00e9lectrification dernier cri correspondant sur un poste de travail !<\/p>\n<p>L&#8217;unit\u00e9 est facile \u00e0 monter et peut, gr\u00e2ce \u00e0 sa faible hauteur d&#8217;encastrement, \u00e9galement \u00eatre mont\u00e9e dans les plus petits espaces d&#8217;encastrement. Cette unit\u00e9 est d\u00e9j\u00e0 \u00e9quip\u00e9e de s\u00e9rie d&#8217;un c\u00e2ble fixe d&#8217;une longueur de 50 cm avec une fiche c<span data-teams=\"true\">onnecteur enfichable 3 p\u00f4les<\/span> \u00e0 l&#8217;extr\u00e9mit\u00e9. Vous voulez brancher l&#8217;unit\u00e9 sur une prise de courant ? Jetez un \u0153il \u00e0 notre gamme de cordons de raccordement pour trouver les bonnes dimensions !<\/p>\n<p>L&#8217;unit\u00e9 encastr\u00e9e est \u00e9quip\u00e9e de 2 x fiche 230V, de 2 x charge SUB-A et de 1 x Keystone (2 emplacements libres), qui peuvent accueillir, par exemple : connecteurs de donn\u00e9es RJ 45, CAT 5 en CAT 6, USB 2.0\/3.0, USB-C, HDMI, VGA, ou peut s&#8217;utiliser comme passe-c\u00e2bles.<\/p>\n<p>Gr\u00e2ce \u00e0 cette configuration, vous pouvez alimenter aussi bien votre ordinateur portable que votre t\u00e9l\u00e9phone et vos autres appareils ! Et qui plus est, cette unit\u00e9 encastr\u00e9e Power Desk Insert est certifi\u00e9e CE mais aussi T\u00dcV ! Pour nous, la s\u00e9curit\u00e9 et la qualit\u00e9 passent avant tout !<\/p>\n<p>Livrable dans les couleurs suivantes : noir avec aluminium ou blanc avec aluminium.<br \/>\nRemarque : livraison sans vis.<\/p>\n<p>Conseil : jetez \u00e9galement un \u0153il \u00e0 nos blocs Keystone pour remplir votre Keystone ! Vous ne pr\u00e9f\u00e9rez pas le remplir ? Vous pouvez \u00e9galement toujours choisir de le laisser vide avec la plaque pr\u00e9mont\u00e9e de s\u00e9rie.<\/p>\n","protected":false},"excerpt":{"rendered":"<p>Power Desk Insert ! L&#8217;unit\u00e9 d&#8217;\u00e9lectrification encastr\u00e9e de r\u00e9f\u00e9rence au design discret et moderne qui vous manque encore sur votre bureau ou table de conf\u00e9rence ! Gr\u00e2ce \u00e0 son design mince, cette unit\u00e9 s&#8217;int\u00e8gre \u00e9galement facilement dans votre mur ou tout autre meuble et il ne vous manque plus jamais les bonnes fiches d&#8217;\u00e9lectrification !<\/p>\n","protected":false},"featured_media":53075,"template":"","meta":{"_acf_changed":false},"product_brand":[],"product_cat":[566,569],"product_tag":[],"class_list":{"0":"post-28125","1":"product","2":"type-product","3":"status-publish","4":"has-post-thumbnail","6":"product_cat-electrification","7":"product_cat-inbouw-fr","8":"pa_kleur-blanc-aluminium","9":"pa_kleur-noir-aluminium","11":"first","12":"instock","13":"shipping-taxable","14":"purchasable","15":"product-type-variable","16":"has-default-attributes"},"acf":[],"_links":{"self":[{"href":"https:\/\/www.filex.nl\/fr\/wp-json\/wp\/v2\/product\/28125","targetHints":{"allow":["GET"]}}],"collection":[{"href":"https:\/\/www.filex.nl\/fr\/wp-json\/wp\/v2\/product"}],"about":[{"href":"https:\/\/www.filex.nl\/fr\/wp-json\/wp\/v2\/types\/product"}],"wp:featuredmedia":[{"embeddable":true,"href":"https:\/\/www.filex.nl\/fr\/wp-json\/wp\/v2\/media\/53075"}],"wp:attachment":[{"href":"https:\/\/www.filex.nl\/fr\/wp-json\/wp\/v2\/media?parent=28125"}],"wp:term":[{"taxonomy":"product_brand","embeddable":true,"href":"https:\/\/www.filex.nl\/fr\/wp-json\/wp\/v2\/product_brand?post=28125"},{"taxonomy":"product_cat","embeddable":true,"href":"https:\/\/www.filex.nl\/fr\/wp-json\/wp\/v2\/product_cat?post=28125"},{"taxonomy":"product_tag","embeddable":true,"href":"https:\/\/www.filex.nl\/fr\/wp-json\/wp\/v2\/product_tag?post=28125"}],"curies":[{"name":"wp","href":"https:\/\/api.w.org\/{rel}","templated":true}]}}