{"id":28144,"date":"2022-01-07T18:09:00","date_gmt":"2023-10-23T11:53:39","guid":{"rendered":"https:\/\/www.filex.nl\/product\/power-desk-in-2x-230v-2x-usb-charger-1x-keystone\/"},"modified":"2025-09-06T21:19:04","modified_gmt":"2025-09-06T21:19:04","slug":"power-desk-in-2x-230v-2x-chargeur-usb-1x-keystone","status":"publish","type":"product","link":"https:\/\/www.filex.nl\/fr\/produit\/power-desk-in-2x-230v-2x-chargeur-usb-1x-keystone\/","title":{"rendered":"Power Desk In &#8211; 2x 230V + 2x chargeur USB + 1x Keystone"},"content":{"rendered":"<p>Power Desk In ! L&#8217;unit\u00e9 d&#8217;\u00e9lectrification encastr\u00e9e de r\u00e9f\u00e9rence au design moderne et convivial ! Vous avez opt\u00e9 pour l&#8217;unit\u00e9 avec 2 x fiche d&#8217;alimentation et 1 x possibilit\u00e9 Keystone dans laquelle vous pouvez placer pas moins de 2 blocs Keystone !<\/p>\n<p>L&#8217;unit\u00e9 Desk In est facile \u00e0 encastrer dans votre bureau et vous offre une solution au look \u00e9pur\u00e9 pour l&#8217;\u00e9lectrification n\u00e9cessaire. La Desk In est dot\u00e9e d&#8217;un couvercle qui peut \u00eatre ouvert ou ferm\u00e9 en douceur et de mani\u00e8re progressive d&#8217;une simple pression du doigt.<\/p>\n<p>L&#8217;unit\u00e9 est facile \u00e0 monter et dot\u00e9e d&#8217;un cordon de raccordement d&#8217;une longueur de 1 m\u00e8tre avec une fiche c<span data-teams=\"true\">onnecteur enfichable 3 p\u00f4les<\/span> \u00e0 l&#8217;extr\u00e9mit\u00e9. L&#8217;unit\u00e9 encastr\u00e9e est \u00e9quip\u00e9e de 2 x fiche 230V et de 1 x Keystone (2 emplacements libres) qui peuvent, par exemple, accueillir : connecteurs de donn\u00e9es RJ 45, CAT 5 et CAT 6, USB 2.0\/3.0, USB-C, HDMI, VGA, ou peut s&#8217;utiliser comme passe-c\u00e2bles (\u00e9paisseur de plateau max. 58 mm).<\/p>\n<p>Gr\u00e2ce \u00e0 cette configuration, vous pouvez alimenter aussi bien votre ordinateur portable que votre t\u00e9l\u00e9phone et vos autres appareils ! Et qui plus est, cette unit\u00e9 en saillie Power Desk est bien s\u00fbr certifi\u00e9e CE mais aussi T\u00dcV ! Pour nous, la s\u00e9curit\u00e9 et la qualit\u00e9 passent avant tout !<\/p>\n<p>Livrable dans les couleurs suivantes : noir, blanc et inox.<br \/>\nConseil : jetez \u00e9galement un \u0153il \u00e0 nos blocs Keystone pour remplir votre Keystone ! Vous ne pr\u00e9f\u00e9rez pas le remplir ? Vous pouvez choisir de le laisser vide avec la plaque pr\u00e9mont\u00e9e de s\u00e9rie.<\/p>\n","protected":false},"excerpt":{"rendered":"<p>Power Desk In ! Une excellente solution pour toute l&#8217;\u00e9lectrification dont vous avez besoin, proprement dissimul\u00e9e lorsque vous ne l&#8217;utilisez pas, sur votre poste de travail ou table de conf\u00e9rence ! Les Keystones vous permettent d&#8217;ajouter chaque fiche qui vous manque encore !<\/p>\n","protected":false},"featured_media":35768,"template":"","meta":{"_acf_changed":false},"product_brand":[],"product_cat":[631,566],"product_tag":[],"class_list":{"0":"post-28144","1":"product","2":"type-product","3":"status-publish","4":"has-post-thumbnail","6":"product_cat-electrification-desk-in","7":"product_cat-electrification","8":"pa_kleur-blanc","9":"pa_kleur-inox-rvs-fr","10":"pa_kleur-noir","12":"first","13":"instock","14":"shipping-taxable","15":"purchasable","16":"product-type-variable","17":"has-default-attributes"},"acf":[],"_links":{"self":[{"href":"https:\/\/www.filex.nl\/fr\/wp-json\/wp\/v2\/product\/28144","targetHints":{"allow":["GET"]}}],"collection":[{"href":"https:\/\/www.filex.nl\/fr\/wp-json\/wp\/v2\/product"}],"about":[{"href":"https:\/\/www.filex.nl\/fr\/wp-json\/wp\/v2\/types\/product"}],"wp:featuredmedia":[{"embeddable":true,"href":"https:\/\/www.filex.nl\/fr\/wp-json\/wp\/v2\/media\/35768"}],"wp:attachment":[{"href":"https:\/\/www.filex.nl\/fr\/wp-json\/wp\/v2\/media?parent=28144"}],"wp:term":[{"taxonomy":"product_brand","embeddable":true,"href":"https:\/\/www.filex.nl\/fr\/wp-json\/wp\/v2\/product_brand?post=28144"},{"taxonomy":"product_cat","embeddable":true,"href":"https:\/\/www.filex.nl\/fr\/wp-json\/wp\/v2\/product_cat?post=28144"},{"taxonomy":"product_tag","embeddable":true,"href":"https:\/\/www.filex.nl\/fr\/wp-json\/wp\/v2\/product_tag?post=28144"}],"curies":[{"name":"wp","href":"https:\/\/api.w.org\/{rel}","templated":true}]}}