{"id":28155,"date":"2022-01-07T18:09:00","date_gmt":"2023-10-23T11:53:42","guid":{"rendered":"https:\/\/www.filex.nl\/product\/qi-power-spot\/"},"modified":"2025-04-30T13:38:43","modified_gmt":"2025-04-30T13:38:43","slug":"qi-power-spot","status":"publish","type":"product","link":"https:\/\/www.filex.nl\/fr\/produit\/qi-power-spot\/","title":{"rendered":"QI Power-Spot\u00ae"},"content":{"rendered":"<p>QI Power-Spot\u00ae maintenant avec chargeur QI sans fil, chargeur USB-A et USB-C !<\/p>\n<p>L&#8217;unit\u00e9 encastr\u00e9e &#8220;All-in One&#8221; ronde. La r\u00e9f\u00e9rence devenue indispensable sur votre poste de travail !<\/p>\n<p>Cette unit\u00e9 d&#8217;\u00e9lectrification de pr\u00e9sente un look moderne et un design &#8220;Made in Netherland&#8221; unique. L&#8217;unit\u00e9 d&#8217;alimentation peut \u00eatre encastr\u00e9e dans votre bureau. Ainsi, elle est joliment dissimul\u00e9e et vous avez encore toujours un bureau d\u00e9gag\u00e9.<\/p>\n<p>L&#8217;unit\u00e9 est \u00e9quip\u00e9e de s\u00e9rie de 1 x 230 V, 1 x chargeur USB-A+C (2,5A-5V) et de 1 x un module passe-c\u00e2bles (interchangeable), vous permettant de basculer \u00e0 tout moment entre HDMI, fiche RJ45 ou module d&#8217;extension USB (voir options ci-dessous). Vous pr\u00e9f\u00e9rez quand m\u00eame une prise fran\u00e7aise au lieu d&#8217;une prise de terre ? Nous l&#8217;avons \u00e9galement dans notre assortiment (num\u00e9ro d&#8217;article 681097) !<\/p>\n<p>Cette unit\u00e9 encastr\u00e9e ronde est m\u00eame encore dot\u00e9e d&#8217;une fonction suppl\u00e9mentaire !<\/p>\n<p>Outre le fait que l&#8217;unit\u00e9 d&#8217;alimentation soit \u00e9quip\u00e9e d&#8217;un couvercle pratique qui emp\u00eache la poussi\u00e8re et les salet\u00e9s de p\u00e9n\u00e9trer, vous pouvez aussi recharger votre smartphone \u00e0 l&#8217;int\u00e9rieur de ce couvercle gr\u00e2ce \u00e0 la technologie QI int\u00e9gr\u00e9e !<\/p>\n<p>Tous les dispositifs dans une seule unit\u00e9 : que demander de plus ?<\/p>\n<p>Filex QI Power-Spot\u00ae est dot\u00e9 d&#8217;un cordon de raccordement de 2 m\u00e8tre avec prise de terre et disponible dans les couleurs suivantes : blanc ou noir. \u00d8 80 mm. Un module diff\u00e9rent du passe-c\u00e2bles dans votre unit\u00e9 ? Contactez-nous directement pour conna\u00eetre toutes les possibilit\u00e9s !<\/p>\n<p>Options du module Filex :<br \/>\n681083 &#8211; module HDMI Blanc<br \/>\n681084 &#8211; module HDMI Noir<br \/>\n681081 &#8211; module RJ45 Blanc<br \/>\n681082 &#8211; module RJ45 Noir<br \/>\n681085 &#8211; module d&#8217;extension USB Blanc<br \/>\n681086 &#8211; module d&#8217;extension USB Noir<\/p>\n<p>Naturellement, cette unit\u00e9 d&#8217;\u00e9lectrification est certifi\u00e9e CE.<\/p>\n<p>Specs:<br \/>\nWireless charger: 1V, 5V, 5W<br \/>\nUSB A single: 5V, 2.4A, 12W<br \/>\nUSB C single: 5V, 2.4A, 12W<br \/>\nUSB A&amp; C: 5V, 2.4A, 12W<\/p>\n","protected":false},"excerpt":{"rendered":"<p>La QI Power-Spot\u00ae ! Une unit\u00e9 d&#8217;\u00e9lectrification encastr\u00e9e ronde tr\u00e8s pratique ! Facile \u00e0 encastrer dans votre poste de t\u00e9l\u00e9travail, au bureau ou dans une salle de r\u00e9union, pour avoir toute l&#8217;\u00e9lectrification \u00e0 port\u00e9e de main ! Vous pouvez m\u00eame charger sans fil !<\/p>\n","protected":false},"featured_media":55164,"template":"","meta":{"_acf_changed":false},"product_brand":[],"product_cat":[656,566],"product_tag":[],"class_list":{"0":"post-28155","1":"product","2":"type-product","3":"status-publish","4":"has-post-thumbnail","6":"product_cat-electrification-power-spot","7":"product_cat-electrification","8":"pa_kleur-blanc","9":"pa_kleur-noir","11":"first","12":"instock","13":"shipping-taxable","14":"purchasable","15":"product-type-variable","16":"has-default-attributes"},"acf":[],"_links":{"self":[{"href":"https:\/\/www.filex.nl\/fr\/wp-json\/wp\/v2\/product\/28155","targetHints":{"allow":["GET"]}}],"collection":[{"href":"https:\/\/www.filex.nl\/fr\/wp-json\/wp\/v2\/product"}],"about":[{"href":"https:\/\/www.filex.nl\/fr\/wp-json\/wp\/v2\/types\/product"}],"wp:featuredmedia":[{"embeddable":true,"href":"https:\/\/www.filex.nl\/fr\/wp-json\/wp\/v2\/media\/55164"}],"wp:attachment":[{"href":"https:\/\/www.filex.nl\/fr\/wp-json\/wp\/v2\/media?parent=28155"}],"wp:term":[{"taxonomy":"product_brand","embeddable":true,"href":"https:\/\/www.filex.nl\/fr\/wp-json\/wp\/v2\/product_brand?post=28155"},{"taxonomy":"product_cat","embeddable":true,"href":"https:\/\/www.filex.nl\/fr\/wp-json\/wp\/v2\/product_cat?post=28155"},{"taxonomy":"product_tag","embeddable":true,"href":"https:\/\/www.filex.nl\/fr\/wp-json\/wp\/v2\/product_tag?post=28155"}],"curies":[{"name":"wp","href":"https:\/\/api.w.org\/{rel}","templated":true}]}}