{"id":28179,"date":"2022-01-07T18:08:52","date_gmt":"2023-10-23T11:53:48","guid":{"rendered":"https:\/\/www.filex.nl\/product\/keystone-hdmi\/"},"modified":"2024-10-18T15:33:40","modified_gmt":"2024-10-18T15:33:40","slug":"keystone-hdmi","status":"publish","type":"product","link":"https:\/\/www.filex.nl\/fr\/produit\/keystone-hdmi\/","title":{"rendered":"Keystone HDMI"},"content":{"rendered":"<p>Keystones Filex : indispensables ! <\/p>\n<p>Des Keystones peuvent \u00eatre utilis\u00e9s dans des emplacements vides de la s\u00e9rie Filex Desk Up\u00ae 1.0 ou 2.0, par exemple. <\/p>\n<p>Pour des raisons de s\u00e9curit\u00e9, tous les connecteurs \u00e9lectriques et les possibilit\u00e9s de charge USB sont toujours fixes, mais si vous souhaitez \u00e9galement une fiche HDMI, il vous suffit donc d&#8217;ajouter un Keystone dans les emplacements Keystone vides ! <\/p>\n<p>Vous pouvez \u00e0 tout moment placer 2 Keystones par emplacement Keystone vide. Ce module peut \u00eatre utilis\u00e9 pour transf\u00e9rer des images, entre autres. <\/p>\n<p>Gr\u00e2ce aux dimensions standard, il peut \u00eatre utilis\u00e9 pour un montage enfichable facile. <\/p>\n<p>Sp\u00e9cifications : fiche HDMI A femelle>HDMI A femelle. Pour ports Keystone de 19,2 x 14,9 mm. Dimensions (LxlxH) : 35,2 x 17,3 x 22,3 mm. <\/p>\n<p>Livrable dans les couleurs noir et blanc.<\/p>\n","protected":false},"excerpt":{"rendered":"<p>Les Keystones Filex ! Indispensables sur chaque poste de travail avec une unit\u00e9 d&#8217;\u00e9lectrification. En ajoutant ces Keystone \u00e0 l&#8217;emplacement vide de votre unit\u00e9 d&#8217;\u00e9lectrification, c&#8217;est laflexibilit\u00e9 assur\u00e9e !<\/p>\n","protected":false},"featured_media":42885,"template":"","meta":{"_acf_changed":false},"product_brand":[],"product_cat":[566],"product_tag":[],"class_list":{"0":"post-28179","1":"product","2":"type-product","3":"status-publish","4":"has-post-thumbnail","6":"product_cat-electrification","7":"pa_kleur-blanc","8":"pa_kleur-noir","10":"first","11":"instock","12":"shipping-taxable","13":"purchasable","14":"product-type-variable","15":"has-default-attributes"},"acf":[],"_links":{"self":[{"href":"https:\/\/www.filex.nl\/fr\/wp-json\/wp\/v2\/product\/28179","targetHints":{"allow":["GET"]}}],"collection":[{"href":"https:\/\/www.filex.nl\/fr\/wp-json\/wp\/v2\/product"}],"about":[{"href":"https:\/\/www.filex.nl\/fr\/wp-json\/wp\/v2\/types\/product"}],"wp:featuredmedia":[{"embeddable":true,"href":"https:\/\/www.filex.nl\/fr\/wp-json\/wp\/v2\/media\/42885"}],"wp:attachment":[{"href":"https:\/\/www.filex.nl\/fr\/wp-json\/wp\/v2\/media?parent=28179"}],"wp:term":[{"taxonomy":"product_brand","embeddable":true,"href":"https:\/\/www.filex.nl\/fr\/wp-json\/wp\/v2\/product_brand?post=28179"},{"taxonomy":"product_cat","embeddable":true,"href":"https:\/\/www.filex.nl\/fr\/wp-json\/wp\/v2\/product_cat?post=28179"},{"taxonomy":"product_tag","embeddable":true,"href":"https:\/\/www.filex.nl\/fr\/wp-json\/wp\/v2\/product_tag?post=28179"}],"curies":[{"name":"wp","href":"https:\/\/api.w.org\/{rel}","templated":true}]}}