{"id":28212,"date":"2022-01-07T18:08:51","date_gmt":"2023-10-23T11:53:56","guid":{"rendered":"https:\/\/www.filex.nl\/product\/keystone-usb-2-0\/"},"modified":"2023-11-24T16:52:32","modified_gmt":"2023-11-24T16:52:32","slug":"keystone-usb-2-0","status":"publish","type":"product","link":"https:\/\/www.filex.nl\/fr\/produit\/keystone-usb-2-0\/","title":{"rendered":"Keystone USB 2.0"},"content":{"rendered":"<p>Keystones Filex : indispensables ! <\/p>\n<p>Des Keystones peuvent \u00eatre utilis\u00e9s dans des emplacements vides de la s\u00e9rie Filex Desk Up\u00ae 1.0 ou 2.0, par exemple. <\/p>\n<p>Pour des raisons de s\u00e9curit\u00e9, tous les connecteurs \u00e9lectriques et les possibilit\u00e9s de charge USB sont toujours fixes, mais si vous souhaitez \u00e9galement une extension USB 2.0, il vous suffit donc d&#8217;ajouter un Keystone dans les emplacements Keystone vides ! <\/p>\n<p>Vous pouvez \u00e0 tout moment placer 2 Keystones par emplacement Keystone vide. Ce module peut \u00eatre utilis\u00e9, entre autres, pour rallonger un c\u00e2ble USB. <\/p>\n<p>Gr\u00e2ce aux dimensions standard, il peut \u00eatre utilis\u00e9 pour un montage enfichable facile. <\/p>\n<p>Sp\u00e9cifications : fiche USB 2.0 A femelle>USB 2.0 A femelle. Pour ports Keystone de 19,2 x 14,9 mm. Dimensions (LxlxH) : 34,4 x 22,3 x 16,8 mm. <\/p>\n<p>Livrable dans les couleurs noir et blanc.<\/p>\n","protected":false},"excerpt":{"rendered":"<p>Les Keystones Filex ! Indispensables sur chaque poste de travail avec une unit\u00e9 d&#8217;\u00e9lectrification. En ajoutant ces Keystone \u00e0 l&#8217;emplacement vide de votre unit\u00e9 d&#8217;\u00e9lectrification, c&#8217;est laflexibilit\u00e9 assur\u00e9e !<\/p>\n","protected":false},"featured_media":15169,"template":"","meta":{"_acf_changed":false},"product_brand":[],"product_cat":[566],"product_tag":[],"class_list":{"0":"post-28212","1":"product","2":"type-product","3":"status-publish","4":"has-post-thumbnail","6":"product_cat-electrification","7":"pa_kleur-blanc","8":"pa_kleur-noir","10":"first","11":"instock","12":"shipping-taxable","13":"purchasable","14":"product-type-variable","15":"has-default-attributes"},"acf":[],"_links":{"self":[{"href":"https:\/\/www.filex.nl\/fr\/wp-json\/wp\/v2\/product\/28212","targetHints":{"allow":["GET"]}}],"collection":[{"href":"https:\/\/www.filex.nl\/fr\/wp-json\/wp\/v2\/product"}],"about":[{"href":"https:\/\/www.filex.nl\/fr\/wp-json\/wp\/v2\/types\/product"}],"wp:featuredmedia":[{"embeddable":true,"href":"https:\/\/www.filex.nl\/fr\/wp-json\/wp\/v2\/media\/15169"}],"wp:attachment":[{"href":"https:\/\/www.filex.nl\/fr\/wp-json\/wp\/v2\/media?parent=28212"}],"wp:term":[{"taxonomy":"product_brand","embeddable":true,"href":"https:\/\/www.filex.nl\/fr\/wp-json\/wp\/v2\/product_brand?post=28212"},{"taxonomy":"product_cat","embeddable":true,"href":"https:\/\/www.filex.nl\/fr\/wp-json\/wp\/v2\/product_cat?post=28212"},{"taxonomy":"product_tag","embeddable":true,"href":"https:\/\/www.filex.nl\/fr\/wp-json\/wp\/v2\/product_tag?post=28212"}],"curies":[{"name":"wp","href":"https:\/\/api.w.org\/{rel}","templated":true}]}}