{"id":28302,"date":"2022-01-07T18:08:40","date_gmt":"2023-10-23T11:55:00","guid":{"rendered":"https:\/\/www.filex.nl\/product\/power-desk-up-2-0-2x-230v-2x-usb-charge\/"},"modified":"2025-04-30T14:36:17","modified_gmt":"2025-04-30T14:36:17","slug":"power-desk-up-2-0-2x-230v-2x-charge-usb","status":"publish","type":"product","link":"https:\/\/www.filex.nl\/fr\/produit\/power-desk-up-2-0-2x-230v-2x-charge-usb\/","title":{"rendered":"Power Desk Up\u00ae 2.0 &#8211; 2x 230V, 2x charge USB"},"content":{"rendered":"<p>S\u00e9rie Desk Up\u00ae 2.0. Une nouvelle unit\u00e9 en saillie au design nouveau, mince et moderne, fabriqu\u00e9e en tenant compte de vous, utilisateur. Ainsi, elle est tr\u00e8s facile d&#8217;utilisation !<\/p>\n<p>Cette unit\u00e9 en saillie \u00e9pur\u00e9e est \u00e9quip\u00e9e de s\u00e9rie de 2 pinces pour des \u00e9paisseurs de plateau de 0 \u00e0 50 mm. L&#8217;unit\u00e9 se fixe facilement d&#8217;en haut et est dot\u00e9e d&#8217;un cordon de raccordement fixe \u00e0 l&#8217;arri\u00e8re d&#8217;une longueur de 1 m\u00e8tre avec fiche c<span data-teams=\"true\">onnecteur enfichable 3 p\u00f4les<\/span>.<\/p>\n<p>Vous avez un plateau biseaut\u00e9 ? \u00c7a non plus, ce n&#8217;est pas un probl\u00e8me avec cette s\u00e9rie Desk Up\u00ae 2.0 !<\/p>\n<p>Cette unit\u00e9 en saillie est \u00e9quip\u00e9e de 2 x fiche 230V et d&#8217;un double chargeur USB-A.<\/p>\n<p>Conseil : cette s\u00e9rie est \u00e9galement livrable avec 1 x emplacement Keystone vide ou une charge USB (aussi bien USB-A qu&#8217;USB-C). Vous pouvez remplir l&#8217;emplacement Keystone vide avec 2 blocs Keystone au choix (par exemple pour des Keystones de donn\u00e9es RJ 45 CAT 6 et 6A, USB 2.0\/3.0, HDMI, VGA, ou l&#8217;utiliser comme passe-c\u00e2bles).<\/p>\n<p>Et qui plus est, cette unit\u00e9 en saillie Power Desk Up\u00ae est naturellement certifi\u00e9e CE, et maintenant aussi T\u00dcV ! Pour nous, la s\u00e9curit\u00e9 et la qualit\u00e9 passent avant tout !<\/p>\n<p>N&#8217;oubliez pas de commander en plus un cordon de raccordement d&#8217;une longueur au choix pour pouvoir brancher l&#8217;unit\u00e9 sur un point d&#8217;alimentation avec un c\u00e2ble appropri\u00e9.<\/p>\n<p>Couleurs livrables : noir et blanc.<\/p>\n","protected":false},"excerpt":{"rendered":"<p>La s\u00e9rie Desk Up\u00ae 2.0 ! L&#8217;unit\u00e9 d&#8217;\u00e9lectrification en saillie polyvalente de r\u00e9f\u00e9rence, qui peut \u00eatre fix\u00e9e aussi bien sur votre bureau, que sur un plateau biseaut\u00e9 ! D\u00e9couvrez toutes nos possibilit\u00e9s et nos nombreuses options pour trouver l&#8217;unit\u00e9 qui r\u00e9pond \u00e0 vos souhaits sp\u00e9cifiques !<\/p>\n","protected":false},"featured_media":55106,"template":"","meta":{"_acf_changed":false},"product_brand":[],"product_cat":[638,642,566],"product_tag":[],"class_list":{"0":"post-28302","1":"product","2":"type-product","3":"status-publish","4":"has-post-thumbnail","6":"product_cat-desk-up-2-0-elektrificatie-fr","7":"product_cat-electrification-desk-up","8":"product_cat-electrification","9":"pa_kleur-blanc","10":"pa_kleur-noir","12":"first","13":"instock","14":"shipping-taxable","15":"purchasable","16":"product-type-variable","17":"has-default-attributes"},"acf":[],"_links":{"self":[{"href":"https:\/\/www.filex.nl\/fr\/wp-json\/wp\/v2\/product\/28302","targetHints":{"allow":["GET"]}}],"collection":[{"href":"https:\/\/www.filex.nl\/fr\/wp-json\/wp\/v2\/product"}],"about":[{"href":"https:\/\/www.filex.nl\/fr\/wp-json\/wp\/v2\/types\/product"}],"wp:featuredmedia":[{"embeddable":true,"href":"https:\/\/www.filex.nl\/fr\/wp-json\/wp\/v2\/media\/55106"}],"wp:attachment":[{"href":"https:\/\/www.filex.nl\/fr\/wp-json\/wp\/v2\/media?parent=28302"}],"wp:term":[{"taxonomy":"product_brand","embeddable":true,"href":"https:\/\/www.filex.nl\/fr\/wp-json\/wp\/v2\/product_brand?post=28302"},{"taxonomy":"product_cat","embeddable":true,"href":"https:\/\/www.filex.nl\/fr\/wp-json\/wp\/v2\/product_cat?post=28302"},{"taxonomy":"product_tag","embeddable":true,"href":"https:\/\/www.filex.nl\/fr\/wp-json\/wp\/v2\/product_tag?post=28302"}],"curies":[{"name":"wp","href":"https:\/\/api.w.org\/{rel}","templated":true}]}}