{"id":28314,"date":"2022-01-07T18:08:40","date_gmt":"2023-10-23T11:55:06","guid":{"rendered":"https:\/\/www.filex.nl\/product\/power-desk-up-1-0-2x-230v-1x-keystone\/"},"modified":"2025-04-30T13:59:42","modified_gmt":"2025-04-30T13:59:42","slug":"power-desk-up-1-0-2x-230v-1x-keystone","status":"publish","type":"product","link":"https:\/\/www.filex.nl\/fr\/produit\/power-desk-up-1-0-2x-230v-1x-keystone\/","title":{"rendered":"Power Desk Up\u00ae 1.0 &#8211; 2x 230V, 1x Keystone"},"content":{"rendered":"<p>S\u00e9rie Desk Up\u00ae 1.0. Une unit\u00e9 en saillie au design mince et moderne !<\/p>\n<p>Cette unit\u00e9 en saillie bicolore est \u00e9quip\u00e9e de s\u00e9rie d&#8217;une pince de plateau pour \u00e9paisseurs de plateau de 0 \u00e0 50 mm et d&#8217;un cordon de raccordement fixe \u00e0 l&#8217;arri\u00e8re de 20 cm avec une fiche c<span data-teams=\"true\">onnecteur enfichable 3 p\u00f4les<\/span>.<\/p>\n<p>Cette unit\u00e9 d&#8217;\u00e9lectrification s&#8217;utilise non seulement en saillie, mais peut \u00e9galement \u00eatre fix\u00e9e sur chaque bras de moniteur Galaxy au moyen du support d&#8217;\u00e9lectrification Galaxy. Ainsi, vous avez directement tous vos points d&#8217;alimentation \u00e0 port\u00e9e de main !<\/p>\n<p>Cette unit\u00e9 en saillie est \u00e9quip\u00e9e de 2 x fiche 230V et de 1 Keystone (un emplacement libre o\u00f9 vous pouvez remplir 2 blocs au choix par Keystone), par exemple pour des Keystones de donn\u00e9es RJ 45 CAT 6 et 6A, USB 2.0\/3.0, HDMI, VGA, ou peut s&#8217;utiliser comme passe-c\u00e2bles.<\/p>\n<p>Et qui plus est, cette unit\u00e9 en saillie Power Desk Up\u00ae est naturellement certifi\u00e9e CE ! Pour nous, la s\u00e9curit\u00e9 et la qualit\u00e9 passent avant tout !<\/p>\n<p>N&#8217;oubliez pas de commander en plus un cordon de raccordement d&#8217;une longueur au choix pour pouvoir brancher l&#8217;unit\u00e9 sur un point d&#8217;alimentation avec un c\u00e2ble appropri\u00e9.<\/p>\n<p>Cette unit\u00e9 est livrable dans les couleurs suivantes : noir avec aluminium et blanc avec aluminium.<\/p>\n","protected":false},"excerpt":{"rendered":"<p>La s\u00e9rie Desk Up\u00ae 1.0 ! L&#8217;unit\u00e9 d&#8217;\u00e9lectrification en saillie polyvalente de r\u00e9f\u00e9rence, qui peut \u00eatre fix\u00e9e aussi bien sur votre bureau que mont\u00e9e sur les bras supports d&#8217;\u00e9cran Galaxy au moyen d&#8217;une pince d&#8217;\u00e9lectrification ! D\u00e9couvrez toutes nos possibilit\u00e9s et nos nombreuses options pour trouver l&#8217;unit\u00e9 qui r\u00e9pond \u00e0 vos souhaits sp\u00e9cifiques !<\/p>\n","protected":false},"featured_media":15082,"template":"","meta":{"_acf_changed":false},"product_brand":[],"product_cat":[636,642,566],"product_tag":[],"class_list":{"0":"post-28314","1":"product","2":"type-product","3":"status-publish","4":"has-post-thumbnail","6":"product_cat-desk-up-1-0-elektrificatie-fr","7":"product_cat-electrification-desk-up","8":"product_cat-electrification","9":"pa_kleur-blanc","10":"pa_kleur-noir","12":"first","13":"instock","14":"shipping-taxable","15":"purchasable","16":"product-type-variable","17":"has-default-attributes"},"acf":[],"_links":{"self":[{"href":"https:\/\/www.filex.nl\/fr\/wp-json\/wp\/v2\/product\/28314","targetHints":{"allow":["GET"]}}],"collection":[{"href":"https:\/\/www.filex.nl\/fr\/wp-json\/wp\/v2\/product"}],"about":[{"href":"https:\/\/www.filex.nl\/fr\/wp-json\/wp\/v2\/types\/product"}],"wp:featuredmedia":[{"embeddable":true,"href":"https:\/\/www.filex.nl\/fr\/wp-json\/wp\/v2\/media\/15082"}],"wp:attachment":[{"href":"https:\/\/www.filex.nl\/fr\/wp-json\/wp\/v2\/media?parent=28314"}],"wp:term":[{"taxonomy":"product_brand","embeddable":true,"href":"https:\/\/www.filex.nl\/fr\/wp-json\/wp\/v2\/product_brand?post=28314"},{"taxonomy":"product_cat","embeddable":true,"href":"https:\/\/www.filex.nl\/fr\/wp-json\/wp\/v2\/product_cat?post=28314"},{"taxonomy":"product_tag","embeddable":true,"href":"https:\/\/www.filex.nl\/fr\/wp-json\/wp\/v2\/product_tag?post=28314"}],"curies":[{"name":"wp","href":"https:\/\/api.w.org\/{rel}","templated":true}]}}