{"id":28350,"date":"2022-01-07T18:08:39","date_gmt":"2023-10-23T11:55:13","guid":{"rendered":"https:\/\/www.filex.nl\/product\/universele-qi-charger\/"},"modified":"2024-10-18T15:33:46","modified_gmt":"2024-10-18T15:33:46","slug":"chargeur-qi-universel","status":"publish","type":"product","link":"https:\/\/www.filex.nl\/fr\/produit\/chargeur-qi-universel\/","title":{"rendered":"Chargeur QI universel"},"content":{"rendered":"<p>Le chargeur QI universel Filex est l&#8217;unit\u00e9 d&#8217;\u00e9lectrification encastr\u00e9e indispensable dans votre bureau ou salle de r\u00e9union ! <\/p>\n<p>Cette unit\u00e9 est dot\u00e9e d&#8217;un m\u00e9canisme coulissant, qui vous permet de refermer facilement l&#8217;unit\u00e9 apr\u00e8s utilisation pour conserver un poste de travail bien rang\u00e9. <\/p>\n<p>\u00c0 l&#8217;int\u00e9rieur, il y a 1 x fiche 230V, 1 x chargeur USB universel pour tous vos appareils et un c\u00e2ble de donn\u00e9es r\u00e9seau CAT 6 de 1,5 m\u00e8tre. Vous pouvez tirer ce c\u00e2ble vers vous pour connecter directement un ordinateur portable ou un autre appareil au r\u00e9seau. <\/p>\n<p>Les dimensions d&#8217;encastrement de cette unit\u00e9 d&#8217;\u00e9lectrification sont de \u00d880 mm. <\/p>\n<p>La particularit\u00e9 de cette unit\u00e9 est le syst\u00e8me de charge QI qui est encastr\u00e9 dans le capot coulissant protecteur ! Lorsque l&#8217;unit\u00e9 est ouverte ou ferm\u00e9e, vous pouvez recharger rapidement votre appareil mobile sans fil gr\u00e2ce \u00e0 la technologie QI. <\/p>\n<p>Bref, ce chargeur QI universel Filex r\u00e9sout toute votre connectivit\u00e9 pour chaque poste de travail ! <\/p>\n<p>L&#8217;unit\u00e9 est \u00e9quip\u00e9e de s\u00e9rie d&#8217;un c\u00e2ble de raccordement 230 V avec une prise de terre de 1,5 m\u00e8tre. <\/p>\n<p>Livrable dans les couleurs noir et blanc.<\/p>\n","protected":false},"excerpt":{"rendered":"<p>Le chargeur QI universel Filex pour chaque bureau ! Ce chargeur QI fournit les fonctions d&#8217;\u00e9lectrification appropri\u00e9es sur chaque poste de travail ou dans une table de conf\u00e9rence ! Avec le chargeur QI, vous pouvez charger sans fil, mais aussi avec c\u00e2ble \u00e0 l&#8217;int\u00e9rieur de l&#8217;unit\u00e9 ! De plus, charger simultan\u00e9ment votre ordinateur portable, par exemple, ne pose aucun probl\u00e8me !<\/p>\n","protected":false},"featured_media":15046,"template":"","meta":{"_acf_changed":false},"product_brand":[],"product_cat":[566],"product_tag":[],"class_list":{"0":"post-28350","1":"product","2":"type-product","3":"status-publish","4":"has-post-thumbnail","6":"product_cat-electrification","7":"pa_kleur-blanc","8":"pa_kleur-noir","10":"first","11":"instock","12":"shipping-taxable","13":"purchasable","14":"product-type-variable","15":"has-default-attributes"},"acf":[],"_links":{"self":[{"href":"https:\/\/www.filex.nl\/fr\/wp-json\/wp\/v2\/product\/28350","targetHints":{"allow":["GET"]}}],"collection":[{"href":"https:\/\/www.filex.nl\/fr\/wp-json\/wp\/v2\/product"}],"about":[{"href":"https:\/\/www.filex.nl\/fr\/wp-json\/wp\/v2\/types\/product"}],"wp:featuredmedia":[{"embeddable":true,"href":"https:\/\/www.filex.nl\/fr\/wp-json\/wp\/v2\/media\/15046"}],"wp:attachment":[{"href":"https:\/\/www.filex.nl\/fr\/wp-json\/wp\/v2\/media?parent=28350"}],"wp:term":[{"taxonomy":"product_brand","embeddable":true,"href":"https:\/\/www.filex.nl\/fr\/wp-json\/wp\/v2\/product_brand?post=28350"},{"taxonomy":"product_cat","embeddable":true,"href":"https:\/\/www.filex.nl\/fr\/wp-json\/wp\/v2\/product_cat?post=28350"},{"taxonomy":"product_tag","embeddable":true,"href":"https:\/\/www.filex.nl\/fr\/wp-json\/wp\/v2\/product_tag?post=28350"}],"curies":[{"name":"wp","href":"https:\/\/api.w.org\/{rel}","templated":true}]}}