{"id":28379,"date":"2022-01-07T14:42:35","date_gmt":"2023-10-23T11:55:22","guid":{"rendered":"https:\/\/www.filex.nl\/product\/block\/"},"modified":"2025-04-30T14:04:23","modified_gmt":"2025-04-30T14:04:23","slug":"block","status":"publish","type":"product","link":"https:\/\/www.filex.nl\/fr\/produit\/block\/","title":{"rendered":"Block"},"content":{"rendered":"<p>Des alimentations \u00e9lectriques sont indispensables sur le poste de travail actuel. Que ce soit pour un poste de travail assis-debout, un bureau classique ou pour les appareils informatiques, il n&#8217;est plus possible de s&#8217;en passer. Maintenant, vous vous posez certainement la question suivante : De combien de points d&#8217;alimentation ai-je besoin ? Pour aujourd&#8217;hui et pour demain. C&#8217;est pourquoi la flexibilit\u00e9, en plus de la qualit\u00e9, est tr\u00e8s souhaitable ! Nos multiprises sont fabriqu\u00e9es avec le plus grand soin possible et sont soumises \u00e0 de nombreux tests avant de quitter l&#8217;usine. Naturellement, elles portent toujours un marquage CE et r\u00e9pondent aux exigences et aux certificats actuellement en vigueur.<\/p>\n<p>Toutes nos multiprises sont \u00e9quip\u00e9es d&#8217;une entr\u00e9e et d&#8217;une sortie c<span data-teams=\"true\">onnecteur enfichable 3 p\u00f4les<\/span>. De ce fait, vous pouvez brancher directement un cordon de connexion ou de raccordement de chaque longueur souhait\u00e9e (\u00e9ventuellement avec un s\u00e9parateur c<span data-teams=\"true\">onnecteur enfichable 3 p\u00f4les<\/span>) et conservez toute la flexibilit\u00e9. Les multiprises se montent directement sous le bureau \u00e0 l&#8217;aide du kit de montage fourni, mais peuvent naturellement aussi \u00eatre plac\u00e9es dans le chemin de c\u00e2bles.<\/p>\n<p>Les multiprises Filex Block en aluminium sont livrables avec les fiches suivantes :<br \/>\n&#8211; 3 x fiche 230V ;<br \/>\n&#8211; 4 x fiche 230V ;<br \/>\n&#8211; 5 x fiche 230V ;<br \/>\n&#8211; 6 x fiche 230V.<\/p>\n<p>Votre choix actuel pour l&#8217;achat de ce produit est le suivant : &#8211; 4 x fiche 230V.<br \/>\nVous n&#8217;oubliez pas d&#8217;acheter un cordon de connexion ou de raccordement dans la bonne longueur ?<\/p>\n","protected":false},"excerpt":{"rendered":"<p>Blocs d&#8217;alimentation Block ! Indispensables sur chaque poste de travail. Faciles \u00e0 utiliser comme alimentation \u00e9lectriquefix\u00e9e sous le plateau ou dans le chemin de c\u00e2bles de votre poste de travail. Livrables dans des versions de 3 \u00e0 6 voies.<\/p>\n","protected":false},"featured_media":53283,"template":"","meta":{"_acf_changed":false},"product_brand":[],"product_cat":[566,576,583],"product_tag":[],"class_list":{"0":"post-28379","1":"product","2":"type-product","3":"status-publish","4":"has-post-thumbnail","6":"product_cat-electrification","7":"product_cat-onderbouw-fr","8":"product_cat-stekkerblokken-fr","10":"first","11":"instock","12":"shipping-taxable","13":"purchasable","14":"product-type-variable","15":"has-default-attributes"},"acf":[],"_links":{"self":[{"href":"https:\/\/www.filex.nl\/fr\/wp-json\/wp\/v2\/product\/28379","targetHints":{"allow":["GET"]}}],"collection":[{"href":"https:\/\/www.filex.nl\/fr\/wp-json\/wp\/v2\/product"}],"about":[{"href":"https:\/\/www.filex.nl\/fr\/wp-json\/wp\/v2\/types\/product"}],"wp:featuredmedia":[{"embeddable":true,"href":"https:\/\/www.filex.nl\/fr\/wp-json\/wp\/v2\/media\/53283"}],"wp:attachment":[{"href":"https:\/\/www.filex.nl\/fr\/wp-json\/wp\/v2\/media?parent=28379"}],"wp:term":[{"taxonomy":"product_brand","embeddable":true,"href":"https:\/\/www.filex.nl\/fr\/wp-json\/wp\/v2\/product_brand?post=28379"},{"taxonomy":"product_cat","embeddable":true,"href":"https:\/\/www.filex.nl\/fr\/wp-json\/wp\/v2\/product_cat?post=28379"},{"taxonomy":"product_tag","embeddable":true,"href":"https:\/\/www.filex.nl\/fr\/wp-json\/wp\/v2\/product_tag?post=28379"}],"curies":[{"name":"wp","href":"https:\/\/api.w.org\/{rel}","templated":true}]}}