{"id":28392,"date":"2022-01-07T14:37:17","date_gmt":"2023-10-23T11:55:27","guid":{"rendered":"https:\/\/www.filex.nl\/product\/qi-power-pop-up-meeting-4x-230v-2x-usb-ac\/"},"modified":"2025-04-30T14:07:57","modified_gmt":"2025-04-30T14:07:57","slug":"qi-power-pop-up-meeting-4x-230v-2x-usb-ac","status":"publish","type":"product","link":"https:\/\/www.filex.nl\/fr\/produit\/qi-power-pop-up-meeting-4x-230v-2x-usb-ac\/","title":{"rendered":"QI Power Pop Up Meeting &#8211; 4x 230V + 2x USB-A+C"},"content":{"rendered":"<p>Le QI Power Pop-Up Meeting ! La meilleure solution pour tous vos besoins d&#8217;alimentation pour salles de conf\u00e9rence et de r\u00e9union !<\/p>\n<p>Le QI Power Pop-Up Meeting fonctionne avec un m\u00e9canisme \u2018pop-up\u2019 qui vous permet d&#8217;acc\u00e9der, par une l\u00e9g\u00e8re pression sur le dessus, \u00e0 toute votre alimentation \u00e9lectrique.<\/p>\n<p>Le QI Power Pop-Up Meeting est \u00e9quip\u00e9 de pas moins de 4 x prises de courant 230V, 2 x USB-A et 2 x USB-C, de fiches 15 W et d&#8217;un chargeur QI sans fil int\u00e9gr\u00e9.<\/p>\n<p>Gr\u00e2ce \u00e0 sa forme ronde, les diff\u00e9rentes alimentations \u00e9lectriques sont accessibles de chaque c\u00f4t\u00e9. Id\u00e9ale pour une utilisation dans des tables de conf\u00e9rence, des postes de travail centralis\u00e9s, etc.<\/p>\n<p>Charger sans fil ? \u00c7a aussi, c&#8217;est possible avec la QI Power Pop-Up Meeting. En effet, au-dessus de la Pop-Up Meeting, il y a aussi un chargeur QI qui vous permet de charger \u00e9galement vos appareils sans fil de mani\u00e8re rapide et ais\u00e9e.<\/p>\n<p>Votre r\u00e9union est termin\u00e9e ? Il vous suffit d&#8217;enfoncer \u00e0 nouveau l&#8217;unit\u00e9 vers le bas et votre bureau ou table de conf\u00e9rence est \u00e0 nouveau pleinement utilisable ! Naturellement, vous pouvez encore toujours continuer \u00e0 utiliser votre chargeur QI sans fil.<\/p>\n<p>Le QI Power Pop-Up Meeting peut \u00e9galement \u00eatre mont\u00e9 de mani\u00e8re rapide et ais\u00e9e dans un trou rond de 120 mm dans le bureau.<\/p>\n<p>Livrable dans les couleurs suivantes : noir et blanc.<\/p>\n","protected":false},"excerpt":{"rendered":"<p>Le QI Power Pop-Up Meeting ! Une seule unit\u00e9 d&#8217;\u00e9lectrification encastr\u00e9e avec suffisamment de possibilit\u00e9s de charge, aussi bien sans fil que c\u00e2bl\u00e9e, ainsi qu&#8217;avec des alimentations \u00e9lectriques ! Cette unit\u00e9 est indispensable pour chaque table de conf\u00e9rence et tr\u00e8s facile \u00e0 installer !<\/p>\n","protected":false},"featured_media":55156,"template":"","meta":{"_acf_changed":false},"product_brand":[],"product_cat":[566],"product_tag":[],"class_list":{"0":"post-28392","1":"product","2":"type-product","3":"status-publish","4":"has-post-thumbnail","6":"product_cat-electrification","7":"pa_kleur-blanc","8":"pa_kleur-noir","10":"first","11":"instock","12":"shipping-taxable","13":"purchasable","14":"product-type-variable","15":"has-default-attributes"},"acf":[],"_links":{"self":[{"href":"https:\/\/www.filex.nl\/fr\/wp-json\/wp\/v2\/product\/28392","targetHints":{"allow":["GET"]}}],"collection":[{"href":"https:\/\/www.filex.nl\/fr\/wp-json\/wp\/v2\/product"}],"about":[{"href":"https:\/\/www.filex.nl\/fr\/wp-json\/wp\/v2\/types\/product"}],"wp:featuredmedia":[{"embeddable":true,"href":"https:\/\/www.filex.nl\/fr\/wp-json\/wp\/v2\/media\/55156"}],"wp:attachment":[{"href":"https:\/\/www.filex.nl\/fr\/wp-json\/wp\/v2\/media?parent=28392"}],"wp:term":[{"taxonomy":"product_brand","embeddable":true,"href":"https:\/\/www.filex.nl\/fr\/wp-json\/wp\/v2\/product_brand?post=28392"},{"taxonomy":"product_cat","embeddable":true,"href":"https:\/\/www.filex.nl\/fr\/wp-json\/wp\/v2\/product_cat?post=28392"},{"taxonomy":"product_tag","embeddable":true,"href":"https:\/\/www.filex.nl\/fr\/wp-json\/wp\/v2\/product_tag?post=28392"}],"curies":[{"name":"wp","href":"https:\/\/api.w.org\/{rel}","templated":true}]}}