{"id":28404,"date":"2022-01-07T14:36:26","date_gmt":"2023-10-23T11:55:28","guid":{"rendered":"https:\/\/www.filex.nl\/product\/qi-power-charge-point\/"},"modified":"2024-10-18T15:34:13","modified_gmt":"2024-10-18T15:34:13","slug":"qi-power-charge-point","status":"publish","type":"product","link":"https:\/\/www.filex.nl\/fr\/produit\/qi-power-charge-point\/","title":{"rendered":"QI Power Charge Point"},"content":{"rendered":"<p>La Filex Power QI-Charge Point est la solution universelle id\u00e9ale, o\u00f9 que vous soyez !<\/p>\n<p>Avec cette QI-Charge Point pratique, d\u00e9veloppez facilement des prises de courant simples en une v\u00e9ritable station de charge, et ce, que vous soyez \u00e0 la maison, en d\u00e9placement ou \u00e0 votre poste de travail au bureau !<\/p>\n<p>La QI-Charge Point est dot\u00e9e de 3 fiches 230V simples, de 2 x fiche USB-A et 1 x USB-C. Ces fiches atteignent une vitesse de charge jusqu&#8217;\u00e0 10 W -3,4 A, vous permettant de recharger tr\u00e8s rapidement \u00e9galement votre t\u00e9l\u00e9phone ou votre tablette avec le c\u00e2ble !<\/p>\n<p>Vous pr\u00e9f\u00e9rez charger sans fil ? C\u2019est aussi possible !<br \/>\nEn effet, la QI-Charge Point est dot\u00e9e de la technologie QI-Charge de derni\u00e8re g\u00e9n\u00e9ration. Par cons\u00e9quent, la Filex Power-QI-Charge s&#8217;utilise vraiment partout ! <\/p>\n<p>L&#8217;unit\u00e9 d&#8217;alimentation est \u00e9quip\u00e9e d&#8217;un c\u00e2ble de 1,5 m\u00e8tre avec une prise de terre, et peut donc \u00eatre branch\u00e9e directement sur votre prise de courant ! L&#8217;unit\u00e9 peut non seulement \u00eatre utilis\u00e9e de mani\u00e8re autonome partout, mais aussi avec la pince fournie \u00e0 placer sur votre bureau ou au mur.<\/p>\n<p>Sp\u00e9cifications\u00a0:<br \/>\n10W, 5V, 3,4A- 2x USB-A et 1 x USB-C, 3x 230V.<br \/>\n4.000 W \u2013 16A,1,5 m\u00e8tre de c\u00e2ble.<br \/>\nPossibilit\u00e9s de montage : Verticalement, horizontalement et sous le plateau.<\/p>\n<p>Couleurs livrables : noir et blanc.<\/p>\n","protected":false},"excerpt":{"rendered":"<p>Filex Power QI-Charge Point ! Facile \u00e0 emporter en d\u00e9placement, chez un client ou si vous voyagez beaucoup ! Cette unit\u00e9 d&#8217;alimentation vous facilite la vie ! Toute l&#8217;\u00e9lectrification n\u00e9cessaire dans une seule unit\u00e9 polyvalente !<\/p>\n","protected":false},"featured_media":15893,"template":"","meta":{"_acf_changed":false},"product_brand":[],"product_cat":[566],"product_tag":[],"class_list":{"0":"post-28404","1":"product","2":"type-product","3":"status-publish","4":"has-post-thumbnail","6":"product_cat-electrification","7":"pa_kleur-blanc","8":"pa_kleur-noir","10":"first","11":"instock","12":"shipping-taxable","13":"purchasable","14":"product-type-variable","15":"has-default-attributes"},"acf":[],"_links":{"self":[{"href":"https:\/\/www.filex.nl\/fr\/wp-json\/wp\/v2\/product\/28404","targetHints":{"allow":["GET"]}}],"collection":[{"href":"https:\/\/www.filex.nl\/fr\/wp-json\/wp\/v2\/product"}],"about":[{"href":"https:\/\/www.filex.nl\/fr\/wp-json\/wp\/v2\/types\/product"}],"wp:featuredmedia":[{"embeddable":true,"href":"https:\/\/www.filex.nl\/fr\/wp-json\/wp\/v2\/media\/15893"}],"wp:attachment":[{"href":"https:\/\/www.filex.nl\/fr\/wp-json\/wp\/v2\/media?parent=28404"}],"wp:term":[{"taxonomy":"product_brand","embeddable":true,"href":"https:\/\/www.filex.nl\/fr\/wp-json\/wp\/v2\/product_brand?post=28404"},{"taxonomy":"product_cat","embeddable":true,"href":"https:\/\/www.filex.nl\/fr\/wp-json\/wp\/v2\/product_cat?post=28404"},{"taxonomy":"product_tag","embeddable":true,"href":"https:\/\/www.filex.nl\/fr\/wp-json\/wp\/v2\/product_tag?post=28404"}],"curies":[{"name":"wp","href":"https:\/\/api.w.org\/{rel}","templated":true}]}}