{"id":28413,"date":"2022-01-07T14:33:53","date_gmt":"2023-10-23T11:56:58","guid":{"rendered":"https:\/\/www.filex.nl\/product\/ac-qi-power-spot\/"},"modified":"2025-09-06T21:19:06","modified_gmt":"2025-09-06T21:19:06","slug":"ac-qi-power-spot","status":"publish","type":"product","link":"https:\/\/www.filex.nl\/fr\/produit\/ac-qi-power-spot\/","title":{"rendered":"AC QI Power-Spot\u00ae"},"content":{"rendered":"<p>Il n&#8217;est jamais \u00e9vident de charger diff\u00e9rents appareils mobiles. T\u00e9l\u00e9phone portable, tablette, oreillettes sans fil : ils ont tous des syst\u00e8mes de charge diff\u00e9rents : c\u00e2ble USB-A, c\u00e2ble USB-C, sans fil&#8230; Avec le Filex AC QI powerspot, tout est possible !<\/p>\n<p>L&#8217;unit\u00e9 d&#8217;alimentation ronde (60 mm de dimensions d&#8217;encastrement) est \u00e9quip\u00e9e d&#8217;un chargeur QI pour charger sans fil et de 1 x port de charge USB-C et 1 x USB-A. La Filex AC QI spot est dot\u00e9e d&#8217;un cordon de raccordement fixe de 1 m\u00e8tre avec un adaptateur 220V. Il est donc Plug&#038;Play !<\/p>\n<p>Le montage est simple, rapide et utilisable partout. Id\u00e9ale pour le poste de travail, une table de conf\u00e9rence, votre mobilier de salon ou votre table assis-debout.<\/p>\n<p>Donn\u00e9es techniques:<br \/>\nUSB-A : Puissance de sortie max. 10W<br \/>\nUSB-C : Puissance de sortie max. 10W<br \/>\nUSB-C : Puissance de sortie max. 5W<br \/>\nChargeur sans fil : Max. 15W<\/p>\n","protected":false},"excerpt":{"rendered":"<p>Le Filex AC QI Power Spot\u00ae est polyvalent et s&#8217;adapte \u00e0 chaque poste de travail ou table de conf\u00e9rence ! Vous avez toutes les alimentations \u00e9lectriques n\u00e9cessaires \u00e0 port\u00e9e de main et pouvez \u00e9galement charger sans connection filaire votre smartphone, vos Airpods, etc ! Apr\u00e8s avoir essay\u00e9 cette unit\u00e9 d&#8217;alimentation encastr\u00e9e, vous ne pourrez plus vous en passer !<\/p>\n","protected":false},"featured_media":15241,"template":"","meta":{"_acf_changed":false},"product_brand":[],"product_cat":[656,566],"product_tag":[],"class_list":{"0":"post-28413","1":"product","2":"type-product","3":"status-publish","4":"has-post-thumbnail","6":"product_cat-electrification-power-spot","7":"product_cat-electrification","8":"pa_kleur-blanc","9":"pa_kleur-noir","11":"first","12":"instock","13":"shipping-taxable","14":"purchasable","15":"product-type-variable","16":"has-default-attributes"},"acf":[],"_links":{"self":[{"href":"https:\/\/www.filex.nl\/fr\/wp-json\/wp\/v2\/product\/28413","targetHints":{"allow":["GET"]}}],"collection":[{"href":"https:\/\/www.filex.nl\/fr\/wp-json\/wp\/v2\/product"}],"about":[{"href":"https:\/\/www.filex.nl\/fr\/wp-json\/wp\/v2\/types\/product"}],"wp:featuredmedia":[{"embeddable":true,"href":"https:\/\/www.filex.nl\/fr\/wp-json\/wp\/v2\/media\/15241"}],"wp:attachment":[{"href":"https:\/\/www.filex.nl\/fr\/wp-json\/wp\/v2\/media?parent=28413"}],"wp:term":[{"taxonomy":"product_brand","embeddable":true,"href":"https:\/\/www.filex.nl\/fr\/wp-json\/wp\/v2\/product_brand?post=28413"},{"taxonomy":"product_cat","embeddable":true,"href":"https:\/\/www.filex.nl\/fr\/wp-json\/wp\/v2\/product_cat?post=28413"},{"taxonomy":"product_tag","embeddable":true,"href":"https:\/\/www.filex.nl\/fr\/wp-json\/wp\/v2\/product_tag?post=28413"}],"curies":[{"name":"wp","href":"https:\/\/api.w.org\/{rel}","templated":true}]}}