{"id":28416,"date":"2021-12-31T15:19:15","date_gmt":"2021-12-31T15:19:15","guid":{"rendered":"https:\/\/www.filex.nl\/product\/aansluitsnoer-egst-stekker\/"},"modified":"2025-09-06T21:19:06","modified_gmt":"2025-09-06T21:19:06","slug":"cable-de-connexion-connecteur-enfichable-3-poles","status":"publish","type":"product","link":"https:\/\/www.filex.nl\/fr\/produit\/cable-de-connexion-connecteur-enfichable-3-poles\/","title":{"rendered":"C\u00e2ble de connexion connecteur enfichable 3 p\u00f4les"},"content":{"rendered":"<p>Cordons de raccordement c<span data-teams=\"true\">onnecteur enfichable 3 p\u00f4les<\/span> ! Un c\u00e2ble d&#8217;alimentation vous permettant de raccorder facilement notre s\u00e9rie Desk Up\u00ae, par exemple, \u00e0 l&#8217;alimentation la plus proche.<\/p>\n<p>Nos cordons de connexion sont dot\u00e9s d&#8217;une prise de terre coud\u00e9e et d&#8217;une fiche c<span data-teams=\"true\">onnecteur enfichable 3 p\u00f4les<\/span>\u00a0femelle qui sont raccord\u00e9es \u00e0 un c\u00e2ble H05VV-F en PVC de classe 5 flexible 3G1,5mm2 tripolaire muni de la classification Eca CPR pour installations de modules enfichables.<\/p>\n<p>Toutes les fiches ont \u00e9t\u00e9 test\u00e9es \u00e0 20A et sont approuv\u00e9es conform\u00e9ment \u00e0 la norme NEN-IEC-EN61535.<br \/>\nLes cordons sont disponibles dans des longueurs standard de 0,5 m\u00e8tre \u00e0 10 m\u00e8tres.<\/p>\n<p>Dans son assortiment c<span data-teams=\"true\">onnecteur enfichable 3 p\u00f4les,<\/span> ne propose que des produits enfichables pour lesquels un marquage CE et un label KEMA ont \u00e9t\u00e9 d\u00e9livr\u00e9s. Naturellement, les produits c<span data-teams=\"true\">onnecteur enfichable 3 p\u00f4les<\/span> r\u00e9pondent aux normes fix\u00e9es, dont NEN 1010:2015. De plus, tous nos cordons sont parfaitement compatibles avec tous les c<span data-teams=\"true\">onnecteur enfichable 3 p\u00f4les<\/span>.<\/p>\n","protected":false},"excerpt":{"rendered":"<p>Cordons de raccordement c<span data-teams=\"true\">onnecteur enfichable 3 p\u00f4les<\/span> ! Le raccordement en cascade correct de votre fiche c<span data-teams=\"true\">onnecteur enfichable 3 p\u00f4les<\/span> \u00e0 une prise de terre ! Disponible dans de nombreuses dimensions diff\u00e9rentes !<\/p>\n","protected":false},"featured_media":19322,"template":"","meta":{"_acf_changed":false},"product_brand":[],"product_cat":[593,2483],"product_tag":[],"class_list":{"0":"post-28416","1":"product","2":"type-product","3":"status-publish","4":"has-post-thumbnail","6":"product_cat-gestion-des-cables","7":"product_cat-cables-de-connexion-et-daccouplement","9":"first","10":"instock","11":"shipping-taxable","12":"purchasable","13":"product-type-variable","14":"has-default-attributes"},"acf":[],"_links":{"self":[{"href":"https:\/\/www.filex.nl\/fr\/wp-json\/wp\/v2\/product\/28416","targetHints":{"allow":["GET"]}}],"collection":[{"href":"https:\/\/www.filex.nl\/fr\/wp-json\/wp\/v2\/product"}],"about":[{"href":"https:\/\/www.filex.nl\/fr\/wp-json\/wp\/v2\/types\/product"}],"wp:featuredmedia":[{"embeddable":true,"href":"https:\/\/www.filex.nl\/fr\/wp-json\/wp\/v2\/media\/19322"}],"wp:attachment":[{"href":"https:\/\/www.filex.nl\/fr\/wp-json\/wp\/v2\/media?parent=28416"}],"wp:term":[{"taxonomy":"product_brand","embeddable":true,"href":"https:\/\/www.filex.nl\/fr\/wp-json\/wp\/v2\/product_brand?post=28416"},{"taxonomy":"product_cat","embeddable":true,"href":"https:\/\/www.filex.nl\/fr\/wp-json\/wp\/v2\/product_cat?post=28416"},{"taxonomy":"product_tag","embeddable":true,"href":"https:\/\/www.filex.nl\/fr\/wp-json\/wp\/v2\/product_tag?post=28416"}],"curies":[{"name":"wp","href":"https:\/\/api.w.org\/{rel}","templated":true}]}}