{"id":28441,"date":"2021-12-24T14:32:47","date_gmt":"2021-12-24T14:32:47","guid":{"rendered":"https:\/\/www.filex.nl\/product\/verstelbare-crossbar-premium-zwart\/"},"modified":"2023-11-24T16:57:13","modified_gmt":"2023-11-24T16:57:13","slug":"crossbar-reglable-premium-noir","status":"publish","type":"product","link":"https:\/\/www.filex.nl\/fr\/produit\/crossbar-reglable-premium-noir\/","title":{"rendered":"Crossbar r\u00e9glable Premium &#8211; Noir"},"content":{"rendered":"<p>La Crossbar r\u00e9glable et flexible Filex universelle est la solution id\u00e9ale pour monter facilement 2 moniteurs sur chaque bras  tout en conservant toutes les possibilit\u00e9s de r\u00e9glage !<\/p>\n<p>Gr\u00e2ce aux 2 pi\u00e8ces articul\u00e9es de la Crossbar r\u00e9glables et flexibles Filex, vous pouvez placer les moniteurs dans tous les angles souhait\u00e9s (maximum 10 degr\u00e9s de trajet de r\u00e9glage par moniteur), ce qui vous permet  de r\u00e9gler parfaitement l&#8217;angle de vision pour chaque moniteur.<\/p>\n<p>La Crossbar r\u00e9glable et flexible Filex est r\u00e9glable en largeur. Les connecteurs VESA peuvent \u00eatre d\u00e9plac\u00e9s individuellement sur une plage de 19 cm sur la largeur de la Crossbar. <\/p>\n<p>Cela vous permet de positionner diff\u00e9rentes largeurs de moniteur jusqu&#8217;\u00e0 70 cm par \u00e9cran. <\/p>\n<p>La Crossbar r\u00e9glable et flexible Filex p\u00e8se 1.500 grammes et le connecteur VESA est dot\u00e9 de deux fixations Quick Release VESA (VESA 75 x 75 et 100 x 100) universelles.<\/p>\n","protected":false},"excerpt":{"rendered":"<p>Crossbar r\u00e9glable et flexible universelle Filex ! Passer facilement de 1 \u00e0 2 \u00e9crans ? C&#8217;est possible gr\u00e2ce \u00e0 cette Crossbar ! Avec ce produit, vous pouvez \u00e9galement r\u00e9gler l&#8217;angle de vision parfait pour vos \u00e9crans gr\u00e2ce \u00e0 la flexibilit\u00e9 de la Crossbar !<\/p>\n","protected":false},"featured_media":15004,"template":"","meta":{"_acf_changed":false},"product_brand":[],"product_cat":[534,538],"product_tag":[],"class_list":{"0":"post-28441","1":"product","2":"type-product","3":"status-publish","4":"has-post-thumbnail","6":"product_cat-fixations-et-options","7":"product_cat-crossbars","8":"pa_ean-code-8719747102961-fr","9":"pa_kleur-noir","11":"first","12":"instock","13":"purchasable","14":"product-type-simple"},"acf":[],"_links":{"self":[{"href":"https:\/\/www.filex.nl\/fr\/wp-json\/wp\/v2\/product\/28441","targetHints":{"allow":["GET"]}}],"collection":[{"href":"https:\/\/www.filex.nl\/fr\/wp-json\/wp\/v2\/product"}],"about":[{"href":"https:\/\/www.filex.nl\/fr\/wp-json\/wp\/v2\/types\/product"}],"wp:featuredmedia":[{"embeddable":true,"href":"https:\/\/www.filex.nl\/fr\/wp-json\/wp\/v2\/media\/15004"}],"wp:attachment":[{"href":"https:\/\/www.filex.nl\/fr\/wp-json\/wp\/v2\/media?parent=28441"}],"wp:term":[{"taxonomy":"product_brand","embeddable":true,"href":"https:\/\/www.filex.nl\/fr\/wp-json\/wp\/v2\/product_brand?post=28441"},{"taxonomy":"product_cat","embeddable":true,"href":"https:\/\/www.filex.nl\/fr\/wp-json\/wp\/v2\/product_cat?post=28441"},{"taxonomy":"product_tag","embeddable":true,"href":"https:\/\/www.filex.nl\/fr\/wp-json\/wp\/v2\/product_tag?post=28441"}],"curies":[{"name":"wp","href":"https:\/\/api.w.org\/{rel}","templated":true}]}}