{"id":28444,"date":"2021-12-24T14:32:47","date_gmt":"2021-12-24T14:32:47","guid":{"rendered":"https:\/\/www.filex.nl\/product\/universele-vesa-slider-zwart\/"},"modified":"2024-03-08T15:27:02","modified_gmt":"2024-03-08T15:27:02","slug":"coulisseau-universel-vesa-noir","status":"publish","type":"product","link":"https:\/\/www.filex.nl\/fr\/produit\/coulisseau-universel-vesa-noir\/","title":{"rendered":"Coulisseau universel VESA &#8211; Noir"},"content":{"rendered":"<p>Le curseur universel Filex VESA !<\/p>\n<p>Gr\u00e2ce au curseur universel VESA, vous pouvez facilement r\u00e9gler votre \u00e9cran en hauteur. La solution parfaite pour transformer un bras de moniteur fixe en un bras de moniteur r\u00e9glable. R\u00e9glable en hauteur \u00e0 l&#8217;infini et ajustable selon les pr\u00e9f\u00e9rences personnelles.<\/p>\n<p>\u00cates-vous plus grand que vos coll\u00e8gues ? Alors cette invention est aussi pour vous !<\/p>\n<p>Facile \u00e0 monter sur n&#8217;importe quelle connexion VESA ou sur n&#8217;importe quel mur.<\/p>\n<p>Plage de coulissement : 20cm.<br \/>\nPoids maximal : 8 kg.<br \/>\nVESA : 75 x 75 et 100 x 100.<\/p>\n<p>Ce curseur VESA est \u00e9galement livr\u00e9 en standard avec des vis de montage et une protection antivol des vis.<\/p>\n","protected":false},"excerpt":{"rendered":"<p>Le curseur universel VESA de Filex ! Vous pr\u00e9f\u00e9rez r\u00e9gler vos \u00e9crans l\u00e9g\u00e8rement \u00e0 gauche, \u00e0 droite, en haut ou en bas, mais vous ne pouvez pas le faire avec votre bras de moniteur actuel ? Ne paniquez pas ! Avec ce curseur VESA, vous pouvez facilement ajuster votre \u00e9cran comme vous le souhaitez, sans avoir \u00e0 acheter un nouveau bras de moniteur !<\/p>\n","protected":false},"featured_media":33054,"template":"","meta":{"_acf_changed":false},"product_brand":[],"product_cat":[534,547],"product_tag":[],"class_list":{"0":"post-28444","1":"product","2":"type-product","3":"status-publish","4":"has-post-thumbnail","6":"product_cat-fixations-et-options","7":"product_cat-sliders-vesa","8":"pa_kleur-noir","10":"first","11":"instock","12":"purchasable","13":"product-type-simple"},"acf":[],"_links":{"self":[{"href":"https:\/\/www.filex.nl\/fr\/wp-json\/wp\/v2\/product\/28444","targetHints":{"allow":["GET"]}}],"collection":[{"href":"https:\/\/www.filex.nl\/fr\/wp-json\/wp\/v2\/product"}],"about":[{"href":"https:\/\/www.filex.nl\/fr\/wp-json\/wp\/v2\/types\/product"}],"wp:featuredmedia":[{"embeddable":true,"href":"https:\/\/www.filex.nl\/fr\/wp-json\/wp\/v2\/media\/33054"}],"wp:attachment":[{"href":"https:\/\/www.filex.nl\/fr\/wp-json\/wp\/v2\/media?parent=28444"}],"wp:term":[{"taxonomy":"product_brand","embeddable":true,"href":"https:\/\/www.filex.nl\/fr\/wp-json\/wp\/v2\/product_brand?post=28444"},{"taxonomy":"product_cat","embeddable":true,"href":"https:\/\/www.filex.nl\/fr\/wp-json\/wp\/v2\/product_cat?post=28444"},{"taxonomy":"product_tag","embeddable":true,"href":"https:\/\/www.filex.nl\/fr\/wp-json\/wp\/v2\/product_tag?post=28444"}],"curies":[{"name":"wp","href":"https:\/\/api.w.org\/{rel}","templated":true}]}}