{"id":28448,"date":"2021-12-24T14:32:47","date_gmt":"2021-12-24T14:32:47","guid":{"rendered":"https:\/\/www.filex.nl\/product\/flex-crossbar-professional-zwart\/"},"modified":"2023-11-24T16:57:20","modified_gmt":"2023-11-24T16:57:20","slug":"crossbar-flex-premium-noir","status":"publish","type":"product","link":"https:\/\/www.filex.nl\/fr\/produit\/crossbar-flex-premium-noir\/","title":{"rendered":"Crossbar Flex Premium &#8211; Noir"},"content":{"rendered":"<p>La Crossbar Filex Flex (avec poign\u00e9e) convient pour 2 \u00e9crans et se monte sur 1 bras convenant pour un moniteur. <\/p>\n<p>La Filex Flex Crossbar est dot\u00e9e de 2 fixations Quick Release VESA (VESA 75 x 75 et 100 x 100) universelles r\u00e9glables avec articulations \u00e0 rotule, permettant de r\u00e9gler les deux \u00e9crans ind\u00e9pendamment l&#8217;un de l&#8217;autre sur la Crossbar. <\/p>\n<p>Presque tous les positionnements sont possibles gr\u00e2ce \u00e0 cette Crossbar (horizontal, vertical et inclin\u00e9) et vous pouvez d\u00e9sormais r\u00e9gler l&#8217;angle de vision ind\u00e9pendamment pour chaque \u00e9cran. <\/p>\n<p>La Crossbar Filex Flex est dot\u00e9e d&#8217;une poign\u00e9e qui permet de d\u00e9placer facilement vos \u00e9crans en hauteur et en profondeur.  <\/p>\n<p>La Crossbar est \u00e9galement compatible avec des \u00e9crans de 17 \u00e0 32 pouces et se monte sur chaque bras de moniteur Filex. Ainsi, vous n&#8217;\u00eates plus jamais limit\u00e9(e) dans vos possibilit\u00e9s !<\/p>\n","protected":false},"excerpt":{"rendered":"<p>Crossbar Filex Flex! Un compl\u00e9ment esth\u00e9tique et rapide pour votre bras support d&#8217;\u00e9cran permettant de passer de 1 \u00e0 2 \u00e9crans ! Cette Crossbar Flex pr\u00e9sente un design mince et gr\u00e2ce aux articulations \u00e0 rotule dans les t\u00eates VESA, vous avez la possibilit\u00e9 de r\u00e9gler l&#8217;angle de vision le plus ergonomique !<\/p>\n","protected":false},"featured_media":15043,"template":"","meta":{"_acf_changed":false},"product_brand":[],"product_cat":[534,538],"product_tag":[],"class_list":{"0":"post-28448","1":"product","2":"type-product","3":"status-publish","4":"has-post-thumbnail","6":"product_cat-fixations-et-options","7":"product_cat-crossbars","8":"pa_ean-code-8719747100516-fr","9":"pa_kleur-noir","11":"first","12":"instock","13":"purchasable","14":"product-type-simple"},"acf":[],"_links":{"self":[{"href":"https:\/\/www.filex.nl\/fr\/wp-json\/wp\/v2\/product\/28448","targetHints":{"allow":["GET"]}}],"collection":[{"href":"https:\/\/www.filex.nl\/fr\/wp-json\/wp\/v2\/product"}],"about":[{"href":"https:\/\/www.filex.nl\/fr\/wp-json\/wp\/v2\/types\/product"}],"wp:featuredmedia":[{"embeddable":true,"href":"https:\/\/www.filex.nl\/fr\/wp-json\/wp\/v2\/media\/15043"}],"wp:attachment":[{"href":"https:\/\/www.filex.nl\/fr\/wp-json\/wp\/v2\/media?parent=28448"}],"wp:term":[{"taxonomy":"product_brand","embeddable":true,"href":"https:\/\/www.filex.nl\/fr\/wp-json\/wp\/v2\/product_brand?post=28448"},{"taxonomy":"product_cat","embeddable":true,"href":"https:\/\/www.filex.nl\/fr\/wp-json\/wp\/v2\/product_cat?post=28448"},{"taxonomy":"product_tag","embeddable":true,"href":"https:\/\/www.filex.nl\/fr\/wp-json\/wp\/v2\/product_tag?post=28448"}],"curies":[{"name":"wp","href":"https:\/\/api.w.org\/{rel}","templated":true}]}}