{"id":28451,"date":"2021-12-24T14:32:27","date_gmt":"2023-10-23T11:57:00","guid":{"rendered":"https:\/\/www.filex.nl\/product\/galaxy-vesa-slider-zwart\/"},"modified":"2025-01-24T22:10:21","modified_gmt":"2025-01-24T22:10:21","slug":"slider-vesa-galaxy-noir","status":"publish","type":"product","link":"https:\/\/www.filex.nl\/fr\/produit\/slider-vesa-galaxy-noir\/","title":{"rendered":"Slider VESA Galaxy &#8211; Noir"},"content":{"rendered":"<p>Le Slider VESA Filex Galaxy vous facilite le r\u00e9glage pour les diff\u00e9rentes tailles de moniteurs. Filex a d\u00e9velopp\u00e9 le Slider VESA. Le Slider VESA Filex est \u00e0 usage universel et se place sur chaque fixation VESA 75 x 75 et 100 x 100) existant sur le march\u00e9.<\/p>\n<p>Le Slider VESA vous permet de d\u00e9placer de mani\u00e8re progressive l&#8217;\u00e9cran de gauche \u00e0 droite et ainsi d&#8217;obtenir la bonne position ergonomique et\/ou la meilleure position pour vous ou votre client. Vous pouvez \u00e9galement sans le moindre probl\u00e8me travailler avec un plus grand \u00e9cran ou travailler avec 2 moniteurs diff\u00e9rents et les positionner c\u00f4te \u00e0 c\u00f4te.<\/p>\n<p>Le Slider VESA Filex dispose d&#8217;une plage de r\u00e9glage de 36 cm. De plus, plac\u00e9 verticalement, il peut \u00e9galement s&#8217;utiliser en combinaison avec, par exemple, le Filex Galaxy, ainsi qu&#8217;avec le support d&#8217;ordinateur portable universel (num\u00e9ro d&#8217;article 809498) qui permettra un r\u00e9glage progressif de la hauteur de l&#8217;ordinateur portable. Bref, le Slider VESA Filex est devenu indispensable sur chaque poste de travail !<\/p>\n","protected":false},"excerpt":{"rendered":"<p>Le Slider VESA Filex Galaxy ! Vous avez peut-\u00eatre 2 \u00e9crans diff\u00e9rents ou n&#8217;arrivez pas \u00e0 mettre 2 \u00e9crans c\u00f4te \u00e0 c\u00f4te ? Dans ce cas, ce Slider VESA Galaxy est la solution qu&#8217;il vous faut ! Plus rien ne vous emp\u00eachera de cr\u00e9er une configuration de travail ordonn\u00e9e !<\/p>\n","protected":false},"featured_media":15433,"template":"","meta":{"_acf_changed":false},"product_brand":[],"product_cat":[623,534,547,651],"product_tag":[],"class_list":{"0":"post-28451","1":"product","2":"type-product","3":"status-publish","4":"has-post-thumbnail","6":"product_cat-galaxy-onderdelen-fr","7":"product_cat-fixations-et-options","8":"product_cat-sliders-vesa","9":"product_cat-galaxy-serie-fr","10":"pa_ean-code-8719747103425-fr","11":"pa_kleur-noir","13":"first","14":"instock","15":"purchasable","16":"product-type-simple"},"acf":[],"_links":{"self":[{"href":"https:\/\/www.filex.nl\/fr\/wp-json\/wp\/v2\/product\/28451","targetHints":{"allow":["GET"]}}],"collection":[{"href":"https:\/\/www.filex.nl\/fr\/wp-json\/wp\/v2\/product"}],"about":[{"href":"https:\/\/www.filex.nl\/fr\/wp-json\/wp\/v2\/types\/product"}],"wp:featuredmedia":[{"embeddable":true,"href":"https:\/\/www.filex.nl\/fr\/wp-json\/wp\/v2\/media\/15433"}],"wp:attachment":[{"href":"https:\/\/www.filex.nl\/fr\/wp-json\/wp\/v2\/media?parent=28451"}],"wp:term":[{"taxonomy":"product_brand","embeddable":true,"href":"https:\/\/www.filex.nl\/fr\/wp-json\/wp\/v2\/product_brand?post=28451"},{"taxonomy":"product_cat","embeddable":true,"href":"https:\/\/www.filex.nl\/fr\/wp-json\/wp\/v2\/product_cat?post=28451"},{"taxonomy":"product_tag","embeddable":true,"href":"https:\/\/www.filex.nl\/fr\/wp-json\/wp\/v2\/product_tag?post=28451"}],"curies":[{"name":"wp","href":"https:\/\/api.w.org\/{rel}","templated":true}]}}