{"id":28452,"date":"2021-12-24T14:32:27","date_gmt":"2023-10-23T11:57:09","guid":{"rendered":"https:\/\/www.filex.nl\/product\/galaxy-laptop-houder-zwart\/"},"modified":"2025-01-24T22:10:27","modified_gmt":"2025-01-24T22:10:27","slug":"support-dordinateur-portable-galaxy-noir","status":"publish","type":"product","link":"https:\/\/www.filex.nl\/fr\/produit\/support-dordinateur-portable-galaxy-noir\/","title":{"rendered":"Support d&#8217;ordinateur portable Galaxy &#8211; Noir"},"content":{"rendered":"<p>Support d&#8217;ordinateur portable et de tablette (universel) Filex Galaxy ! Vous avez l&#8217;habitude de travailler \u00e0 la maison et aimeriez avoir votre ordinateur portable ou votre tablette \u00e0 une hauteur ergonomique ? Ou peut-\u00eatre retournez-vous au bureau pour travailler sur des postes de travail flexibles, o\u00f9 tout le monde travaille avec son propre ordinateur portable ? Dans ce cas, ce support d&#8217;ordinateur portable est la solution qu&#8217;il vous faut !<br \/>\nCe support d&#8217;ordinateur portable vous permet de monter rapidement et facilement tous les ordinateur portables ou tablettes sur la t\u00eate VESA (75 x 75 ou 100 x 100) de votre bras Galaxy et ainsi travailler directement de mani\u00e8re ergonomique. Vous pouvez r\u00e9gler votre ordinateur portable ou tablette de mani\u00e8re flexible \u00e0 la hauteur et \u00e0 l&#8217;angle de vision souhait\u00e9es pour adopter une posture tr\u00e8s ergonomique !<\/p>\n<p>Vous aimeriez un bras de moniteur adapt\u00e9 \u00e0 ce produit, mais ne vous en sortez pas vraiment ? Vous pouvez \u00e9galement composer enti\u00e8rement vous-m\u00eame la configuration souhait\u00e9e. Vous pr\u00e9f\u00e9rez un peu d&#8217;aide ? Contactez-nous\u00a0! Nous serons ravis de vous aider \u00e0 faire les bons choix ergonomiques !<\/p>\n","protected":false},"excerpt":{"rendered":"<p>Support d&#8217;ordinateur portable universel Filex Galaxy ! Vous \u00eates repr\u00e9sentant et travaillez souvent sur votre ordinateur portable ou \u00e0 des postes de travail flexibles ? Ou vous alternez souvent t\u00e9l\u00e9travail et travail au bureau ? C&#8217;est tellement plus agr\u00e9able de pouvoir r\u00e9gler votre ordinateur portable \u00e0 la bonne hauteur pour b\u00e9n\u00e9ficier de la hauteur de travail ergonomique correcte. Pour cela, il vous suffit d&#8217;ajouter ce support d&#8217;ordinateur portable sur votre bras de moniteur !<\/p>\n","protected":false},"featured_media":39416,"template":"","meta":{"_acf_changed":false},"product_brand":[],"product_cat":[623,534,544,651],"product_tag":[],"class_list":{"0":"post-28452","1":"product","2":"type-product","3":"status-publish","4":"has-post-thumbnail","6":"product_cat-galaxy-onderdelen-fr","7":"product_cat-fixations-et-options","8":"product_cat-support-d-ordinateur","9":"product_cat-galaxy-serie-fr","10":"pa_ean-code-8719747102275-fr","11":"pa_kleur-noir","13":"first","14":"instock","15":"purchasable","16":"product-type-simple"},"acf":[],"_links":{"self":[{"href":"https:\/\/www.filex.nl\/fr\/wp-json\/wp\/v2\/product\/28452","targetHints":{"allow":["GET"]}}],"collection":[{"href":"https:\/\/www.filex.nl\/fr\/wp-json\/wp\/v2\/product"}],"about":[{"href":"https:\/\/www.filex.nl\/fr\/wp-json\/wp\/v2\/types\/product"}],"wp:featuredmedia":[{"embeddable":true,"href":"https:\/\/www.filex.nl\/fr\/wp-json\/wp\/v2\/media\/39416"}],"wp:attachment":[{"href":"https:\/\/www.filex.nl\/fr\/wp-json\/wp\/v2\/media?parent=28452"}],"wp:term":[{"taxonomy":"product_brand","embeddable":true,"href":"https:\/\/www.filex.nl\/fr\/wp-json\/wp\/v2\/product_brand?post=28452"},{"taxonomy":"product_cat","embeddable":true,"href":"https:\/\/www.filex.nl\/fr\/wp-json\/wp\/v2\/product_cat?post=28452"},{"taxonomy":"product_tag","embeddable":true,"href":"https:\/\/www.filex.nl\/fr\/wp-json\/wp\/v2\/product_tag?post=28452"}],"curies":[{"name":"wp","href":"https:\/\/api.w.org\/{rel}","templated":true}]}}