{"id":28456,"date":"2021-12-24T14:32:17","date_gmt":"2023-10-23T11:57:07","guid":{"rendered":"https:\/\/www.filex.nl\/product\/galaxy-direct-connect-crossbar-zwart\/"},"modified":"2025-01-24T22:10:30","modified_gmt":"2025-01-24T22:10:30","slug":"crossbar-direct-connect-galaxy-noir","status":"publish","type":"product","link":"https:\/\/www.filex.nl\/fr\/produit\/crossbar-direct-connect-galaxy-noir\/","title":{"rendered":"Crossbar Direct-Connect Galaxy &#8211; Noir"},"content":{"rendered":"<p>Crossbar Direct-Connect Filex Galaxy !<\/p>\n<p>Avec cette Crossbar Direct-Connect Galaxy flexible, transformez de la mani\u00e8re la plus \u00e9conomique possible un bras de moniteur pour 1 \u00e9cran en une solution ergonomique optimale pour 2 \u00e9crans !<\/p>\n<p>Il vous suffit de placer cette Crossbar sur un bras  pour 1 \u00e9cran, sans devoir acheter une t\u00eate VESA Galaxy pour Crossbar ! Comme son nom l&#8217;indique : Direct-Connect ! La t\u00eate VESA correspondante que vous montez sur le bras support d&#8217;\u00e9cran est livr\u00e9e de s\u00e9rie.<\/p>\n<p>La Crossbar fait partie de la famille Galaxy et peut donc \u00eatre plac\u00e9e sur toutes les configurations du bras Galaxy modulaire !<\/p>\n<p>Apr\u00e8s un montage avec les connecteurs Quick Release VESA fournis de s\u00e9rie, les \u00e9crans (jusqu&#8217;\u00e0 27 pouces avec l&#8217;utilisation de cette Crossbar) peuvent \u00eatre r\u00e9gl\u00e9s toutes les position souhait\u00e9e par l&#8217;utilisateur.<\/p>\n<p>La poign\u00e9e r\u00e9glable qui \u00e9quipe la Crossbar vous permet de la d\u00e9placer facilement vos \u00e9crans sans y laisser de traces de doigts !<\/p>\n","protected":false},"excerpt":{"rendered":"<p>Crossbar Direct-Connect Filex Galaxy ! Une possibilit\u00e9 d&#8217;extension facile qui permet de passer de 1 \u00e0 2 moniteurs ! Il vous suffit d&#8217;ajouter cette Crossbar \u00e0 votre bras modulaire Galaxy, sans devoir acheter une t\u00eate VESA pour Crossbar, et c&#8217;est tout !<\/p>\n","protected":false},"featured_media":53050,"template":"","meta":{"_acf_changed":false},"product_brand":[],"product_cat":[623,534,538,651],"product_tag":[],"class_list":{"0":"post-28456","1":"product","2":"type-product","3":"status-publish","4":"has-post-thumbnail","6":"product_cat-galaxy-onderdelen-fr","7":"product_cat-fixations-et-options","8":"product_cat-crossbars","9":"product_cat-galaxy-serie-fr","10":"pa_ean-code-8719747106549-fr","11":"pa_kleur-noir","13":"first","14":"instock","15":"purchasable","16":"product-type-simple"},"acf":[],"_links":{"self":[{"href":"https:\/\/www.filex.nl\/fr\/wp-json\/wp\/v2\/product\/28456","targetHints":{"allow":["GET"]}}],"collection":[{"href":"https:\/\/www.filex.nl\/fr\/wp-json\/wp\/v2\/product"}],"about":[{"href":"https:\/\/www.filex.nl\/fr\/wp-json\/wp\/v2\/types\/product"}],"wp:featuredmedia":[{"embeddable":true,"href":"https:\/\/www.filex.nl\/fr\/wp-json\/wp\/v2\/media\/53050"}],"wp:attachment":[{"href":"https:\/\/www.filex.nl\/fr\/wp-json\/wp\/v2\/media?parent=28456"}],"wp:term":[{"taxonomy":"product_brand","embeddable":true,"href":"https:\/\/www.filex.nl\/fr\/wp-json\/wp\/v2\/product_brand?post=28456"},{"taxonomy":"product_cat","embeddable":true,"href":"https:\/\/www.filex.nl\/fr\/wp-json\/wp\/v2\/product_cat?post=28456"},{"taxonomy":"product_tag","embeddable":true,"href":"https:\/\/www.filex.nl\/fr\/wp-json\/wp\/v2\/product_tag?post=28456"}],"curies":[{"name":"wp","href":"https:\/\/api.w.org\/{rel}","templated":true}]}}