{"id":28459,"date":"2021-12-24T14:31:47","date_gmt":"2023-10-23T11:57:02","guid":{"rendered":"https:\/\/www.filex.nl\/product\/swing-dubbel-monitorarm-space-grey\/"},"modified":"2024-10-18T15:34:03","modified_gmt":"2024-10-18T15:34:03","slug":"bras-support-decran-double-swing-noir","status":"publish","type":"product","link":"https:\/\/www.filex.nl\/fr\/produit\/bras-support-decran-double-swing-noir\/","title":{"rendered":"Bras support d&#8217;\u00e9cran double Swing &#8211; Noir"},"content":{"rendered":"<p>Le bras de moniteur Filex Swing Duo ! Ce bras de moniteur Filex innovant, mod\u00e8le Swing Duo, est le bras de moniteur de r\u00e9f\u00e9rence pour 2 \u00e9crans jusqu&#8217;\u00e0 32 pouces et est tr\u00e8s avantageux \u00e9conomiquement !<\/p>\n<p>La solution id\u00e9ale pour chaque poste de t\u00e9l\u00e9travail ou poste de travail classique o\u00f9 l&#8217;avantage \u00e9conomique est d\u00e9cisif. Ce bras de moniteur r\u00e9glable dynamique id\u00e9al et abordable est donc \u00e9galement tr\u00e8s facile d&#8217;utilisation.<\/p>\n<p>\u00c0 l&#8217;aide de cette pince de plateau Topdown pratique, vous pouvez monter de mani\u00e8re rapide et ais\u00e9e le bras sur votre plateau de bureau. De plus, la pince unique est dot\u00e9e d&#8217;un arr\u00eat de rotation \u00e0 180 degr\u00e9s r\u00e9glable. La pince peut \u00e9galement \u00eatre mont\u00e9e comme passe-c\u00e2bles, car il se trouve de s\u00e9rie dans l&#8217;emballage. Ainsi, vous conservez toutes les possibilit\u00e9s de montage !<\/p>\n<p>Placez d&#8217;abord l&#8217;\u00e9l\u00e9ment de bras (statique) passif inclin\u00e9 sur la pince de plateau\/le passe-c\u00e2bles, puis l&#8217;\u00e9l\u00e9ment (\u00e0 v\u00e9rin \u00e0 gaz) actif sur l&#8217;\u00e9l\u00e9ment (statique) passif du bras. Avec la cl\u00e9 Allen fournie, r\u00e9glez la souplesse de rotation de l&#8217;\u00e9cran.<br \/>\nFixez vos \u00e9crans au moyen de la fixation Quick Release VESA sur la base de VESA 75 x 75 ou 100 x 100, puis r\u00e9glez avec la cl\u00e9 Allen fournie la r\u00e9sistance du bras dynamique selon le poids de vos \u00e9crans en position horizontale ou verticale.<br \/>\nDans la gestion des c\u00e2bles int\u00e9gr\u00e9e, dissimulez ensuite les c\u00e2bles de raccordement de vos moniteurs pour retrouver un poste de travail bien rang\u00e9.<\/p>\n<p>Le bras est maintenant pr\u00eat \u00e0 l&#8217;emploi et vous pouvez d\u00e9placer le moniteur de mani\u00e8re souple de gauche \u00e0 droite ou de haut en bas ! Bref : dans chaque position pour r\u00e9gler le bon angle de vision et la posture de travail la plus ergonomique !<\/p>\n<p>Outre la garantie d&#8217;avoir avec ce bras une fantastique solution pour adopter la posture de travail correcte et ergonomique, ce bras (hormis son prix avantageux) est \u00e9galement assorti d&#8217;une garantie totale de deux ans !<\/p>\n<p>Bras de moniteur \u00e0 v\u00e9rin \u00e0 gaz Economy Heavy-Duty Dual-Monitor avec poign\u00e9e<br \/>\nLe v\u00e9rin \u00e0 gaz compense parfaitement le poids de votre \u00e9cran pour un r\u00e9glage sans effort pour le confort de vision<br \/>\nPoign\u00e9e Easy-Grip : tr\u00e8s pratique pour \u00e9tendre et positionner le bras !<br \/>\nSupport de moniteur horizontal coulissant : pour une mise en place facile et parfaite du moniteur<br \/>\nRail horizontal courb\u00e9 : pour une meilleure position de vision<br \/>\nArr\u00eat de rotation \u00e0 180\u00b0 int\u00e9gr\u00e9 : emp\u00eache le bras de moniteur de heurter l&#8217;\u00e9cran ou le mur<br \/>\nPlaque VESA rotative \u00e0 360\u00b0 : pour une meilleure exp\u00e9rience visuelle<br \/>\nFree-Tilting Design : facilite le r\u00e9glage vers l&#8217;avant ou vers l&#8217;arri\u00e8re pour une meilleure vision et moins de reflets<br \/>\nPlaque VESA amovible : pour une installation facile<br \/>\nGestion des c\u00e2bles : pour un espace de travail bien organis\u00e9<\/p>\n","protected":false},"excerpt":{"rendered":"<p>Bras support d&#8217;\u00e9cran Filex Swing pour 2 \u00e9crans avec v\u00e9rin \u00e0 gaz ! Le bras support d&#8217;\u00e9cran \u00e0 v\u00e9rin \u00e0 gaz le moins cher de Filex ! Un design \u00e9pur\u00e9 et moderne, qui tient compte des possibilit\u00e9s ergonomiques du poste de travail et dissimule proprement les c\u00e2bles !<\/p>\n","protected":false},"featured_media":54647,"template":"","meta":{"_acf_changed":false},"product_brand":[],"product_cat":[606,612,660],"product_tag":[],"class_list":{"0":"post-28459","1":"product","2":"type-product","3":"status-publish","4":"has-post-thumbnail","6":"product_cat-bras-de-moniteur","7":"product_cat-2-schermen-fr","8":"product_cat-bras-de-moniteur-swing","9":"pa_kleur-noir","11":"first","12":"instock","13":"product-type-simple"},"acf":[],"_links":{"self":[{"href":"https:\/\/www.filex.nl\/fr\/wp-json\/wp\/v2\/product\/28459","targetHints":{"allow":["GET"]}}],"collection":[{"href":"https:\/\/www.filex.nl\/fr\/wp-json\/wp\/v2\/product"}],"about":[{"href":"https:\/\/www.filex.nl\/fr\/wp-json\/wp\/v2\/types\/product"}],"wp:featuredmedia":[{"embeddable":true,"href":"https:\/\/www.filex.nl\/fr\/wp-json\/wp\/v2\/media\/54647"}],"wp:attachment":[{"href":"https:\/\/www.filex.nl\/fr\/wp-json\/wp\/v2\/media?parent=28459"}],"wp:term":[{"taxonomy":"product_brand","embeddable":true,"href":"https:\/\/www.filex.nl\/fr\/wp-json\/wp\/v2\/product_brand?post=28459"},{"taxonomy":"product_cat","embeddable":true,"href":"https:\/\/www.filex.nl\/fr\/wp-json\/wp\/v2\/product_cat?post=28459"},{"taxonomy":"product_tag","embeddable":true,"href":"https:\/\/www.filex.nl\/fr\/wp-json\/wp\/v2\/product_tag?post=28459"}],"curies":[{"name":"wp","href":"https:\/\/api.w.org\/{rel}","templated":true}]}}