{"id":28463,"date":"2021-12-24T14:31:47","date_gmt":"2023-10-23T11:57:05","guid":{"rendered":"https:\/\/www.filex.nl\/product\/swing-enkel-monitorarm-zwart\/"},"modified":"2025-03-31T07:37:04","modified_gmt":"2025-03-31T07:37:04","slug":"bras-support-decran-simple-swing-noir","status":"publish","type":"product","link":"https:\/\/www.filex.nl\/fr\/produit\/bras-support-decran-simple-swing-noir\/","title":{"rendered":"Bras support d&#8217;\u00e9cran simple Swing &#8211; Noir"},"content":{"rendered":"<p>\u2022 Le bras \u00e9cran Swing simple est \u00e9quip\u00e9 d&#8217;un ressort \u00e0 gaz haute capacit\u00e9.<br \/>\n\u2022 Convient aux \u00e9crans jusqu&#8217;\u00e0 18 kg et aux \u00e9crans incurv\u00e9s de 49&#8243;.<br \/>\n\u2022 S&#8217;installe facilement via une pince top mount (serrage par le haut) ou une pince pour obturateur\/percement.<br \/>\n\u2022 Le bras peut pivoter sur un axe de 180\u00b0.<br \/>\n\u2022 L&#8217;\u00e9cran se fixe sur une plaque VESA d\u00e9tachable.<br \/>\n\u2022 Gestion des c\u00e2bles int\u00e9gr\u00e9e pour une organisation efficace.<br \/>\n\u2022 En option, la base du Swing peut \u00eatre \u00e9quip\u00e9e de ports\/c\u00e2bles USB-A et USB-C (kit vendu s\u00e9par\u00e9ment 100136994).<br \/>\n\u2022 Con\u00e7u pour durer avec une garantie de 5 ans.<\/p>\n","protected":false},"excerpt":{"rendered":"<p>Le bras \u00e9cran Swing simple est robuste et adapt\u00e9 aux postes de travail \u00e0 un \u00e9cran. Facile \u00e0 installer et \u00e0 ajuster, avec une gestion des c\u00e2bles int\u00e9gr\u00e9e.<\/p>\n","protected":false},"featured_media":54643,"template":"","meta":{"_acf_changed":false},"product_brand":[],"product_cat":[606,608,660],"product_tag":[],"class_list":{"0":"post-28463","1":"product","2":"type-product","3":"status-publish","4":"has-post-thumbnail","6":"product_cat-bras-de-moniteur","7":"product_cat-1-scherm-fr","8":"product_cat-bras-de-moniteur-swing","9":"pa_ean-code-8719747103784-fr","10":"pa_kleur-noir","12":"first","13":"instock","14":"product-type-simple"},"acf":[],"_links":{"self":[{"href":"https:\/\/www.filex.nl\/fr\/wp-json\/wp\/v2\/product\/28463","targetHints":{"allow":["GET"]}}],"collection":[{"href":"https:\/\/www.filex.nl\/fr\/wp-json\/wp\/v2\/product"}],"about":[{"href":"https:\/\/www.filex.nl\/fr\/wp-json\/wp\/v2\/types\/product"}],"wp:featuredmedia":[{"embeddable":true,"href":"https:\/\/www.filex.nl\/fr\/wp-json\/wp\/v2\/media\/54643"}],"wp:attachment":[{"href":"https:\/\/www.filex.nl\/fr\/wp-json\/wp\/v2\/media?parent=28463"}],"wp:term":[{"taxonomy":"product_brand","embeddable":true,"href":"https:\/\/www.filex.nl\/fr\/wp-json\/wp\/v2\/product_brand?post=28463"},{"taxonomy":"product_cat","embeddable":true,"href":"https:\/\/www.filex.nl\/fr\/wp-json\/wp\/v2\/product_cat?post=28463"},{"taxonomy":"product_tag","embeddable":true,"href":"https:\/\/www.filex.nl\/fr\/wp-json\/wp\/v2\/product_tag?post=28463"}],"curies":[{"name":"wp","href":"https:\/\/api.w.org\/{rel}","templated":true}]}}