{"id":28466,"date":"2021-12-24T14:31:47","date_gmt":"2021-12-24T14:31:47","guid":{"rendered":"https:\/\/www.filex.nl\/product\/splitter-egst-3-zwart\/"},"modified":"2025-04-30T14:12:33","modified_gmt":"2025-04-30T14:12:33","slug":"separateur-connecteur-enfichable-3-poles-3","status":"publish","type":"product","link":"https:\/\/www.filex.nl\/fr\/produit\/separateur-connecteur-enfichable-3-poles-3\/","title":{"rendered":"S\u00e9parateur connecteur enfichable 3 p\u00f4les &#8211; 3"},"content":{"rendered":"<p>S\u00e9parateur en T c<span data-teams=\"true\">onnecteur enfichable 3 p\u00f4les<\/span> \u00e0 3 connecteurs ! Ce s\u00e9parateur peut \u00eatre utilis\u00e9 pour s\u00e9parer une fiche c<span data-teams=\"true\">onnecteur enfichable 3 p\u00f4les <\/span>&#8211; 3 en 2 c\u00e2bles, comme c&#8217;est d&#8217;usage avec un s\u00e9parateur en Y, par exemple. Cela vous permet de raccorder un cordon de connexion \u00e0 un cordon de raccordement. Naturellement, ce s\u00e9parateur en T peut \u00e9galement \u00eatre utile pour \u00e9tendre votre \u00e9lectrification !<\/p>\n<p>Prise c\u00f4t\u00e9 1 : c<span data-teams=\"true\">onnecteur enfichable 3 p\u00f4les<\/span> &#8211; 3 broches &#8211; femelle.<br \/>\nPrise c\u00f4t\u00e9s 2 et 3 : c<span data-teams=\"true\">onnecteur enfichable 3 p\u00f4les<\/span> &#8211; 3 broches &#8211; m\u00e2le.<\/p>\n","protected":false},"excerpt":{"rendered":"<p>S\u00e9parateur en T c<span data-teams=\"true\">onnecteur enfichable 3 p\u00f4les<\/span> \u00e0 3 connecteurs ! Id\u00e9al pour s\u00e9parer 2 c\u00e2bles ! \u00c9tendre l&#8217;\u00e9lectrification ou modifier un plan d&#8217;\u00e9clairage ? Ce produit est indispensable pour r\u00e9aliser ces op\u00e9rations !<\/p>\n","protected":false},"featured_media":35965,"template":"","meta":{"_acf_changed":false},"product_brand":[],"product_cat":[593,595],"product_tag":[],"class_list":{"0":"post-28466","1":"product","2":"type-product","3":"status-publish","4":"has-post-thumbnail","6":"product_cat-gestion-des-cables","7":"product_cat-autres","8":"pa_ean-code-8719747106464-fr","9":"pa_kleur-noir","11":"first","12":"instock","13":"purchasable","14":"product-type-simple"},"acf":[],"_links":{"self":[{"href":"https:\/\/www.filex.nl\/fr\/wp-json\/wp\/v2\/product\/28466","targetHints":{"allow":["GET"]}}],"collection":[{"href":"https:\/\/www.filex.nl\/fr\/wp-json\/wp\/v2\/product"}],"about":[{"href":"https:\/\/www.filex.nl\/fr\/wp-json\/wp\/v2\/types\/product"}],"wp:featuredmedia":[{"embeddable":true,"href":"https:\/\/www.filex.nl\/fr\/wp-json\/wp\/v2\/media\/35965"}],"wp:attachment":[{"href":"https:\/\/www.filex.nl\/fr\/wp-json\/wp\/v2\/media?parent=28466"}],"wp:term":[{"taxonomy":"product_brand","embeddable":true,"href":"https:\/\/www.filex.nl\/fr\/wp-json\/wp\/v2\/product_brand?post=28466"},{"taxonomy":"product_cat","embeddable":true,"href":"https:\/\/www.filex.nl\/fr\/wp-json\/wp\/v2\/product_cat?post=28466"},{"taxonomy":"product_tag","embeddable":true,"href":"https:\/\/www.filex.nl\/fr\/wp-json\/wp\/v2\/product_tag?post=28466"}],"curies":[{"name":"wp","href":"https:\/\/api.w.org\/{rel}","templated":true}]}}