{"id":28471,"date":"2021-12-24T14:31:36","date_gmt":"2023-10-23T11:56:52","guid":{"rendered":"https:\/\/www.filex.nl\/product\/power-desk-up-1-0-1x-230v-1x-usb-ac-charge-zwart\/"},"modified":"2025-04-30T14:17:18","modified_gmt":"2025-04-30T14:17:18","slug":"power-desk-up-1-0-1x-230v-1x-charge-usb-ac","status":"publish","type":"product","link":"https:\/\/www.filex.nl\/fr\/produit\/power-desk-up-1-0-1x-230v-1x-charge-usb-ac\/","title":{"rendered":"Power Desk Up\u00ae 1.0 &#8211; 1x 230V, 1x charge USB-A+C"},"content":{"rendered":"<p>S\u00e9rie Desk Up\u00ae 1.0. Une unit\u00e9 en saillie au design mince et moderne !<\/p>\n<p>Cette unit\u00e9 en saillie \u00e9pur\u00e9e noire est \u00e9quip\u00e9e de s\u00e9rie de deux plaques de montage pour un montage sur ou sous votre bureau, ainsi que d&#8217;un cordon de raccordement fixe \u00e0 l&#8217;arri\u00e8re de 1 m\u00e8tre avec fiche c<span data-teams=\"true\">onnecteur enfichable 3 p\u00f4les<\/span>.<\/p>\n<p>Cette unit\u00e9 d&#8217;\u00e9lectrification s&#8217;utilise non seulement mais aussi dans une goulotte. Elle peut \u00e9galement \u00eatre fix\u00e9e sur chaque bras de moniteur Galaxy au moyen du support d&#8217;\u00e9lectrification Galaxy. Ainsi, vous avez directement tous vos points d&#8217;alimentation \u00e0 port\u00e9e de main !<\/p>\n<p>L&#8217;unit\u00e9 en saillie est compacte et \u00e9quip\u00e9e de 1 x fiche 230V et de 1 x USB-A+C (5,0V &#8211; 3,1A &#8211; 15,5W).<\/p>\n<p>Et qui plus est, cette unit\u00e9 en saillie Power Desk Up\u00ae est naturellement certifi\u00e9e CE ! Pour nous, la s\u00e9curit\u00e9 et la qualit\u00e9 passent avant tout !<\/p>\n<p>N&#8217;oubliez pas de commander en plus un cordon de raccordement de la longueur de votre choix pour pouvoir brancher l&#8217;unit\u00e9 sur un point d&#8217;alimentation avec un c\u00e2ble appropri\u00e9.<\/p>\n<p>Couleurs livrables : noir mat et blanc.<\/p>\n","protected":false},"excerpt":{"rendered":"<p>La s\u00e9rie Desk Up\u00ae 1.0 ! L&#8217;unit\u00e9 d&#8217;\u00e9lectrification en saillie polyvalente de r\u00e9f\u00e9rence, qui peut \u00eatre fix\u00e9e aussi bien sur votre bureau que mont\u00e9e sur les postes de bras de moniteur Galaxy au moyen d&#8217;une pince d&#8217;\u00e9lectrification ! D\u00e9couvrez toutes nos possibilit\u00e9s et nos nombreuses options pour trouver l&#8217;unit\u00e9 qui r\u00e9pond \u00e0 vos souhaits sp\u00e9cifiques !<\/p>\n","protected":false},"featured_media":15244,"template":"","meta":{"_acf_changed":false},"product_brand":[],"product_cat":[636,642,566],"product_tag":[],"class_list":{"0":"post-28471","1":"product","2":"type-product","3":"status-publish","4":"has-post-thumbnail","6":"product_cat-desk-up-1-0-elektrificatie-fr","7":"product_cat-electrification-desk-up","8":"product_cat-electrification","9":"pa_ean-code-8719747105177-fr","10":"pa_kleur-blanc","11":"pa_kleur-noir","13":"first","14":"instock","15":"purchasable","16":"product-type-variable","17":"has-default-attributes"},"acf":[],"_links":{"self":[{"href":"https:\/\/www.filex.nl\/fr\/wp-json\/wp\/v2\/product\/28471","targetHints":{"allow":["GET"]}}],"collection":[{"href":"https:\/\/www.filex.nl\/fr\/wp-json\/wp\/v2\/product"}],"about":[{"href":"https:\/\/www.filex.nl\/fr\/wp-json\/wp\/v2\/types\/product"}],"wp:featuredmedia":[{"embeddable":true,"href":"https:\/\/www.filex.nl\/fr\/wp-json\/wp\/v2\/media\/15244"}],"wp:attachment":[{"href":"https:\/\/www.filex.nl\/fr\/wp-json\/wp\/v2\/media?parent=28471"}],"wp:term":[{"taxonomy":"product_brand","embeddable":true,"href":"https:\/\/www.filex.nl\/fr\/wp-json\/wp\/v2\/product_brand?post=28471"},{"taxonomy":"product_cat","embeddable":true,"href":"https:\/\/www.filex.nl\/fr\/wp-json\/wp\/v2\/product_cat?post=28471"},{"taxonomy":"product_tag","embeddable":true,"href":"https:\/\/www.filex.nl\/fr\/wp-json\/wp\/v2\/product_tag?post=28471"}],"curies":[{"name":"wp","href":"https:\/\/api.w.org\/{rel}","templated":true}]}}