{"id":28474,"date":"2021-12-24T14:31:36","date_gmt":"2023-10-23T11:56:52","guid":{"rendered":"https:\/\/www.filex.nl\/product\/qi-power-spot-fr-zwart\/"},"modified":"2025-04-30T14:20:48","modified_gmt":"2025-04-30T14:20:48","slug":"qi-power-spot-fr","status":"publish","type":"product","link":"https:\/\/www.filex.nl\/fr\/produit\/qi-power-spot-fr\/","title":{"rendered":"QI Power-Spot\u00ae FR"},"content":{"rendered":"<p>Le QI Power-Spot\u00ae maintenant avec charge QI sans fil, charge USB-A et USB-C !<\/p>\n<p>L&#8217;unit\u00e9 ronde tout-en-un et int\u00e9gr\u00e9e dont vous ne pouvez plus vous passer sur votre lieu de travail !<\/p>\n<p>Cette unit\u00e9 d&#8217;\u00e9lectrification de est con\u00e7ue avec un look moderne et poss\u00e8de un design hollandais unique. L&#8217;unit\u00e9 d&#8217;alimentation peut \u00eatre encastr\u00e9e dans votre bureau, ce qui fait que l&#8217;unit\u00e9 dispara\u00eet joliment et que vous avez toujours un bureau propre.<\/p>\n<p>L&#8217;unit\u00e9 est livr\u00e9e en standard avec 1 prise fran\u00e7aise 230 V, 1 x USB A+C Charge (2,5A-5V) et 1 x un module \u00e0 d\u00e9bit variable, vous permettant de basculer entre HDMI, une connexion RJ45 ou un module d&#8217;extension USB \u00e0 tout moment (voir les options ci-dessous). Vous pr\u00e9f\u00e9rez encore la terre \u00e0 broche \u00e0 la prise fran\u00e7aise ? Nous avons \u00e9galement ces unit\u00e9s dans notre gamme (num\u00e9ros d&#8217;article 681077 et 681078) !<\/p>\n<p>Cette unit\u00e9 d&#8217;encastrement ronde a m\u00eame une fonction suppl\u00e9mentaire !<\/p>\n<p>Outre le fait que le bloc d&#8217;alimentation dispose d&#8217;un rabat pratique qui emp\u00eache la poussi\u00e8re et la salet\u00e9 de p\u00e9n\u00e9trer dans votre bloc d&#8217;alimentation, vous pouvez charger votre smartphone \u00e0 l&#8217;int\u00e9rieur de ce rabat gr\u00e2ce \u00e0 la technologie QI int\u00e9gr\u00e9e !<\/p>\n<p>Toutes les commodit\u00e9s dans une seule unit\u00e9 ; c&#8217;est ce que vous voulez aussi, n&#8217;est-ce pas ?<\/p>\n<p>Le QI Power-Spot\u00ae est \u00e9quip\u00e9 d&#8217;un c\u00e2ble de connexion fixe de 2 m\u00e8tre avec fiche Schuko et est disponible en noir. \u00d8 80 mm. Un module diff\u00e9rent du conduit dans votre unit\u00e9 ? Demandez-nous directement toutes les options !<\/p>\n<p>Options du module :<br \/>\n681083 &#8211; Module HDMI Blanc<br \/>\n681084 &#8211; Module HDMI Noir<br \/>\n681081 &#8211; Module RJ45 Blanc<br \/>\n681082 &#8211; Module RJ45 Noir<br \/>\n681085 &#8211; Module d&#8217;extension USB Blanc<br \/>\n681086 &#8211; Module d&#8217;extension USB noir.<\/p>\n<p>Bien entendu, cette unit\u00e9 d&#8217;\u00e9lectrification est certifi\u00e9e CE.<\/p>\n","protected":false},"excerpt":{"rendered":"<p>QI Power-Spot\u00ae ! Une unit\u00e9 d&#8217;\u00e9lectrification encastr\u00e9e ronde tr\u00e8s pratique ! Facile \u00e0 encastrer dans votre poste de t\u00e9l\u00e9travail, au bureau ou dans une salle de r\u00e9union, pour avoir toute l&#8217;\u00e9lectrification \u00e0 port\u00e9e de main ! Vous pouvez m\u00eame charger sans fil !<\/p>\n","protected":false},"featured_media":55168,"template":"","meta":{"_acf_changed":false},"product_brand":[],"product_cat":[656,566],"product_tag":[],"class_list":{"0":"post-28474","1":"product","2":"type-product","3":"status-publish","4":"has-post-thumbnail","6":"product_cat-electrification-power-spot","7":"product_cat-electrification","8":"pa_kleur-blanc","9":"pa_kleur-noir","11":"first","12":"instock","13":"purchasable","14":"product-type-variable","15":"has-default-attributes"},"acf":[],"_links":{"self":[{"href":"https:\/\/www.filex.nl\/fr\/wp-json\/wp\/v2\/product\/28474","targetHints":{"allow":["GET"]}}],"collection":[{"href":"https:\/\/www.filex.nl\/fr\/wp-json\/wp\/v2\/product"}],"about":[{"href":"https:\/\/www.filex.nl\/fr\/wp-json\/wp\/v2\/types\/product"}],"wp:featuredmedia":[{"embeddable":true,"href":"https:\/\/www.filex.nl\/fr\/wp-json\/wp\/v2\/media\/55168"}],"wp:attachment":[{"href":"https:\/\/www.filex.nl\/fr\/wp-json\/wp\/v2\/media?parent=28474"}],"wp:term":[{"taxonomy":"product_brand","embeddable":true,"href":"https:\/\/www.filex.nl\/fr\/wp-json\/wp\/v2\/product_brand?post=28474"},{"taxonomy":"product_cat","embeddable":true,"href":"https:\/\/www.filex.nl\/fr\/wp-json\/wp\/v2\/product_cat?post=28474"},{"taxonomy":"product_tag","embeddable":true,"href":"https:\/\/www.filex.nl\/fr\/wp-json\/wp\/v2\/product_tag?post=28474"}],"curies":[{"name":"wp","href":"https:\/\/api.w.org\/{rel}","templated":true}]}}