{"id":28481,"date":"2021-12-24T14:31:36","date_gmt":"2021-12-24T14:31:36","guid":{"rendered":"https:\/\/www.filex.nl\/product\/desk-in-slide\/"},"modified":"2025-04-30T14:22:16","modified_gmt":"2025-04-30T14:22:16","slug":"desk-in-slide","status":"publish","type":"product","link":"https:\/\/www.filex.nl\/fr\/produit\/desk-in-slide\/","title":{"rendered":"Desk In Slide"},"content":{"rendered":"<p>L&#8217;unit\u00e9 d&#8217;alimentation Desk-In Slide est l&#8217;unit\u00e9 d&#8217;\u00e9lectrification encastr\u00e9e de r\u00e9f\u00e9rence indispensable, entre autres dans votre table de conf\u00e9rence !<\/p>\n<p>Cette unit\u00e9 d&#8217;alimentation encastr\u00e9e est en aluminium bross\u00e9 et conf\u00e8re un design moderne \u00e0 chaque bureau, table de conf\u00e9rence ou paroi.<\/p>\n<p>La Desk-In Slide est facile \u00e0 ouvrir enti\u00e8rement ou en 2 parties s\u00e9par\u00e9es au moyen des 2 curseurs coulissants en aluminium qui vous donnent acc\u00e8s \u00e0 2 x fiche 230V, 1 x charge USB-A+C, 1 x Cat 6 (donn\u00e9es) et 1 x HDMI (les deux des connecteurs Keystone femelles).<\/p>\n<p>La charge USB-A+C intelligente encastr\u00e9e est capable de recharger de mani\u00e8re rapide et s\u00fbre votre t\u00e9l\u00e9phone, tablette ou un autre appareil.<\/p>\n<p>L&#8217;unit\u00e9 est facile \u00e0 monter et est livr\u00e9e avec un c\u00e2ble avec c<span data-teams=\"true\">onnecteur enfichable 3 p\u00f4les<\/span> d&#8217;une longueur de 1,8 m\u00e8tre. La glissi\u00e8re Desk-In a une plage de serrage de 40 mm.<\/p>\n","protected":false},"excerpt":{"rendered":"<p>Le Desk-In Slide ! L&#8217;unit\u00e9 d&#8217;\u00e9lectrification encastr\u00e9e moderne qui contribue \u00e0 une table de conf\u00e9rence ou \u00e0 un poste de travail \u00e9pur\u00e9 ! Toute l&#8217;\u00e9lectrification n\u00e9cessaire \u00e0 port\u00e9e de main et un aspect luxueux, c&#8217;est ce que vous voulez aussi, n&#8217;est-ce pas ?<\/p>\n","protected":false},"featured_media":55124,"template":"","meta":{"_acf_changed":false},"product_brand":[],"product_cat":[566],"product_tag":[],"class_list":{"0":"post-28481","1":"product","2":"type-product","3":"status-publish","4":"has-post-thumbnail","6":"product_cat-electrification","7":"pa_ean-code-8719747103760-fr","8":"pa_kleur-argent-noir","9":"pa_kleur-noir","11":"first","12":"instock","13":"purchasable","14":"product-type-variable","15":"has-default-attributes"},"acf":[],"_links":{"self":[{"href":"https:\/\/www.filex.nl\/fr\/wp-json\/wp\/v2\/product\/28481","targetHints":{"allow":["GET"]}}],"collection":[{"href":"https:\/\/www.filex.nl\/fr\/wp-json\/wp\/v2\/product"}],"about":[{"href":"https:\/\/www.filex.nl\/fr\/wp-json\/wp\/v2\/types\/product"}],"wp:featuredmedia":[{"embeddable":true,"href":"https:\/\/www.filex.nl\/fr\/wp-json\/wp\/v2\/media\/55124"}],"wp:attachment":[{"href":"https:\/\/www.filex.nl\/fr\/wp-json\/wp\/v2\/media?parent=28481"}],"wp:term":[{"taxonomy":"product_brand","embeddable":true,"href":"https:\/\/www.filex.nl\/fr\/wp-json\/wp\/v2\/product_brand?post=28481"},{"taxonomy":"product_cat","embeddable":true,"href":"https:\/\/www.filex.nl\/fr\/wp-json\/wp\/v2\/product_cat?post=28481"},{"taxonomy":"product_tag","embeddable":true,"href":"https:\/\/www.filex.nl\/fr\/wp-json\/wp\/v2\/product_tag?post=28481"}],"curies":[{"name":"wp","href":"https:\/\/api.w.org\/{rel}","templated":true}]}}