{"id":28482,"date":"2021-12-24T14:31:36","date_gmt":"2021-12-24T14:31:36","guid":{"rendered":"https:\/\/www.filex.nl\/product\/cablegrip-6-zwart\/"},"modified":"2024-10-18T15:34:30","modified_gmt":"2024-10-18T15:34:30","slug":"cablegrip-6-noir","status":"publish","type":"product","link":"https:\/\/www.filex.nl\/fr\/produit\/cablegrip-6-noir\/","title":{"rendered":"Cablegrip 6 &#8211; Noir"},"content":{"rendered":"<p>Toujours dissimuler de mani\u00e8re rapide et facile des c\u00e2bles sous un bureau. Que ce soit \u00e0 la maison ou au bureau. Cr\u00e9ez la s\u00e9curit\u00e9 en \u00e9vitant de tr\u00e9bucher sur des c\u00e2bles qui jonchent le sol. <\/p>\n<p>Rien de plus facile avec ces Cable Grips en dessous de votre bureau. Ce Cable Grip est dot\u00e9 de 6 trous pour vis. <\/p>\n<p>Si vous le souhaitez, vous pouvez \u00e9galement fixer le Cable Grip avec un ruban de mousse \u00e0 haute adh\u00e9rence.<\/p>\n<p>Dimensions 6 boucles : 115 x 65 mm.<br \/>\nMat\u00e9riau : plastique.<\/p>\n","protected":false},"excerpt":{"rendered":"<p>Filex Cablegrips ! Cr\u00e9er de mani\u00e8re rapide et facile un poste de travail bien rang\u00e9 sous votre bureau ? En utilisant ce Cablegrip, c&#8217;en est fini de ces c\u00e2bles d\u00e9sordonn\u00e9s. Tout est dissimul\u00e9 proprement et en s\u00e9curit\u00e9 !<\/p>\n","protected":false},"featured_media":54751,"template":"","meta":{"_acf_changed":false},"product_brand":[],"product_cat":[593,595],"product_tag":[],"class_list":{"0":"post-28482","1":"product","2":"type-product","3":"status-publish","4":"has-post-thumbnail","6":"product_cat-gestion-des-cables","7":"product_cat-autres","8":"pa_kleur-noir","10":"first","11":"instock","12":"purchasable","13":"product-type-simple"},"acf":[],"_links":{"self":[{"href":"https:\/\/www.filex.nl\/fr\/wp-json\/wp\/v2\/product\/28482","targetHints":{"allow":["GET"]}}],"collection":[{"href":"https:\/\/www.filex.nl\/fr\/wp-json\/wp\/v2\/product"}],"about":[{"href":"https:\/\/www.filex.nl\/fr\/wp-json\/wp\/v2\/types\/product"}],"wp:featuredmedia":[{"embeddable":true,"href":"https:\/\/www.filex.nl\/fr\/wp-json\/wp\/v2\/media\/54751"}],"wp:attachment":[{"href":"https:\/\/www.filex.nl\/fr\/wp-json\/wp\/v2\/media?parent=28482"}],"wp:term":[{"taxonomy":"product_brand","embeddable":true,"href":"https:\/\/www.filex.nl\/fr\/wp-json\/wp\/v2\/product_brand?post=28482"},{"taxonomy":"product_cat","embeddable":true,"href":"https:\/\/www.filex.nl\/fr\/wp-json\/wp\/v2\/product_cat?post=28482"},{"taxonomy":"product_tag","embeddable":true,"href":"https:\/\/www.filex.nl\/fr\/wp-json\/wp\/v2\/product_tag?post=28482"}],"curies":[{"name":"wp","href":"https:\/\/api.w.org\/{rel}","templated":true}]}}