{"id":28493,"date":"2021-12-24T14:31:06","date_gmt":"2023-10-23T11:57:11","guid":{"rendered":"https:\/\/www.filex.nl\/product\/power-pop-up-3x-230v-2x-usb-charge-alu-zwart\/"},"modified":"2025-04-30T14:24:50","modified_gmt":"2025-04-30T14:24:50","slug":"power-pop-up-3x-230v-2x-charge-usb-alu-noir","status":"publish","type":"product","link":"https:\/\/www.filex.nl\/fr\/produit\/power-pop-up-3x-230v-2x-charge-usb-alu-noir\/","title":{"rendered":"Power Pop Up &#8211; 3x 230V + 2x charge USB &#8211; Alu\/Noir"},"content":{"rendered":"<p>La Power Pop Up est id\u00e9ale sur chaque table de conf\u00e9rence ou plan de cuisine !<\/p>\n<p>Cette unit\u00e9 d&#8217;alimentation Power Pop Up compacte vous permet d&#8217;avoir toutes les possibilit\u00e9s d&#8217;alimentation \u00e0 port\u00e9e de main, ce qui vous a toujours manqu\u00e9 jusqu&#8217;\u00e0 pr\u00e9sent !<\/p>\n<p>Un simple effleurement sur le couvercle vous permet d&#8217;acc\u00e9der aux contacts int\u00e9gr\u00e9s. Sur cette version, vous acc\u00e9dez \u00e0 3 x prises de courant 230V et \u00e0 2 x charge USB pour recharger votre tablette ou t\u00e9l\u00e9phone, par exemple.<\/p>\n<p>L&#8217;unit\u00e9 d&#8217;alimentation Pop-up est \u00e9quip\u00e9e de s\u00e9rie d&#8217;un c\u00e2ble de 1,75 m avec prise de terre.<\/p>\n<p>Cette unit\u00e9 d&#8217;\u00e9lectrification peut \u00eatre mont\u00e9e horizontalement et verticalement, et peut m\u00eame \u00eatre encastr\u00e9e dans des armoires !<\/p>\n<p>Sp\u00e9cifications : avec c\u00e2ble de raccordement de 1,75 m\u00e8tre et prise de terre. Contenu unit\u00e9 : 3 x 230V et 2 x charge USB. Pour des bureaux jusqu&#8217;\u00e0 50 mm d&#8217;\u00e9paisseur et des dimensions d&#8217;encastrement de : \u00d860 mm. Puissance charge USB : 5V-2,4A.<\/p>\n<p>Couleurs livrables : noir en combinaison avec des finitions chics couleur aluminium.<\/p>\n","protected":false},"excerpt":{"rendered":"<p>La Power Pop Up ! Id\u00e9ale sur votre table de conf\u00e9rence et directement rang\u00e9e gr\u00e2ce \u00e0 une l\u00e9g\u00e8re pression sur le dessus. Ainsi, vous disposez de toute l&#8217;\u00e9lectrification n\u00e9cessaire \u00e0 port\u00e9e de main, tout en ayant directement une table bien rang\u00e9e !<\/p>\n","protected":false},"featured_media":15139,"template":"","meta":{"_acf_changed":false},"product_brand":[],"product_cat":[566],"product_tag":[],"class_list":{"0":"post-28493","1":"product","2":"type-product","3":"status-publish","4":"has-post-thumbnail","6":"product_cat-electrification","7":"pa_ean-code-8719747104361-fr","8":"pa_kleur-alu-zwart-fr","10":"first","11":"instock","12":"purchasable","13":"product-type-simple"},"acf":[],"_links":{"self":[{"href":"https:\/\/www.filex.nl\/fr\/wp-json\/wp\/v2\/product\/28493","targetHints":{"allow":["GET"]}}],"collection":[{"href":"https:\/\/www.filex.nl\/fr\/wp-json\/wp\/v2\/product"}],"about":[{"href":"https:\/\/www.filex.nl\/fr\/wp-json\/wp\/v2\/types\/product"}],"wp:featuredmedia":[{"embeddable":true,"href":"https:\/\/www.filex.nl\/fr\/wp-json\/wp\/v2\/media\/15139"}],"wp:attachment":[{"href":"https:\/\/www.filex.nl\/fr\/wp-json\/wp\/v2\/media?parent=28493"}],"wp:term":[{"taxonomy":"product_brand","embeddable":true,"href":"https:\/\/www.filex.nl\/fr\/wp-json\/wp\/v2\/product_brand?post=28493"},{"taxonomy":"product_cat","embeddable":true,"href":"https:\/\/www.filex.nl\/fr\/wp-json\/wp\/v2\/product_cat?post=28493"},{"taxonomy":"product_tag","embeddable":true,"href":"https:\/\/www.filex.nl\/fr\/wp-json\/wp\/v2\/product_tag?post=28493"}],"curies":[{"name":"wp","href":"https:\/\/api.w.org\/{rel}","templated":true}]}}