{"id":28497,"date":"2021-12-24T14:30:55","date_gmt":"2023-10-23T11:57:12","guid":{"rendered":"https:\/\/www.filex.nl\/product\/power-spot-zwart\/"},"modified":"2025-04-30T14:29:25","modified_gmt":"2025-04-30T14:29:25","slug":"power-spot-noir","status":"publish","type":"product","link":"https:\/\/www.filex.nl\/fr\/produit\/power-spot-noir\/","title":{"rendered":"Power-Spot\u00ae &#8211; Noir"},"content":{"rendered":"<p>La Power-Spot\u00ae. Joliment et proprement encastr\u00e9e dans chaque bureau, \u00e0 la maison ou au bureau.<\/p>\n<p>Gr\u00e2ce \u00e0 son design moderne et mince, cette unit\u00e9 d&#8217;\u00e9lectrification est joliment encastr\u00e9e dans chaque bureau et vous avez tous les raccordements les plus courants \u00e0 port\u00e9e de main !<\/p>\n<p>Cette Power-Spot\u00ae est une unit\u00e9 encastr\u00e9e ronde \u00e9quip\u00e9e de 1 x fiche 230V et de 1 x possibilit\u00e9 passe-c\u00e2bles.<\/p>\n<p>Gr\u00e2ce au passe-c\u00e2bles, vous avez \u00e0 tout moment un bureau bien rang\u00e9 et propre et r\u00e9duisez lr risque de rester accroch\u00e9(e) \u00e0 des fils ou de tr\u00e9bucher dessus !<\/p>\n<p>La Power-Spot\u00ae pr\u00e9sente des dimensions d&#8217;encastrement de \u00d860 mm et est \u00e9quip\u00e9e de s\u00e9rie d&#8217;un cordon de raccordement de 1,7 m\u00e8tre avec une fiche standard. Pratique, car cela vous \u00e9vite de devoir commander un autre cordon de raccordement pour pouvoir l&#8217;utiliser. Ainsi, vous pouvez brancher l&#8217;unit\u00e9 directement sur la prise de courant !<\/p>\n<p>Livrable dans la couleur : noir.<\/p>\n","protected":false},"excerpt":{"rendered":"<p>Le Power-Spot\u00ae avec chargeur USB-A ! En faisant l&#8217;acquisition de cette unit\u00e9 d&#8217;\u00e9lectrification encastr\u00e9e, vous ne pouvez pas commettre d&#8217;erreurs ! Cette unit\u00e9 est joliment encastr\u00e9e dans votre poste de travail ou table de conf\u00e9rence et r\u00e9pond \u00e0 tous vos besoins !<\/p>\n","protected":false},"featured_media":15055,"template":"","meta":{"_acf_changed":false},"product_brand":[],"product_cat":[656,566],"product_tag":[],"class_list":{"0":"post-28497","1":"product","2":"type-product","3":"status-publish","4":"has-post-thumbnail","6":"product_cat-electrification-power-spot","7":"product_cat-electrification","8":"pa_ean-code-8719747101810-fr","9":"pa_kleur-noir","11":"first","12":"instock","13":"purchasable","14":"product-type-simple"},"acf":[],"_links":{"self":[{"href":"https:\/\/www.filex.nl\/fr\/wp-json\/wp\/v2\/product\/28497","targetHints":{"allow":["GET"]}}],"collection":[{"href":"https:\/\/www.filex.nl\/fr\/wp-json\/wp\/v2\/product"}],"about":[{"href":"https:\/\/www.filex.nl\/fr\/wp-json\/wp\/v2\/types\/product"}],"wp:featuredmedia":[{"embeddable":true,"href":"https:\/\/www.filex.nl\/fr\/wp-json\/wp\/v2\/media\/15055"}],"wp:attachment":[{"href":"https:\/\/www.filex.nl\/fr\/wp-json\/wp\/v2\/media?parent=28497"}],"wp:term":[{"taxonomy":"product_brand","embeddable":true,"href":"https:\/\/www.filex.nl\/fr\/wp-json\/wp\/v2\/product_brand?post=28497"},{"taxonomy":"product_cat","embeddable":true,"href":"https:\/\/www.filex.nl\/fr\/wp-json\/wp\/v2\/product_cat?post=28497"},{"taxonomy":"product_tag","embeddable":true,"href":"https:\/\/www.filex.nl\/fr\/wp-json\/wp\/v2\/product_tag?post=28497"}],"curies":[{"name":"wp","href":"https:\/\/api.w.org\/{rel}","templated":true}]}}