{"id":30908,"date":"2022-07-29T13:18:42","date_gmt":"2022-07-29T13:18:42","guid":{"rendered":"https:\/\/www.filex.nl\/product\/galaxy-toolbar-120\/"},"modified":"2024-10-18T15:34:46","modified_gmt":"2024-10-18T15:34:46","slug":"toolbar-galaxy-120","status":"publish","type":"product","link":"https:\/\/www.filex.nl\/fr\/produit\/toolbar-galaxy-120\/","title":{"rendered":"Toolbar Galaxy 120"},"content":{"rendered":"<p>La Toolbar Filex Galaxy est la solution de configuration id\u00e9ale pour une utilisation Multi-screen. Am\u00e9nager une salle de contr\u00f4le ou un centre d&#8217;appels ? Ou bien \u00eates-vous un gamer passionn\u00e9 ? Quelle que soit l&#8217;utilisation, vous aimerieez utilisez plus de 2 moniteurs et les monter le plus joliment possible? M\u00eame avec des \u00e9crans clairement superpos\u00e9s ? Notre Toolbar Galaxy peut recevoir de 2 \u00e0 10 \u00e9crans (selon la taille de l&#8217;\u00e9cran), aussi bien sur une que sur deux hauteurs. La Toolbar se place sur les Postes Galaxy (45 cm ou 70 cm) ou sur le mur.<\/p>\n<p>Avec cette Toolbar esth\u00e9tique et de qualit\u00e9, vous disposez d&#8217;une solution unique et professionnelle, tant pour votre propre poste de travail, que pour le poste de travail que vous am\u00e9nagez pour votre client. Cette Toolbar fait partie de la famille de bras de moniteur modulaires et circulaires Filex Galaxy.<\/p>\n<p>La longueur standard de cette Toolbar est de 120 cm. En montant  \u00e0 gauche et \u00e0 droite de la Toolbar(en option) un poteau Filex Galaxy sur une pince de plateau au choix ou d&#8217;un passe-c\u00e2bles, vous pouvez cr\u00e9er toutes les configurations souhait\u00e9es. Gr\u00e2ce \u00e0 la modularit\u00e9 du syst\u00e8me, vous pouvez naturellement continuer \u00e0 augmenter la longueur \u00e0 l&#8217;infini en combinaison avec les poteaux tous les 120 cm.<br \/>\nPour un exemple de configuration de base (avec barre d&#8217;outils de 150 cm), voir \u00e9galement nos num\u00e9ros d&#8217;articles : 810053-S, 810054-S et 810055-S.<\/p>\n<p>En couplant des \u00e9l\u00e9ments de bras \u00e9galement \u00e0 l&#8217;ext\u00e9rieur des poteaux, vous pouvez m\u00eame \u00e9tendre la configuration avec 2 \u00e9crans par c\u00f4t\u00e9  ou cr\u00e9er une configuration cockpit. En optant pour un poste tr\u00e8s haut (70 cm) ou en couplant 2 poteaux (2 x 22 cm, 2 x 45 cm ou 2 x 70 cm) l&#8217;un sur l&#8217;autre, vous pouvez m\u00eame utiliser plusieurs \u00e9crans superpos\u00e9s et cr\u00e9er une configuration Dealingroom. Tout peut \u00eatre compos\u00e9 gr\u00e2ce \u00e0 la pince de plateau au choix et au passe-c\u00e2bles. disponible en fintions  noir, blanc et aluminium.<\/p>\n<p>Cette barre d&#8217;outils peut \u00eatre plac\u00e9e sur un bureau de 140 cm de large.<\/p>\n<p>Cr\u00e9er vous-m\u00eame une configuration ? Utilisez notre configurateur !<br \/>\nVous ne vous en sortez pas vraiment ? Nous nous ferons un plaisir de vous aider !<\/p>\n","protected":false},"excerpt":{"rendered":"<p>La Toolbar Filex Galaxy ! En montant cette Toolbar entre 2 poteaux (45 cm ou 70 cm), vous pouvez litt\u00e9ralement construire tout ce que vous voulez et pour plusieurs \u00e9crans ! La configuration cockpit correcte pour une salle de contr\u00f4le ou un institut de s\u00e9curit\u00e9 ? Ou \u00eates-vous un gamer passionn\u00e9 ? Avec cette Toolbar, cr\u00e9ez les plus belles configurations en utilisant de nombreux \u00e9crans !<\/p>\n","protected":false},"featured_media":56678,"template":"","meta":{"_acf_changed":false},"product_brand":[],"product_cat":[623,651,654,662],"product_tag":[],"class_list":{"0":"post-30908","1":"product","2":"type-product","3":"status-publish","4":"has-post-thumbnail","6":"product_cat-galaxy-onderdelen-fr","7":"product_cat-galaxy-serie-fr","8":"product_cat-galaxy-toolbars-fr","9":"product_cat-toolbars","10":"pa_kleur-argent","11":"pa_kleur-blanc","12":"pa_kleur-noir","14":"first","15":"instock","16":"shipping-taxable","17":"purchasable","18":"product-type-variable","19":"has-default-attributes"},"acf":[],"_links":{"self":[{"href":"https:\/\/www.filex.nl\/fr\/wp-json\/wp\/v2\/product\/30908","targetHints":{"allow":["GET"]}}],"collection":[{"href":"https:\/\/www.filex.nl\/fr\/wp-json\/wp\/v2\/product"}],"about":[{"href":"https:\/\/www.filex.nl\/fr\/wp-json\/wp\/v2\/types\/product"}],"wp:featuredmedia":[{"embeddable":true,"href":"https:\/\/www.filex.nl\/fr\/wp-json\/wp\/v2\/media\/56678"}],"wp:attachment":[{"href":"https:\/\/www.filex.nl\/fr\/wp-json\/wp\/v2\/media?parent=30908"}],"wp:term":[{"taxonomy":"product_brand","embeddable":true,"href":"https:\/\/www.filex.nl\/fr\/wp-json\/wp\/v2\/product_brand?post=30908"},{"taxonomy":"product_cat","embeddable":true,"href":"https:\/\/www.filex.nl\/fr\/wp-json\/wp\/v2\/product_cat?post=30908"},{"taxonomy":"product_tag","embeddable":true,"href":"https:\/\/www.filex.nl\/fr\/wp-json\/wp\/v2\/product_tag?post=30908"}],"curies":[{"name":"wp","href":"https:\/\/api.w.org\/{rel}","templated":true}]}}