{"id":30920,"date":"2022-07-29T14:49:44","date_gmt":"2022-07-29T14:49:44","guid":{"rendered":"https:\/\/www.filex.nl\/product\/universele-qi-smartphone-houder\/"},"modified":"2024-10-18T15:34:40","modified_gmt":"2024-10-18T15:34:40","slug":"support-universel-qi-pour-smartphone","status":"publish","type":"product","link":"https:\/\/www.filex.nl\/fr\/produit\/support-universel-qi-pour-smartphone\/","title":{"rendered":"Support universel QI pour smartphone"},"content":{"rendered":"<p>Le porte-smartphone universel Filex QI pour chaque lieu de travail !<\/p>\n<p>Le chargeur universel QI Filex est un support de t\u00e9l\u00e9phone universel tr\u00e8s pratique, que vous pouvez utiliser sur votre lieu de travail mais aussi par exemple sur votre table de nuit !<\/p>\n<p>Gr\u00e2ce au pied fixe du support QI, vous pouvez facilement le placer n&#8217;importe o\u00f9, il est stable et pr\u00e9sente un petit angle de vue qui vous permet de voir imm\u00e9diatement l&#8217;heure qu&#8217;il est ou les messages que vous avez re\u00e7us entre-temps.<\/p>\n<p>Le support \u00e9tant \u00e9quip\u00e9 de la derni\u00e8re g\u00e9n\u00e9ration de chargeur rapide QI sans fil, votre t\u00e9l\u00e9phone sera toujours correctement charg\u00e9 en peu de temps, sans fil, et vous ne serez plus g\u00ean\u00e9 par des c\u00e2bles g\u00eanants.<\/p>\n<p>Sur le chargeur, il y a une lumi\u00e8re verte qui indique que l&#8217;unit\u00e9 d&#8217;\u00e9lectrification est connect\u00e9e et une lumi\u00e8re bleue qui vous permet de voir facilement que votre Smartphone est en train de se charger.<br \/>\nLe chargeur Filex QI est fourni avec un c\u00e2ble de connexion USB-A de 75 cm.<\/p>\n<p>En bref, avec ce support universel QI pour Smartphone Filex, vous \u00eates assur\u00e9 d&#8217;une position de visibilit\u00e9 optimale sur votre lieu de travail ou \u00e0 tout autre endroit imaginable et vous aurez toujours une batterie pleine.<\/p>\n<p>Sp\u00e9cifications :<\/p>\n<p>Entr\u00e9e : 5V\/2A, 9V\/1.67A. Puissance de sortie : 10W\/15W\/20W\/30W<\/p>\n","protected":false},"excerpt":{"rendered":"<p>Le chargeur universel QI Filex pour votre t\u00e9l\u00e9phone ! Ce support de t\u00e9l\u00e9phone recharge votre smartphone sans fil en un rien de temps. Indispensable sur votre lieu de travail ou m\u00eame sur votre table de chevet !<\/p>\n","protected":false},"featured_media":30705,"template":"","meta":{"_acf_changed":false},"product_brand":[],"product_cat":[566],"product_tag":[],"class_list":{"0":"post-30920","1":"product","2":"type-product","3":"status-publish","4":"has-post-thumbnail","6":"product_cat-electrification","7":"pa_ean-code-8719747107010-fr","8":"pa_kleur-noir","10":"first","11":"instock","12":"shipping-taxable","13":"purchasable","14":"product-type-simple"},"acf":[],"_links":{"self":[{"href":"https:\/\/www.filex.nl\/fr\/wp-json\/wp\/v2\/product\/30920","targetHints":{"allow":["GET"]}}],"collection":[{"href":"https:\/\/www.filex.nl\/fr\/wp-json\/wp\/v2\/product"}],"about":[{"href":"https:\/\/www.filex.nl\/fr\/wp-json\/wp\/v2\/types\/product"}],"wp:featuredmedia":[{"embeddable":true,"href":"https:\/\/www.filex.nl\/fr\/wp-json\/wp\/v2\/media\/30705"}],"wp:attachment":[{"href":"https:\/\/www.filex.nl\/fr\/wp-json\/wp\/v2\/media?parent=30920"}],"wp:term":[{"taxonomy":"product_brand","embeddable":true,"href":"https:\/\/www.filex.nl\/fr\/wp-json\/wp\/v2\/product_brand?post=30920"},{"taxonomy":"product_cat","embeddable":true,"href":"https:\/\/www.filex.nl\/fr\/wp-json\/wp\/v2\/product_cat?post=30920"},{"taxonomy":"product_tag","embeddable":true,"href":"https:\/\/www.filex.nl\/fr\/wp-json\/wp\/v2\/product_tag?post=30920"}],"curies":[{"name":"wp","href":"https:\/\/api.w.org\/{rel}","templated":true}]}}