{"id":30925,"date":"2022-08-02T08:26:44","date_gmt":"2022-08-02T08:26:44","guid":{"rendered":"https:\/\/www.filex.nl\/product\/power-spot-usb-charge-egst\/"},"modified":"2025-04-30T13:22:20","modified_gmt":"2025-04-30T13:22:20","slug":"power-spot-charge-usb-connecteur-enfichable-3-poles","status":"publish","type":"product","link":"https:\/\/www.filex.nl\/fr\/produit\/power-spot-charge-usb-connecteur-enfichable-3-poles\/","title":{"rendered":"Power-Spot\u00ae &#8211; charge USB connecteur enfichable 3 p\u00f4les"},"content":{"rendered":"<p>La Power-Spot\u00ae. Joliment et proprement encastr\u00e9e dans chaque bureau, \u00e0 la maison ou au bureau.<\/p>\n<p>Gr\u00e2ce \u00e0 son design moderne et mince, cette unit\u00e9 d&#8217;\u00e9lectrification est joliment encastr\u00e9e dans chaque bureau et vous avez tous les raccordements les plus courants \u00e0 port\u00e9e de main !<\/p>\n<p>Cette Power-Spot\u00ae est une unit\u00e9 encastr\u00e9e ronde \u00e9quip\u00e9e de 1 x fiche 230V et de 1 x chargeur USB.<\/p>\n<p>La Power-Spot\u00ae pr\u00e9sente des dimensions d&#8217;encastrement de \u00d860 mm et est \u00e9quip\u00e9e de s\u00e9rie d&#8217;un cordon de raccordement de 1,7 m\u00e8tre avec une fiche c<span data-teams=\"true\">onnecteur enfichable 3 p\u00f4les<\/span> standard. Pratique, car il vous permet, par exemple, de le brancher directement sur votre prise multiple !<\/p>\n<p>Livrable dans les couleurs noir et blanc.<\/p>\n","protected":false},"excerpt":{"rendered":"<p>La Power-Spot\u00ae avec chargeur USB-A ! En faisant l&#8217;acquisition de cette unit\u00e9 d&#8217;\u00e9lectrification encastr\u00e9e, vous ne pouvez plus commettre d&#8217;erreurs ! Cette unit\u00e9 est joliment encastr\u00e9e dans votre poste de travail ou table de conf\u00e9rence et r\u00e9pond \u00e0 tous vos besoins !<\/p>\n","protected":false},"featured_media":54803,"template":"","meta":{"_acf_changed":false},"product_brand":[],"product_cat":[656,566],"product_tag":[],"class_list":{"0":"post-30925","1":"product","2":"type-product","3":"status-publish","4":"has-post-thumbnail","6":"product_cat-electrification-power-spot","7":"product_cat-electrification","8":"pa_kleur-blanc","9":"pa_kleur-noir","11":"first","12":"instock","13":"shipping-taxable","14":"purchasable","15":"product-type-variable","16":"has-default-attributes"},"acf":[],"_links":{"self":[{"href":"https:\/\/www.filex.nl\/fr\/wp-json\/wp\/v2\/product\/30925","targetHints":{"allow":["GET"]}}],"collection":[{"href":"https:\/\/www.filex.nl\/fr\/wp-json\/wp\/v2\/product"}],"about":[{"href":"https:\/\/www.filex.nl\/fr\/wp-json\/wp\/v2\/types\/product"}],"wp:featuredmedia":[{"embeddable":true,"href":"https:\/\/www.filex.nl\/fr\/wp-json\/wp\/v2\/media\/54803"}],"wp:attachment":[{"href":"https:\/\/www.filex.nl\/fr\/wp-json\/wp\/v2\/media?parent=30925"}],"wp:term":[{"taxonomy":"product_brand","embeddable":true,"href":"https:\/\/www.filex.nl\/fr\/wp-json\/wp\/v2\/product_brand?post=30925"},{"taxonomy":"product_cat","embeddable":true,"href":"https:\/\/www.filex.nl\/fr\/wp-json\/wp\/v2\/product_cat?post=30925"},{"taxonomy":"product_tag","embeddable":true,"href":"https:\/\/www.filex.nl\/fr\/wp-json\/wp\/v2\/product_tag?post=30925"}],"curies":[{"name":"wp","href":"https:\/\/api.w.org\/{rel}","templated":true}]}}